{"id":486,"date":"2019-02-12T16:22:32","date_gmt":"2019-02-12T16:22:32","guid":{"rendered":"https:\/\/njallaclothing.com\/?post_type=product&#038;p=486"},"modified":"2025-12-12T09:26:16","modified_gmt":"2025-12-12T09:26:16","slug":"ethically-made-snowbed-willow-gironlasta-leggings","status":"publish","type":"product","link":"https:\/\/njallaclothing.com\/fi\/tuote\/ethically-made-snowbed-willow-gironlasta-leggings\/","title":{"rendered":"Vaivaispaju - Gironlasta mustat legginssit"},"content":{"rendered":"<h4>Ethically made extremely comfortable sustainable leggings<\/h4>\n<p>Snowbed willow \u2013 Gironlasta black leggings are ethically made, sustainable, lightweight and silky soft. Therefore, making you feel most comfortable to do yoga, pilates, walking, running, hiking, dancing, chilling or whatever it is where you want to feel comfortable.\u00a0 In addition, these leggings are designed with no irritating seams or stitches with a flattering high waist fit, so that you can concentrate on to what is most important and sets your heart on fire. Above all, the ecological material (recycled P.E.T.) is safe for you and the environment.<\/p>\n<p>All Nj\u00e1lla leggings are designed and approved by yoga professionals.<\/p>\n<h4>Art prints inspired by our Nordic nature<\/h4>\n<p>These ethically produced eco-conscious leggings are a work of unique handmade art inspired by the Nordic nature. Snowbed willow \u2013 leggings unique art print is designed by Nj\u00e1lla and handmade in Finland. The inspiration of this beautiful print is the snowbed willow, <em>gironlasta,<\/em> in samean language. The snowbed willow is tiny but gutsy, with a hint of Finnish \u201csisu\u201d. It survives even in harsh arctic environments and still shines in all colors. These ethically produced eco-conscious leggings are a work of unique handmade art inspired by the Nordic nature.<\/p>\n<p>The art of this beautiful print was custom made for Nj\u00e1lla by a talented artist <a href=\"https:\/\/www.instagram.com\/angelinaluzhina\/\">Angelina Luzhina<\/a> from <a href=\"https:\/\/www.grafilinka.fi\/\">Grafilinka<\/a>. This print is part of Nj\u00e1lla\u00b4s first line, the &#8220;<em>Gabba<\/em>&#8221; -edition. The Gabba, a white reindeer in samean language, will guide the way and give strength as the animal of luck and fortune in the beginning of the story of Nj\u00e1lla.<\/p>\n<h4>T\u00e4ydellinen istuvuus ja vinkit tuotteen pitk\u00e4\u00e4n elinkaareen<\/h4>\n<p>We want to make sure that you get the perfect fit and a long life for the product. Make sure you find the dream fit for you from our <a href=\"https:\/\/njallaclothing.com\/size-guide\/\">size guide.<\/a> In addition find our tips how to make products life cycle long from our <a href=\"https:\/\/njallaclothing.com\/size-guide\/\">care guide<\/a>. So, giving clothes a long life is a way to save the environment.<\/p>\n<h4>Connect with us<\/h4>\n<p>Our goal is to create clothes for more sustainable future. Write the story with us on <a href=\"https:\/\/www.facebook.com\/njallaclothing\/\">Facebook<\/a> and <a href=\"https:\/\/www.instagram.com\/njallaclothing\/\">Instagram<\/a> so we can be connected to all the amazing eco-conscious <a href=\"https:\/\/www.instagram.com\/explore\/tags\/njallagirl\/\"><em>#njallagirl<\/em><\/a> and <a href=\"https:\/\/www.instagram.com\/explore\/tags\/njallagirls\/\"><em>#njallagirls<\/em><\/a> around the world.<\/p>\n<p>&nbsp;<\/p>","protected":false},"excerpt":{"rendered":"<p>Snowbed willow &#8211; Gironlasta black leggings are\u00a0sustainable and comfortable leggings with handmade art inspired by the Nordic nature. They are made to make you feel amazing in every activity and relaxation.<\/p>\n<p>Materiaali: 73 % kierr\u00e4tetty\u00e4 muovia (recycled P.E.T.) \/ spandexia 27 %<\/p>\n<p>The model is 175 cm tall and wearing size S. View our <a href=\"https:\/\/njallaclothing.com\/size-guide\/\" target=\"_blank\" rel=\"noopener noreferrer\">size guide<\/a> for reference.<\/p>\n<p>Both ethical production conditions and ecological materials used in this product are verified with certifications granted by international third parties. Read more of our <a href=\"https:\/\/njallaclothing.com\/responsibility\/\">responsibility<\/a>.<\/p>","protected":false},"featured_media":2482,"template":"","meta":{"_mo_disable_npp":"","_monsterinsights_skip_tracking":false,"_monsterinsights_sitenote_active":false,"_monsterinsights_sitenote_note":"","_monsterinsights_sitenote_category":0,"ocean_post_layout":"","ocean_both_sidebars_style":"","ocean_both_sidebars_content_width":0,"ocean_both_sidebars_sidebars_width":0,"ocean_sidebar":"0","ocean_second_sidebar":"0","ocean_disable_margins":"enable","ocean_add_body_class":"","ocean_shortcode_before_top_bar":"","ocean_shortcode_after_top_bar":"","ocean_shortcode_before_header":"","ocean_shortcode_after_header":"","ocean_has_shortcode":"","ocean_shortcode_after_title":"","ocean_shortcode_before_footer_widgets":"","ocean_shortcode_after_footer_widgets":"","ocean_shortcode_before_footer_bottom":"","ocean_shortcode_after_footer_bottom":"","ocean_display_top_bar":"default","ocean_display_header":"default","ocean_header_style":"","ocean_center_header_left_menu":"0","ocean_custom_header_template":"0","ocean_custom_logo":0,"ocean_custom_retina_logo":0,"ocean_custom_logo_max_width":0,"ocean_custom_logo_tablet_max_width":0,"ocean_custom_logo_mobile_max_width":0,"ocean_custom_logo_max_height":0,"ocean_custom_logo_tablet_max_height":0,"ocean_custom_logo_mobile_max_height":0,"ocean_header_custom_menu":"0","ocean_menu_typo_font_family":"0","ocean_menu_typo_font_subset":"","ocean_menu_typo_font_size":0,"ocean_menu_typo_font_size_tablet":0,"ocean_menu_typo_font_size_mobile":0,"ocean_menu_typo_font_size_unit":"px","ocean_menu_typo_font_weight":"","ocean_menu_typo_font_weight_tablet":"","ocean_menu_typo_font_weight_mobile":"","ocean_menu_typo_transform":"","ocean_menu_typo_transform_tablet":"","ocean_menu_typo_transform_mobile":"","ocean_menu_typo_line_height":0,"ocean_menu_typo_line_height_tablet":0,"ocean_menu_typo_line_height_mobile":0,"ocean_menu_typo_line_height_unit":"","ocean_menu_typo_spacing":0,"ocean_menu_typo_spacing_tablet":0,"ocean_menu_typo_spacing_mobile":0,"ocean_menu_typo_spacing_unit":"","ocean_menu_link_color":"","ocean_menu_link_color_hover":"","ocean_menu_link_color_active":"","ocean_menu_link_background":"","ocean_menu_link_hover_background":"","ocean_menu_link_active_background":"","ocean_menu_social_links_bg":"","ocean_menu_social_hover_links_bg":"","ocean_menu_social_links_color":"","ocean_menu_social_hover_links_color":"","ocean_disable_title":"default","ocean_disable_heading":"default","ocean_post_title":"","ocean_post_subheading":"","ocean_post_title_style":"","ocean_post_title_background_color":"","ocean_post_title_background":0,"ocean_post_title_bg_image_position":"","ocean_post_title_bg_image_attachment":"","ocean_post_title_bg_image_repeat":"","ocean_post_title_bg_image_size":"","ocean_post_title_height":0,"ocean_post_title_bg_overlay":0.5,"ocean_post_title_bg_overlay_color":"","ocean_disable_breadcrumbs":"default","ocean_breadcrumbs_color":"","ocean_breadcrumbs_separator_color":"","ocean_breadcrumbs_links_color":"","ocean_breadcrumbs_links_hover_color":"","ocean_display_footer_widgets":"default","ocean_display_footer_bottom":"default","ocean_custom_footer_template":"0","jetpack_post_was_ever_published":false},"product_brand":[],"product_cat":[19,17],"product_tag":[31],"class_list":{"0":"post-486","1":"product","2":"type-product","3":"status-publish","4":"has-post-thumbnail","6":"product_cat-bottoms","7":"product_cat-uncategorized","8":"product_tag-snowbed-willow-gironlasta-black","9":"product_shipping_class-post-package","11":"entry","12":"has-media","14":"first","15":"instock","16":"taxable","17":"shipping-taxable","18":"purchasable","19":"product-type-variable","20":"has-rating","21":"col","22":"span_1_of_3","23":"owp-content-center","24":"owp-thumbs-layout-horizontal","25":"owp-btn-normal","26":"owp-tabs-layout-horizontal"},"yoast_head":"<!-- This site is optimized with the Yoast SEO plugin v27.4 - https:\/\/yoast.com\/product\/yoast-seo-wordpress\/ -->\n<title>Ethical &amp; sustainable Snowbed willow - Gironlasta black leggings - NJ\u00c1LLA<\/title>\n<meta name=\"description\" content=\"NJ\u00c1LLA - Transforming plastic waste into ethically made sustainable leggings with art inspired by the Nordic nature from Finland. Shop now!\" \/>\n<meta name=\"robots\" content=\"index, follow, max-snippet:-1, max-image-preview:large, max-video-preview:-1\" \/>\n<link rel=\"canonical\" href=\"https:\/\/njallaclothing.com\/fi\/tuote\/ethically-made-snowbed-willow-gironlasta-leggings\/\" \/>\n<meta property=\"og:locale\" content=\"fi_FI\" \/>\n<meta property=\"og:type\" content=\"article\" \/>\n<meta property=\"og:title\" content=\"Ethical &amp; sustainable Snowbed willow - Gironlasta black leggings - NJ\u00c1LLA\" \/>\n<meta property=\"og:description\" content=\"NJ\u00c1LLA - Transforming plastic waste into ethically made sustainable leggings with art inspired by the Nordic nature from Finland. Shop now!\" \/>\n<meta property=\"og:url\" content=\"https:\/\/njallaclothing.com\/fi\/tuote\/ethically-made-snowbed-willow-gironlasta-leggings\/\" \/>\n<meta property=\"og:site_name\" content=\"NJ\u00c1LLA\" \/>\n<meta property=\"article:publisher\" content=\"https:\/\/www.facebook.com\/njallaclothing\/\" \/>\n<meta property=\"article:modified_time\" content=\"2025-12-12T09:26:16+00:00\" \/>\n<meta property=\"og:image\" content=\"https:\/\/njallaclothing.com\/wp-content\/uploads\/2019\/02\/IMG_4676-scaled.jpg\" \/>\n\t<meta property=\"og:image:width\" content=\"1555\" \/>\n\t<meta property=\"og:image:height\" content=\"2560\" \/>\n\t<meta property=\"og:image:type\" content=\"image\/jpeg\" \/>\n<meta name=\"twitter:label1\" content=\"Arvioitu lukuaika\" \/>\n\t<meta name=\"twitter:data1\" content=\"2 minuuttia\" \/>\n<script type=\"application\/ld+json\" class=\"yoast-schema-graph\">{\"@context\":\"https:\\\/\\\/schema.org\",\"@graph\":[{\"@type\":\"WebPage\",\"@id\":\"https:\\\/\\\/njallaclothing.com\\\/product\\\/ethically-made-snowbed-willow-gironlasta-leggings\\\/\",\"url\":\"https:\\\/\\\/njallaclothing.com\\\/product\\\/ethically-made-snowbed-willow-gironlasta-leggings\\\/\",\"name\":\"Ethical & sustainable Snowbed willow - Gironlasta black leggings - NJ\u00c1LLA\",\"isPartOf\":{\"@id\":\"https:\\\/\\\/njallaclothing.com\\\/#website\"},\"primaryImageOfPage\":{\"@id\":\"https:\\\/\\\/njallaclothing.com\\\/product\\\/ethically-made-snowbed-willow-gironlasta-leggings\\\/#primaryimage\"},\"image\":{\"@id\":\"https:\\\/\\\/njallaclothing.com\\\/product\\\/ethically-made-snowbed-willow-gironlasta-leggings\\\/#primaryimage\"},\"thumbnailUrl\":\"https:\\\/\\\/njallaclothing.com\\\/wp-content\\\/uploads\\\/2019\\\/02\\\/IMG_4676-scaled.jpg\",\"datePublished\":\"2019-02-12T16:22:32+00:00\",\"dateModified\":\"2025-12-12T09:26:16+00:00\",\"description\":\"NJ\u00c1LLA - Transforming plastic waste into ethically made sustainable leggings with art inspired by the Nordic nature from Finland. Shop now!\",\"breadcrumb\":{\"@id\":\"https:\\\/\\\/njallaclothing.com\\\/product\\\/ethically-made-snowbed-willow-gironlasta-leggings\\\/#breadcrumb\"},\"inLanguage\":\"fi\",\"potentialAction\":[{\"@type\":\"ReadAction\",\"target\":[\"https:\\\/\\\/njallaclothing.com\\\/product\\\/ethically-made-snowbed-willow-gironlasta-leggings\\\/\"]}]},{\"@type\":\"ImageObject\",\"inLanguage\":\"fi\",\"@id\":\"https:\\\/\\\/njallaclothing.com\\\/product\\\/ethically-made-snowbed-willow-gironlasta-leggings\\\/#primaryimage\",\"url\":\"https:\\\/\\\/njallaclothing.com\\\/wp-content\\\/uploads\\\/2019\\\/02\\\/IMG_4676-scaled.jpg\",\"contentUrl\":\"https:\\\/\\\/njallaclothing.com\\\/wp-content\\\/uploads\\\/2019\\\/02\\\/IMG_4676-scaled.jpg\",\"width\":1555,\"height\":2560,\"caption\":\"Ethically made sustainable leggings with snowbed willow art from Finland.\"},{\"@type\":\"BreadcrumbList\",\"@id\":\"https:\\\/\\\/njallaclothing.com\\\/product\\\/ethically-made-snowbed-willow-gironlasta-leggings\\\/#breadcrumb\",\"itemListElement\":[{\"@type\":\"ListItem\",\"position\":1,\"name\":\"Home\",\"item\":\"https:\\\/\\\/njallaclothing.com\\\/\"},{\"@type\":\"ListItem\",\"position\":2,\"name\":\"Products\",\"item\":\"https:\\\/\\\/njallaclothing.com\\\/shop\\\/\"},{\"@type\":\"ListItem\",\"position\":3,\"name\":\"Snowbed willow &#8211; Gironlasta black leggings\"}]},{\"@type\":\"WebSite\",\"@id\":\"https:\\\/\\\/njallaclothing.com\\\/#website\",\"url\":\"https:\\\/\\\/njallaclothing.com\\\/\",\"name\":\"NJ\u00c1LLA\",\"description\":\"Sustainable yoga clothes from Finland with handmade art\",\"publisher\":{\"@id\":\"https:\\\/\\\/njallaclothing.com\\\/#organization\"},\"potentialAction\":[{\"@type\":\"SearchAction\",\"target\":{\"@type\":\"EntryPoint\",\"urlTemplate\":\"https:\\\/\\\/njallaclothing.com\\\/?s={search_term_string}\"},\"query-input\":{\"@type\":\"PropertyValueSpecification\",\"valueRequired\":true,\"valueName\":\"search_term_string\"}}],\"inLanguage\":\"fi\"},{\"@type\":\"Organization\",\"@id\":\"https:\\\/\\\/njallaclothing.com\\\/#organization\",\"name\":\"Nj\u00e1lla Clothing Oy\",\"url\":\"https:\\\/\\\/njallaclothing.com\\\/\",\"logo\":{\"@type\":\"ImageObject\",\"inLanguage\":\"fi\",\"@id\":\"https:\\\/\\\/njallaclothing.com\\\/#\\\/schema\\\/logo\\\/image\\\/\",\"url\":\"https:\\\/\\\/njallaclothing.com\\\/wp-content\\\/uploads\\\/2018\\\/09\\\/4-va\u0308rillinen-perusversio.png\",\"contentUrl\":\"https:\\\/\\\/njallaclothing.com\\\/wp-content\\\/uploads\\\/2018\\\/09\\\/4-va\u0308rillinen-perusversio.png\",\"width\":2451,\"height\":798,\"caption\":\"Nj\u00e1lla Clothing Oy\"},\"image\":{\"@id\":\"https:\\\/\\\/njallaclothing.com\\\/#\\\/schema\\\/logo\\\/image\\\/\"},\"sameAs\":[\"https:\\\/\\\/www.facebook.com\\\/njallaclothing\\\/\",\"https:\\\/\\\/www.instagram.com\\\/njallaclothing\\\/\"]}]}<\/script>\n<!-- \/ Yoast SEO plugin. -->","yoast_head_json":{"title":"Ethical & sustainable Snowbed willow - Gironlasta black leggings - NJ\u00c1LLA","description":"NJ\u00c1LLA - Transforming plastic waste into ethically made sustainable leggings with art inspired by the Nordic nature from Finland. Shop now!","robots":{"index":"index","follow":"follow","max-snippet":"max-snippet:-1","max-image-preview":"max-image-preview:large","max-video-preview":"max-video-preview:-1"},"canonical":"https:\/\/njallaclothing.com\/fi\/tuote\/ethically-made-snowbed-willow-gironlasta-leggings\/","og_locale":"fi_FI","og_type":"article","og_title":"Ethical & sustainable Snowbed willow - Gironlasta black leggings - NJ\u00c1LLA","og_description":"NJ\u00c1LLA - Transforming plastic waste into ethically made sustainable leggings with art inspired by the Nordic nature from Finland. Shop now!","og_url":"https:\/\/njallaclothing.com\/fi\/tuote\/ethically-made-snowbed-willow-gironlasta-leggings\/","og_site_name":"NJ\u00c1LLA","article_publisher":"https:\/\/www.facebook.com\/njallaclothing\/","article_modified_time":"2025-12-12T09:26:16+00:00","og_image":[{"width":1555,"height":2560,"url":"https:\/\/njallaclothing.com\/wp-content\/uploads\/2019\/02\/IMG_4676-scaled.jpg","type":"image\/jpeg"}],"twitter_misc":{"Arvioitu lukuaika":"2 minuuttia"},"schema":{"@context":"https:\/\/schema.org","@graph":[{"@type":"WebPage","@id":"https:\/\/njallaclothing.com\/product\/ethically-made-snowbed-willow-gironlasta-leggings\/","url":"https:\/\/njallaclothing.com\/product\/ethically-made-snowbed-willow-gironlasta-leggings\/","name":"Ethical & sustainable Snowbed willow - Gironlasta black leggings - NJ\u00c1LLA","isPartOf":{"@id":"https:\/\/njallaclothing.com\/#website"},"primaryImageOfPage":{"@id":"https:\/\/njallaclothing.com\/product\/ethically-made-snowbed-willow-gironlasta-leggings\/#primaryimage"},"image":{"@id":"https:\/\/njallaclothing.com\/product\/ethically-made-snowbed-willow-gironlasta-leggings\/#primaryimage"},"thumbnailUrl":"https:\/\/njallaclothing.com\/wp-content\/uploads\/2019\/02\/IMG_4676-scaled.jpg","datePublished":"2019-02-12T16:22:32+00:00","dateModified":"2025-12-12T09:26:16+00:00","description":"NJ\u00c1LLA - Transforming plastic waste into ethically made sustainable leggings with art inspired by the Nordic nature from Finland. Shop now!","breadcrumb":{"@id":"https:\/\/njallaclothing.com\/product\/ethically-made-snowbed-willow-gironlasta-leggings\/#breadcrumb"},"inLanguage":"fi","potentialAction":[{"@type":"ReadAction","target":["https:\/\/njallaclothing.com\/product\/ethically-made-snowbed-willow-gironlasta-leggings\/"]}]},{"@type":"ImageObject","inLanguage":"fi","@id":"https:\/\/njallaclothing.com\/product\/ethically-made-snowbed-willow-gironlasta-leggings\/#primaryimage","url":"https:\/\/njallaclothing.com\/wp-content\/uploads\/2019\/02\/IMG_4676-scaled.jpg","contentUrl":"https:\/\/njallaclothing.com\/wp-content\/uploads\/2019\/02\/IMG_4676-scaled.jpg","width":1555,"height":2560,"caption":"Ethically made sustainable leggings with snowbed willow art from Finland."},{"@type":"BreadcrumbList","@id":"https:\/\/njallaclothing.com\/product\/ethically-made-snowbed-willow-gironlasta-leggings\/#breadcrumb","itemListElement":[{"@type":"ListItem","position":1,"name":"Home","item":"https:\/\/njallaclothing.com\/"},{"@type":"ListItem","position":2,"name":"Products","item":"https:\/\/njallaclothing.com\/shop\/"},{"@type":"ListItem","position":3,"name":"Snowbed willow &#8211; Gironlasta black leggings"}]},{"@type":"WebSite","@id":"https:\/\/njallaclothing.com\/#website","url":"https:\/\/njallaclothing.com\/","name":"NJ\u00c1LLA","description":"Sustainable yoga clothes from Finland with handmade art","publisher":{"@id":"https:\/\/njallaclothing.com\/#organization"},"potentialAction":[{"@type":"SearchAction","target":{"@type":"EntryPoint","urlTemplate":"https:\/\/njallaclothing.com\/?s={search_term_string}"},"query-input":{"@type":"PropertyValueSpecification","valueRequired":true,"valueName":"search_term_string"}}],"inLanguage":"fi"},{"@type":"Organization","@id":"https:\/\/njallaclothing.com\/#organization","name":"Nj\u00e1lla Clothing Oy","url":"https:\/\/njallaclothing.com\/","logo":{"@type":"ImageObject","inLanguage":"fi","@id":"https:\/\/njallaclothing.com\/#\/schema\/logo\/image\/","url":"https:\/\/njallaclothing.com\/wp-content\/uploads\/2018\/09\/4-va\u0308rillinen-perusversio.png","contentUrl":"https:\/\/njallaclothing.com\/wp-content\/uploads\/2018\/09\/4-va\u0308rillinen-perusversio.png","width":2451,"height":798,"caption":"Nj\u00e1lla Clothing Oy"},"image":{"@id":"https:\/\/njallaclothing.com\/#\/schema\/logo\/image\/"},"sameAs":["https:\/\/www.facebook.com\/njallaclothing\/","https:\/\/www.instagram.com\/njallaclothing\/"]}]}},"jetpack_sharing_enabled":true,"_links":{"self":[{"href":"https:\/\/njallaclothing.com\/fi\/wp-json\/wp\/v2\/product\/486","targetHints":{"allow":["GET"]}}],"collection":[{"href":"https:\/\/njallaclothing.com\/fi\/wp-json\/wp\/v2\/product"}],"about":[{"href":"https:\/\/njallaclothing.com\/fi\/wp-json\/wp\/v2\/types\/product"}],"version-history":[{"count":7,"href":"https:\/\/njallaclothing.com\/fi\/wp-json\/wp\/v2\/product\/486\/revisions"}],"predecessor-version":[{"id":494,"href":"https:\/\/njallaclothing.com\/fi\/wp-json\/wp\/v2\/product\/486\/revisions\/494"}],"wp:featuredmedia":[{"embeddable":true,"href":"https:\/\/njallaclothing.com\/fi\/wp-json\/wp\/v2\/media\/2482"}],"wp:attachment":[{"href":"https:\/\/njallaclothing.com\/fi\/wp-json\/wp\/v2\/media?parent=486"}],"wp:term":[{"taxonomy":"product_brand","embeddable":true,"href":"https:\/\/njallaclothing.com\/fi\/wp-json\/wp\/v2\/product_brand?post=486"},{"taxonomy":"product_cat","embeddable":true,"href":"https:\/\/njallaclothing.com\/fi\/wp-json\/wp\/v2\/product_cat?post=486"},{"taxonomy":"product_tag","embeddable":true,"href":"https:\/\/njallaclothing.com\/fi\/wp-json\/wp\/v2\/product_tag?post=486"}],"curies":[{"name":"wp","href":"https:\/\/api.w.org\/{rel}","templated":true}]}}