{"id":2906,"date":"2021-05-08T05:13:37","date_gmt":"2021-05-08T05:13:37","guid":{"rendered":"https:\/\/njallaclothing.com\/?post_type=product&#038;p=2906"},"modified":"2026-03-23T21:24:09","modified_gmt":"2026-03-23T21:24:09","slug":"new-polar-night-skabma-top","status":"publish","type":"product","link":"https:\/\/njallaclothing.com\/fi\/tuote\/new-polar-night-skabma-top\/","title":{"rendered":"NEW! Polar night &#8211; Sk\u00e1bma bra top"},"content":{"rendered":"<h4>Ethically made sustainable top<\/h4>\n<p>Polar night \u2013 Sk\u00e1bma bra tops are responsible made of recycled polyester. Polar night tops are lightweight supporting from the right spots and silky soft making you feel most comfortable to do yoga, walking, running, hiking, dancing or chilling or whatever it is where you want to feel comfortable. These tops are designed with no irritating seams or stitches or labels so that you can concentrate to what\u00b4s most important.<\/p>\n<p>Polar night \u2013 Sk\u00e1bma tops are made of ecological material. The material used in these tops is recycled polyester. Our goal is to create clothes for more sustainable future.<\/p>\n<p>All Nj\u00e1lla products are designed and approved by yoga- and sport professionals.<\/p>\n<h4>Inspired by the polar night<\/h4>\n<p>Polar night \u2013 <em>Sk\u00e1bma<\/em>, in samean language, bra tops are inspired by the the endless darkness of the polar night.<\/p>\n<p><em>&#8220;As the sun sets down for the last time and calmness of the long cold night takes over, you can sense the outskirts of magic.<\/em><br \/>\n<em>You might hear how a modest jouigan travels through snow blankets and the valley\u2019s of the arctic mountains. Or you can feel the energy as the northern lights start their dance on a starry sky.<\/em><br \/>\n<em>And before the night is over, within this eternal darkness, you have an opportunity to explore how extraordinary the spirit of the nature is in You.&#8221; <\/em><\/p>\n<p><em>&#8211; Nj\u00e1llagirl from Finland<\/em><\/p>\n<h4>T\u00e4ydellinen istuvuus ja vinkit tuotteen pitk\u00e4\u00e4n elinkaareen<\/h4>\n<p>Our goal is that these ethically produced eco-conscious tops have a long life cycle. Make sure you find the dream fit for you from our <a href=\"https:\/\/njallaclothing.com\/size-guide\/\">size guide.<\/a> In addition find our tips how to make products life cycle long from our <a href=\"https:\/\/njallaclothing.com\/size-guide\/\">care guide<\/a>.<\/p>\n<h4>Connect with us<\/h4>\n<p>Our goal is to create clothes for more sustainable future. Write the story with us on <a href=\"https:\/\/www.facebook.com\/njallaclothing\/\">Facebook<\/a> and <a href=\"https:\/\/www.instagram.com\/njallaclothing\/\">Instagram<\/a> so we can be connected to all the amazing eco-conscious <a href=\"https:\/\/www.instagram.com\/explore\/tags\/njallagirl\/\"><em>#njallagirl<\/em><\/a> and <a href=\"https:\/\/www.instagram.com\/explore\/tags\/njallagirls\/\"><em>#njallagirls<\/em><\/a> around the world.<\/p>\n<p>&nbsp;<\/p>","protected":false},"excerpt":{"rendered":"<p>NEW! Polar night &#8211; Sk\u00e1bma bra tops are made of recycled polyester and come with comfortable cutting and removable pads. They are made to make you feel amazing in every activity and relaxation. This top fits perfectly with our <a href=\"https:\/\/njallaclothing.com\/product\/organic-yoga-top\/\">Yin<\/a> and <a href=\"https:\/\/njallaclothing.com\/product\/new-organic-yang-top\/\">Yang<\/a> tops.<\/p>\n<p>Material: 73 % recycled polyester \/ spandex 27%.<\/p>\n<p>Both ethical production conditions and ecological materials used in this product are verified with certifications granted by international third parties. Read more of our <a href=\"https:\/\/njallaclothing.com\/responsibility\/\">responsibility<\/a>.<\/p>","protected":false},"featured_media":3009,"template":"","meta":{"_mo_disable_npp":"","_monsterinsights_skip_tracking":false,"_monsterinsights_sitenote_active":false,"_monsterinsights_sitenote_note":"","_monsterinsights_sitenote_category":0,"ocean_post_layout":"","ocean_both_sidebars_style":"","ocean_both_sidebars_content_width":0,"ocean_both_sidebars_sidebars_width":0,"ocean_sidebar":"0","ocean_second_sidebar":"0","ocean_disable_margins":"enable","ocean_add_body_class":"","ocean_shortcode_before_top_bar":"","ocean_shortcode_after_top_bar":"","ocean_shortcode_before_header":"","ocean_shortcode_after_header":"","ocean_has_shortcode":"","ocean_shortcode_after_title":"","ocean_shortcode_before_footer_widgets":"","ocean_shortcode_after_footer_widgets":"","ocean_shortcode_before_footer_bottom":"","ocean_shortcode_after_footer_bottom":"","ocean_display_top_bar":"default","ocean_display_header":"default","ocean_header_style":"","ocean_center_header_left_menu":"0","ocean_custom_header_template":"0","ocean_custom_logo":0,"ocean_custom_retina_logo":0,"ocean_custom_logo_max_width":0,"ocean_custom_logo_tablet_max_width":0,"ocean_custom_logo_mobile_max_width":0,"ocean_custom_logo_max_height":0,"ocean_custom_logo_tablet_max_height":0,"ocean_custom_logo_mobile_max_height":0,"ocean_header_custom_menu":"0","ocean_menu_typo_font_family":"0","ocean_menu_typo_font_subset":"","ocean_menu_typo_font_size":0,"ocean_menu_typo_font_size_tablet":0,"ocean_menu_typo_font_size_mobile":0,"ocean_menu_typo_font_size_unit":"px","ocean_menu_typo_font_weight":"","ocean_menu_typo_font_weight_tablet":"","ocean_menu_typo_font_weight_mobile":"","ocean_menu_typo_transform":"","ocean_menu_typo_transform_tablet":"","ocean_menu_typo_transform_mobile":"","ocean_menu_typo_line_height":0,"ocean_menu_typo_line_height_tablet":0,"ocean_menu_typo_line_height_mobile":0,"ocean_menu_typo_line_height_unit":"","ocean_menu_typo_spacing":0,"ocean_menu_typo_spacing_tablet":0,"ocean_menu_typo_spacing_mobile":0,"ocean_menu_typo_spacing_unit":"","ocean_menu_link_color":"","ocean_menu_link_color_hover":"","ocean_menu_link_color_active":"","ocean_menu_link_background":"","ocean_menu_link_hover_background":"","ocean_menu_link_active_background":"","ocean_menu_social_links_bg":"","ocean_menu_social_hover_links_bg":"","ocean_menu_social_links_color":"","ocean_menu_social_hover_links_color":"","ocean_disable_title":"default","ocean_disable_heading":"default","ocean_post_title":"","ocean_post_subheading":"","ocean_post_title_style":"","ocean_post_title_background_color":"","ocean_post_title_background":0,"ocean_post_title_bg_image_position":"","ocean_post_title_bg_image_attachment":"","ocean_post_title_bg_image_repeat":"","ocean_post_title_bg_image_size":"","ocean_post_title_height":0,"ocean_post_title_bg_overlay":0.5,"ocean_post_title_bg_overlay_color":"","ocean_disable_breadcrumbs":"default","ocean_breadcrumbs_color":"","ocean_breadcrumbs_separator_color":"","ocean_breadcrumbs_links_color":"","ocean_breadcrumbs_links_hover_color":"","ocean_display_footer_widgets":"default","ocean_display_footer_bottom":"default","ocean_custom_footer_template":"0","jetpack_post_was_ever_published":false},"product_brand":[],"product_cat":[18,17],"product_tag":[25],"class_list":{"0":"post-2906","1":"product","2":"type-product","3":"status-publish","4":"has-post-thumbnail","6":"product_cat-tops","7":"product_cat-uncategorized","8":"product_tag-polar-night-skabma","9":"product_shipping_class-post-package","11":"entry","12":"has-media","14":"first","15":"instock","16":"taxable","17":"shipping-taxable","18":"purchasable","19":"product-type-variable","20":"col","21":"span_1_of_3","22":"owp-content-center","23":"owp-thumbs-layout-horizontal","24":"owp-btn-normal","25":"owp-tabs-layout-horizontal"},"yoast_head":"<!-- This site is optimized with the Yoast SEO plugin v27.4 - https:\/\/yoast.com\/product\/yoast-seo-wordpress\/ -->\n<title>Sustainable NEW! Polar night - Sk\u00e1bma bra top with removable pads - NJ\u00c1LLA<\/title>\n<meta name=\"description\" content=\"NJ\u00c1LLA - Ethically made sustainable bra tops made of recycled material with removable pads from responsible brand from Finland. Shop now!\" \/>\n<meta name=\"robots\" content=\"index, follow, max-snippet:-1, max-image-preview:large, max-video-preview:-1\" \/>\n<link rel=\"canonical\" href=\"https:\/\/njallaclothing.com\/fi\/tuote\/new-polar-night-skabma-top\/\" \/>\n<meta property=\"og:locale\" content=\"fi_FI\" \/>\n<meta property=\"og:type\" content=\"article\" \/>\n<meta property=\"og:title\" content=\"Sustainable NEW! Polar night - Sk\u00e1bma bra top with removable pads - NJ\u00c1LLA\" \/>\n<meta property=\"og:description\" content=\"NJ\u00c1LLA - Ethically made sustainable bra tops made of recycled material with removable pads from responsible brand from Finland. Shop now!\" \/>\n<meta property=\"og:url\" content=\"https:\/\/njallaclothing.com\/fi\/tuote\/new-polar-night-skabma-top\/\" \/>\n<meta property=\"og:site_name\" content=\"NJ\u00c1LLA\" \/>\n<meta property=\"article:publisher\" content=\"https:\/\/www.facebook.com\/njallaclothing\/\" \/>\n<meta property=\"article:modified_time\" content=\"2026-03-23T21:24:09+00:00\" \/>\n<meta property=\"og:image\" content=\"https:\/\/njallaclothing.com\/wp-content\/uploads\/2021\/05\/IMG_9700.jpg\" \/>\n\t<meta property=\"og:image:width\" content=\"1243\" \/>\n\t<meta property=\"og:image:height\" content=\"1864\" \/>\n\t<meta property=\"og:image:type\" content=\"image\/jpeg\" \/>\n<meta name=\"twitter:label1\" content=\"Arvioitu lukuaika\" \/>\n\t<meta name=\"twitter:data1\" content=\"2 minuuttia\" \/>\n<script type=\"application\/ld+json\" class=\"yoast-schema-graph\">{\"@context\":\"https:\\\/\\\/schema.org\",\"@graph\":[{\"@type\":\"WebPage\",\"@id\":\"https:\\\/\\\/njallaclothing.com\\\/product\\\/new-polar-night-skabma-top\\\/\",\"url\":\"https:\\\/\\\/njallaclothing.com\\\/product\\\/new-polar-night-skabma-top\\\/\",\"name\":\"Sustainable NEW! Polar night - Sk\u00e1bma bra top with removable pads - NJ\u00c1LLA\",\"isPartOf\":{\"@id\":\"https:\\\/\\\/njallaclothing.com\\\/#website\"},\"primaryImageOfPage\":{\"@id\":\"https:\\\/\\\/njallaclothing.com\\\/product\\\/new-polar-night-skabma-top\\\/#primaryimage\"},\"image\":{\"@id\":\"https:\\\/\\\/njallaclothing.com\\\/product\\\/new-polar-night-skabma-top\\\/#primaryimage\"},\"thumbnailUrl\":\"https:\\\/\\\/njallaclothing.com\\\/wp-content\\\/uploads\\\/2021\\\/05\\\/IMG_9700.jpg\",\"datePublished\":\"2021-05-08T05:13:37+00:00\",\"dateModified\":\"2026-03-23T21:24:09+00:00\",\"description\":\"NJ\u00c1LLA - Ethically made sustainable bra tops made of recycled material with removable pads from responsible brand from Finland. Shop now!\",\"breadcrumb\":{\"@id\":\"https:\\\/\\\/njallaclothing.com\\\/product\\\/new-polar-night-skabma-top\\\/#breadcrumb\"},\"inLanguage\":\"fi\",\"potentialAction\":[{\"@type\":\"ReadAction\",\"target\":[\"https:\\\/\\\/njallaclothing.com\\\/product\\\/new-polar-night-skabma-top\\\/\"]}]},{\"@type\":\"ImageObject\",\"inLanguage\":\"fi\",\"@id\":\"https:\\\/\\\/njallaclothing.com\\\/product\\\/new-polar-night-skabma-top\\\/#primaryimage\",\"url\":\"https:\\\/\\\/njallaclothing.com\\\/wp-content\\\/uploads\\\/2021\\\/05\\\/IMG_9700.jpg\",\"contentUrl\":\"https:\\\/\\\/njallaclothing.com\\\/wp-content\\\/uploads\\\/2021\\\/05\\\/IMG_9700.jpg\",\"width\":1243,\"height\":1864,\"caption\":\"polar night bra top with removable paddings made of recycled waste\"},{\"@type\":\"BreadcrumbList\",\"@id\":\"https:\\\/\\\/njallaclothing.com\\\/product\\\/new-polar-night-skabma-top\\\/#breadcrumb\",\"itemListElement\":[{\"@type\":\"ListItem\",\"position\":1,\"name\":\"Home\",\"item\":\"https:\\\/\\\/njallaclothing.com\\\/\"},{\"@type\":\"ListItem\",\"position\":2,\"name\":\"Products\",\"item\":\"https:\\\/\\\/njallaclothing.com\\\/shop\\\/\"},{\"@type\":\"ListItem\",\"position\":3,\"name\":\"NEW! Polar night &#8211; Sk\u00e1bma bra top\"}]},{\"@type\":\"WebSite\",\"@id\":\"https:\\\/\\\/njallaclothing.com\\\/#website\",\"url\":\"https:\\\/\\\/njallaclothing.com\\\/\",\"name\":\"NJ\u00c1LLA\",\"description\":\"Sustainable yoga clothes from Finland with handmade art\",\"publisher\":{\"@id\":\"https:\\\/\\\/njallaclothing.com\\\/#organization\"},\"potentialAction\":[{\"@type\":\"SearchAction\",\"target\":{\"@type\":\"EntryPoint\",\"urlTemplate\":\"https:\\\/\\\/njallaclothing.com\\\/?s={search_term_string}\"},\"query-input\":{\"@type\":\"PropertyValueSpecification\",\"valueRequired\":true,\"valueName\":\"search_term_string\"}}],\"inLanguage\":\"fi\"},{\"@type\":\"Organization\",\"@id\":\"https:\\\/\\\/njallaclothing.com\\\/#organization\",\"name\":\"Nj\u00e1lla Clothing Oy\",\"url\":\"https:\\\/\\\/njallaclothing.com\\\/\",\"logo\":{\"@type\":\"ImageObject\",\"inLanguage\":\"fi\",\"@id\":\"https:\\\/\\\/njallaclothing.com\\\/#\\\/schema\\\/logo\\\/image\\\/\",\"url\":\"https:\\\/\\\/njallaclothing.com\\\/wp-content\\\/uploads\\\/2018\\\/09\\\/4-va\u0308rillinen-perusversio.png\",\"contentUrl\":\"https:\\\/\\\/njallaclothing.com\\\/wp-content\\\/uploads\\\/2018\\\/09\\\/4-va\u0308rillinen-perusversio.png\",\"width\":2451,\"height\":798,\"caption\":\"Nj\u00e1lla Clothing Oy\"},\"image\":{\"@id\":\"https:\\\/\\\/njallaclothing.com\\\/#\\\/schema\\\/logo\\\/image\\\/\"},\"sameAs\":[\"https:\\\/\\\/www.facebook.com\\\/njallaclothing\\\/\",\"https:\\\/\\\/www.instagram.com\\\/njallaclothing\\\/\"]}]}<\/script>\n<!-- \/ Yoast SEO plugin. -->","yoast_head_json":{"title":"Sustainable NEW! Polar night - Sk\u00e1bma bra top with removable pads - NJ\u00c1LLA","description":"NJ\u00c1LLA - Ethically made sustainable bra tops made of recycled material with removable pads from responsible brand from Finland. Shop now!","robots":{"index":"index","follow":"follow","max-snippet":"max-snippet:-1","max-image-preview":"max-image-preview:large","max-video-preview":"max-video-preview:-1"},"canonical":"https:\/\/njallaclothing.com\/fi\/tuote\/new-polar-night-skabma-top\/","og_locale":"fi_FI","og_type":"article","og_title":"Sustainable NEW! Polar night - Sk\u00e1bma bra top with removable pads - NJ\u00c1LLA","og_description":"NJ\u00c1LLA - Ethically made sustainable bra tops made of recycled material with removable pads from responsible brand from Finland. Shop now!","og_url":"https:\/\/njallaclothing.com\/fi\/tuote\/new-polar-night-skabma-top\/","og_site_name":"NJ\u00c1LLA","article_publisher":"https:\/\/www.facebook.com\/njallaclothing\/","article_modified_time":"2026-03-23T21:24:09+00:00","og_image":[{"width":1243,"height":1864,"url":"https:\/\/njallaclothing.com\/wp-content\/uploads\/2021\/05\/IMG_9700.jpg","type":"image\/jpeg"}],"twitter_misc":{"Arvioitu lukuaika":"2 minuuttia"},"schema":{"@context":"https:\/\/schema.org","@graph":[{"@type":"WebPage","@id":"https:\/\/njallaclothing.com\/product\/new-polar-night-skabma-top\/","url":"https:\/\/njallaclothing.com\/product\/new-polar-night-skabma-top\/","name":"Sustainable NEW! Polar night - Sk\u00e1bma bra top with removable pads - NJ\u00c1LLA","isPartOf":{"@id":"https:\/\/njallaclothing.com\/#website"},"primaryImageOfPage":{"@id":"https:\/\/njallaclothing.com\/product\/new-polar-night-skabma-top\/#primaryimage"},"image":{"@id":"https:\/\/njallaclothing.com\/product\/new-polar-night-skabma-top\/#primaryimage"},"thumbnailUrl":"https:\/\/njallaclothing.com\/wp-content\/uploads\/2021\/05\/IMG_9700.jpg","datePublished":"2021-05-08T05:13:37+00:00","dateModified":"2026-03-23T21:24:09+00:00","description":"NJ\u00c1LLA - Ethically made sustainable bra tops made of recycled material with removable pads from responsible brand from Finland. Shop now!","breadcrumb":{"@id":"https:\/\/njallaclothing.com\/product\/new-polar-night-skabma-top\/#breadcrumb"},"inLanguage":"fi","potentialAction":[{"@type":"ReadAction","target":["https:\/\/njallaclothing.com\/product\/new-polar-night-skabma-top\/"]}]},{"@type":"ImageObject","inLanguage":"fi","@id":"https:\/\/njallaclothing.com\/product\/new-polar-night-skabma-top\/#primaryimage","url":"https:\/\/njallaclothing.com\/wp-content\/uploads\/2021\/05\/IMG_9700.jpg","contentUrl":"https:\/\/njallaclothing.com\/wp-content\/uploads\/2021\/05\/IMG_9700.jpg","width":1243,"height":1864,"caption":"polar night bra top with removable paddings made of recycled waste"},{"@type":"BreadcrumbList","@id":"https:\/\/njallaclothing.com\/product\/new-polar-night-skabma-top\/#breadcrumb","itemListElement":[{"@type":"ListItem","position":1,"name":"Home","item":"https:\/\/njallaclothing.com\/"},{"@type":"ListItem","position":2,"name":"Products","item":"https:\/\/njallaclothing.com\/shop\/"},{"@type":"ListItem","position":3,"name":"NEW! Polar night &#8211; Sk\u00e1bma bra top"}]},{"@type":"WebSite","@id":"https:\/\/njallaclothing.com\/#website","url":"https:\/\/njallaclothing.com\/","name":"NJ\u00c1LLA","description":"Sustainable yoga clothes from Finland with handmade art","publisher":{"@id":"https:\/\/njallaclothing.com\/#organization"},"potentialAction":[{"@type":"SearchAction","target":{"@type":"EntryPoint","urlTemplate":"https:\/\/njallaclothing.com\/?s={search_term_string}"},"query-input":{"@type":"PropertyValueSpecification","valueRequired":true,"valueName":"search_term_string"}}],"inLanguage":"fi"},{"@type":"Organization","@id":"https:\/\/njallaclothing.com\/#organization","name":"Nj\u00e1lla Clothing Oy","url":"https:\/\/njallaclothing.com\/","logo":{"@type":"ImageObject","inLanguage":"fi","@id":"https:\/\/njallaclothing.com\/#\/schema\/logo\/image\/","url":"https:\/\/njallaclothing.com\/wp-content\/uploads\/2018\/09\/4-va\u0308rillinen-perusversio.png","contentUrl":"https:\/\/njallaclothing.com\/wp-content\/uploads\/2018\/09\/4-va\u0308rillinen-perusversio.png","width":2451,"height":798,"caption":"Nj\u00e1lla Clothing Oy"},"image":{"@id":"https:\/\/njallaclothing.com\/#\/schema\/logo\/image\/"},"sameAs":["https:\/\/www.facebook.com\/njallaclothing\/","https:\/\/www.instagram.com\/njallaclothing\/"]}]}},"jetpack_sharing_enabled":true,"_links":{"self":[{"href":"https:\/\/njallaclothing.com\/fi\/wp-json\/wp\/v2\/product\/2906","targetHints":{"allow":["GET"]}}],"collection":[{"href":"https:\/\/njallaclothing.com\/fi\/wp-json\/wp\/v2\/product"}],"about":[{"href":"https:\/\/njallaclothing.com\/fi\/wp-json\/wp\/v2\/types\/product"}],"version-history":[{"count":5,"href":"https:\/\/njallaclothing.com\/fi\/wp-json\/wp\/v2\/product\/2906\/revisions"}],"predecessor-version":[{"id":2914,"href":"https:\/\/njallaclothing.com\/fi\/wp-json\/wp\/v2\/product\/2906\/revisions\/2914"}],"wp:featuredmedia":[{"embeddable":true,"href":"https:\/\/njallaclothing.com\/fi\/wp-json\/wp\/v2\/media\/3009"}],"wp:attachment":[{"href":"https:\/\/njallaclothing.com\/fi\/wp-json\/wp\/v2\/media?parent=2906"}],"wp:term":[{"taxonomy":"product_brand","embeddable":true,"href":"https:\/\/njallaclothing.com\/fi\/wp-json\/wp\/v2\/product_brand?post=2906"},{"taxonomy":"product_cat","embeddable":true,"href":"https:\/\/njallaclothing.com\/fi\/wp-json\/wp\/v2\/product_cat?post=2906"},{"taxonomy":"product_tag","embeddable":true,"href":"https:\/\/njallaclothing.com\/fi\/wp-json\/wp\/v2\/product_tag?post=2906"}],"curies":[{"name":"wp","href":"https:\/\/api.w.org\/{rel}","templated":true}]}}