{"id":2629,"date":"2020-11-09T14:38:22","date_gmt":"2020-11-09T14:38:22","guid":{"rendered":"https:\/\/njallaclothing.com\/?post_type=product&#038;p=2629"},"modified":"2025-10-21T06:01:34","modified_gmt":"2025-10-21T06:01:34","slug":"silver-birch-snowfall","status":"publish","type":"product","link":"https:\/\/njallaclothing.com\/fi\/tuote\/silver-birch-snowfall\/","title":{"rendered":"NEW! Silver birch &#8211; Soahki Snowfall leggings"},"content":{"rendered":"<h4>Ethically made extremely comfortable sustainable leggings<\/h4>\n<p>Silver birch \u2013 Soahki Snowfall leggings are ethically made, sustainable, lightweight and silky soft. Therefore, making you feel most comfortable to do yoga, pilates, walking, running, hiking, dancing, chilling or whatever it is where you want to feel comfortable.\u00a0 In addition, these leggings are designed with no irritating seams or stitches with a flattering high waist fit, so that you can concentrate on to what is most important and sets your heart on fire. Above all, the ecological material (recycled P.E.T.) is safe for you and the environment.<\/p>\n<p>All Nj\u00e1lla leggings are designed and approved by yoga professionals.<\/p>\n<h4>Art prints inspired by our Nordic nature<\/h4>\n<p>These ethically produced eco-conscious leggings are a work of unique handmade art inspired by the Nordic nature.<\/p>\n<p>Silver birch \u2013 Soahki Snowfall leggings unique art print is designed by Nj\u00e1lla and made in Finland. The inspiration of this beautiful print is the silver birch, <em>soahki<\/em> in samean language, the national tree in Finland. Silver birch finds it strength from the roots that go deep in the ground. The more the wind blows, the stronger the roots gets. The \u201c<em>roots of a tree that grew up in the wind is strong<\/em>\u201d.<\/p>\n<p>The art of this beautiful print was custom made for Nj\u00e1lla by a talented artist <a href=\"https:\/\/www.instagram.com\/angelinaluzhina\/\">Angelina Luzhina<\/a> from <a href=\"https:\/\/www.grafilinka.fi\/\">Grafilinka<\/a>. This print is part of Nj\u00e1lla\u00b4s first line, the &#8220;<em>Gabba<\/em>&#8221; -edition. The Gabba, a white reindeer in samean language, will guide the way and give strength as the animal of luck and fortune in the beginning of the story of Nj\u00e1lla.<\/p>\n<p>&#8220;<em>From a small seed it grew the roots so deep.<\/em><br \/>\n<em>For decades it stood there within its humble glory, and offered its beauty through every season.<\/em><br \/>\n<em>As the rays of the sun linger on its glossy leaves and as the wind touches its long weeping branches,<\/em><br \/>\n<em>you can feel the ultimate love Mother Nature has to share.<\/em><br \/>\n<em>Stop for a moment and listen the story of this tree &#8211; the whisper from the earth.<\/em><br \/>\n<em>Breathe deep. Exist now.<\/em><br \/>\n<em>Become part of the tree and the roots, the ones that connect all of us into a one soul.<\/em>&#8221;<\/p>\n<p><em>&#8211; Nj\u00e1llagirl from Finland<\/em><\/p>\n<h4>T\u00e4ydellinen istuvuus ja vinkit tuotteen pitk\u00e4\u00e4n elinkaareen<\/h4>\n<p>We want to make sure that you get the perfect fit and a long life for the product. Make sure you find the dream fit for you from our <a href=\"https:\/\/njallaclothing.com\/size-guide\/\">size guide.<\/a> In addition find our tips how to make products life cycle long from our <a href=\"https:\/\/njallaclothing.com\/size-guide\/\">care guide<\/a>. So, giving clothes a long life is a way to save the environment.<\/p>\n<h4>Connect with us<\/h4>\n<p>Our goal is to create clothes for more sustainable future. Write the story with us on <a href=\"https:\/\/www.facebook.com\/njallaclothing\/\">Facebook<\/a> and <a href=\"https:\/\/www.instagram.com\/njallaclothing\/\">Instagram<\/a> so we can be connected to all the amazing eco-conscious <a href=\"https:\/\/www.instagram.com\/explore\/tags\/njallagirl\/\"><em>#njallagirl<\/em><\/a> and <a href=\"https:\/\/www.instagram.com\/explore\/tags\/njallagirls\/\"><em>#njallagirls<\/em><\/a> around the world.<\/p>","protected":false},"excerpt":{"rendered":"<p>NEW Silver birch &#8211; Soahki Snowfall leggings are sustainable and comfortable leggings with handmade art inspired by the Nordic nature. They are made to make you feel amazing in every activity and relaxation.<\/p>\n<p>Materiaali: 73 % kierr\u00e4tetty\u00e4 muovia (recycled P.E.T.) \/ spandexia 27 %<\/p>\n<p>The sizes of these leggings are the same as our other silver birch designs; <a href=\"https:\/\/njallaclothing.com\/product\/silver-birch-soahki-blue\/\">blue<\/a>, <a href=\"https:\/\/njallaclothing.com\/product\/ethically-made-sustainable-silver-birch-soahki-black-leggings\/\">black<\/a> and <a href=\"https:\/\/njallaclothing.com\/product\/sustainable-silver-birch-art-leggings\/\">lily<\/a>. View our <a href=\"https:\/\/njallaclothing.com\/size-guide\/\" target=\"_blank\" rel=\"noopener noreferrer\">size guide<\/a> for reference. The model is 179 cm and is wearing size small (S).<\/p>\n<p>Both ethical production conditions and ecological materials used in this product are verified with certifications granted by international third parties. Read more of our <a href=\"https:\/\/njallaclothing.com\/responsibility\/\">responsibility<\/a>.<\/p>","protected":false},"featured_media":3014,"template":"","meta":{"_mo_disable_npp":"","_monsterinsights_skip_tracking":false,"_monsterinsights_sitenote_active":false,"_monsterinsights_sitenote_note":"","_monsterinsights_sitenote_category":0,"ocean_post_layout":"","ocean_both_sidebars_style":"","ocean_both_sidebars_content_width":0,"ocean_both_sidebars_sidebars_width":0,"ocean_sidebar":"0","ocean_second_sidebar":"0","ocean_disable_margins":"enable","ocean_add_body_class":"","ocean_shortcode_before_top_bar":"","ocean_shortcode_after_top_bar":"","ocean_shortcode_before_header":"","ocean_shortcode_after_header":"","ocean_has_shortcode":"","ocean_shortcode_after_title":"","ocean_shortcode_before_footer_widgets":"","ocean_shortcode_after_footer_widgets":"","ocean_shortcode_before_footer_bottom":"","ocean_shortcode_after_footer_bottom":"","ocean_display_top_bar":"default","ocean_display_header":"default","ocean_header_style":"","ocean_center_header_left_menu":"0","ocean_custom_header_template":"0","ocean_custom_logo":0,"ocean_custom_retina_logo":0,"ocean_custom_logo_max_width":0,"ocean_custom_logo_tablet_max_width":0,"ocean_custom_logo_mobile_max_width":0,"ocean_custom_logo_max_height":0,"ocean_custom_logo_tablet_max_height":0,"ocean_custom_logo_mobile_max_height":0,"ocean_header_custom_menu":"0","ocean_menu_typo_font_family":"0","ocean_menu_typo_font_subset":"","ocean_menu_typo_font_size":0,"ocean_menu_typo_font_size_tablet":0,"ocean_menu_typo_font_size_mobile":0,"ocean_menu_typo_font_size_unit":"px","ocean_menu_typo_font_weight":"","ocean_menu_typo_font_weight_tablet":"","ocean_menu_typo_font_weight_mobile":"","ocean_menu_typo_transform":"","ocean_menu_typo_transform_tablet":"","ocean_menu_typo_transform_mobile":"","ocean_menu_typo_line_height":0,"ocean_menu_typo_line_height_tablet":0,"ocean_menu_typo_line_height_mobile":0,"ocean_menu_typo_line_height_unit":"","ocean_menu_typo_spacing":0,"ocean_menu_typo_spacing_tablet":0,"ocean_menu_typo_spacing_mobile":0,"ocean_menu_typo_spacing_unit":"","ocean_menu_link_color":"","ocean_menu_link_color_hover":"","ocean_menu_link_color_active":"","ocean_menu_link_background":"","ocean_menu_link_hover_background":"","ocean_menu_link_active_background":"","ocean_menu_social_links_bg":"","ocean_menu_social_hover_links_bg":"","ocean_menu_social_links_color":"","ocean_menu_social_hover_links_color":"","ocean_disable_title":"default","ocean_disable_heading":"default","ocean_post_title":"","ocean_post_subheading":"","ocean_post_title_style":"","ocean_post_title_background_color":"","ocean_post_title_background":0,"ocean_post_title_bg_image_position":"","ocean_post_title_bg_image_attachment":"","ocean_post_title_bg_image_repeat":"","ocean_post_title_bg_image_size":"","ocean_post_title_height":0,"ocean_post_title_bg_overlay":0.5,"ocean_post_title_bg_overlay_color":"","ocean_disable_breadcrumbs":"default","ocean_breadcrumbs_color":"","ocean_breadcrumbs_separator_color":"","ocean_breadcrumbs_links_color":"","ocean_breadcrumbs_links_hover_color":"","ocean_display_footer_widgets":"default","ocean_display_footer_bottom":"default","ocean_custom_footer_template":"0","jetpack_post_was_ever_published":false},"product_brand":[],"product_cat":[19,17],"product_tag":[30],"class_list":{"0":"post-2629","1":"product","2":"type-product","3":"status-publish","4":"has-post-thumbnail","6":"product_cat-bottoms","7":"product_cat-uncategorized","8":"product_tag-snowbed-willow-gironlasta-dark-lily","9":"product_shipping_class-post-package","11":"entry","12":"has-media","14":"first","15":"instock","16":"taxable","17":"shipping-taxable","18":"purchasable","19":"product-type-variable","20":"col","21":"span_1_of_3","22":"owp-content-center","23":"owp-thumbs-layout-horizontal","24":"owp-btn-normal","25":"owp-tabs-layout-horizontal"},"yoast_head":"<!-- This site is optimized with the Yoast SEO plugin v27.4 - https:\/\/yoast.com\/product\/yoast-seo-wordpress\/ -->\n<title>NJ\u00c1LLA - NEW! Silver birch - Soahki Snowfall leggings - Made of recycled waste and art<\/title>\n<meta name=\"description\" content=\"NJ\u00c1LLA - Transforming plastic waste into ethically made sustainable leggings with art inspired by the Nordic nature from Finland. Shop now!\" \/>\n<meta name=\"robots\" content=\"index, follow, max-snippet:-1, max-image-preview:large, max-video-preview:-1\" \/>\n<link rel=\"canonical\" href=\"https:\/\/njallaclothing.com\/fi\/tuote\/silver-birch-snowfall\/\" \/>\n<meta property=\"og:locale\" content=\"fi_FI\" \/>\n<meta property=\"og:type\" content=\"article\" \/>\n<meta property=\"og:title\" content=\"NJ\u00c1LLA - NEW! Silver birch - Soahki Snowfall leggings - Made of recycled waste and art\" \/>\n<meta property=\"og:description\" content=\"NJ\u00c1LLA - Transforming plastic waste into ethically made sustainable leggings with art inspired by the Nordic nature from Finland. Shop now!\" \/>\n<meta property=\"og:url\" content=\"https:\/\/njallaclothing.com\/fi\/tuote\/silver-birch-snowfall\/\" \/>\n<meta property=\"og:site_name\" content=\"NJ\u00c1LLA\" \/>\n<meta property=\"article:publisher\" content=\"https:\/\/www.facebook.com\/njallaclothing\/\" \/>\n<meta property=\"article:modified_time\" content=\"2025-10-21T06:01:34+00:00\" \/>\n<meta property=\"og:image\" content=\"https:\/\/njallaclothing.com\/wp-content\/uploads\/2020\/11\/IMG_9987.jpg\" \/>\n\t<meta property=\"og:image:width\" content=\"1040\" \/>\n\t<meta property=\"og:image:height\" content=\"1560\" \/>\n\t<meta property=\"og:image:type\" content=\"image\/jpeg\" \/>\n<meta name=\"twitter:label1\" content=\"Arvioitu lukuaika\" \/>\n\t<meta name=\"twitter:data1\" content=\"3 minuuttia\" \/>\n<script type=\"application\/ld+json\" class=\"yoast-schema-graph\">{\"@context\":\"https:\\\/\\\/schema.org\",\"@graph\":[{\"@type\":\"WebPage\",\"@id\":\"https:\\\/\\\/njallaclothing.com\\\/product\\\/silver-birch-snowfall\\\/\",\"url\":\"https:\\\/\\\/njallaclothing.com\\\/product\\\/silver-birch-snowfall\\\/\",\"name\":\"NJ\u00c1LLA - NEW! Silver birch - Soahki Snowfall leggings - Made of recycled waste and art\",\"isPartOf\":{\"@id\":\"https:\\\/\\\/njallaclothing.com\\\/#website\"},\"primaryImageOfPage\":{\"@id\":\"https:\\\/\\\/njallaclothing.com\\\/product\\\/silver-birch-snowfall\\\/#primaryimage\"},\"image\":{\"@id\":\"https:\\\/\\\/njallaclothing.com\\\/product\\\/silver-birch-snowfall\\\/#primaryimage\"},\"thumbnailUrl\":\"https:\\\/\\\/njallaclothing.com\\\/wp-content\\\/uploads\\\/2020\\\/11\\\/IMG_9987.jpg\",\"datePublished\":\"2020-11-09T14:38:22+00:00\",\"dateModified\":\"2025-10-21T06:01:34+00:00\",\"description\":\"NJ\u00c1LLA - Transforming plastic waste into ethically made sustainable leggings with art inspired by the Nordic nature from Finland. Shop now!\",\"breadcrumb\":{\"@id\":\"https:\\\/\\\/njallaclothing.com\\\/product\\\/silver-birch-snowfall\\\/#breadcrumb\"},\"inLanguage\":\"fi\",\"potentialAction\":[{\"@type\":\"ReadAction\",\"target\":[\"https:\\\/\\\/njallaclothing.com\\\/product\\\/silver-birch-snowfall\\\/\"]}]},{\"@type\":\"ImageObject\",\"inLanguage\":\"fi\",\"@id\":\"https:\\\/\\\/njallaclothing.com\\\/product\\\/silver-birch-snowfall\\\/#primaryimage\",\"url\":\"https:\\\/\\\/njallaclothing.com\\\/wp-content\\\/uploads\\\/2020\\\/11\\\/IMG_9987.jpg\",\"contentUrl\":\"https:\\\/\\\/njallaclothing.com\\\/wp-content\\\/uploads\\\/2020\\\/11\\\/IMG_9987.jpg\",\"width\":1040,\"height\":1560,\"caption\":\"Ethically made sustainable silver birch snowfall art leggings\"},{\"@type\":\"BreadcrumbList\",\"@id\":\"https:\\\/\\\/njallaclothing.com\\\/product\\\/silver-birch-snowfall\\\/#breadcrumb\",\"itemListElement\":[{\"@type\":\"ListItem\",\"position\":1,\"name\":\"Home\",\"item\":\"https:\\\/\\\/njallaclothing.com\\\/\"},{\"@type\":\"ListItem\",\"position\":2,\"name\":\"Products\",\"item\":\"https:\\\/\\\/njallaclothing.com\\\/shop\\\/\"},{\"@type\":\"ListItem\",\"position\":3,\"name\":\"NEW! Silver birch &#8211; Soahki Snowfall leggings\"}]},{\"@type\":\"WebSite\",\"@id\":\"https:\\\/\\\/njallaclothing.com\\\/#website\",\"url\":\"https:\\\/\\\/njallaclothing.com\\\/\",\"name\":\"NJ\u00c1LLA\",\"description\":\"Sustainable yoga clothes from Finland with handmade art\",\"publisher\":{\"@id\":\"https:\\\/\\\/njallaclothing.com\\\/#organization\"},\"potentialAction\":[{\"@type\":\"SearchAction\",\"target\":{\"@type\":\"EntryPoint\",\"urlTemplate\":\"https:\\\/\\\/njallaclothing.com\\\/?s={search_term_string}\"},\"query-input\":{\"@type\":\"PropertyValueSpecification\",\"valueRequired\":true,\"valueName\":\"search_term_string\"}}],\"inLanguage\":\"fi\"},{\"@type\":\"Organization\",\"@id\":\"https:\\\/\\\/njallaclothing.com\\\/#organization\",\"name\":\"Nj\u00e1lla Clothing Oy\",\"url\":\"https:\\\/\\\/njallaclothing.com\\\/\",\"logo\":{\"@type\":\"ImageObject\",\"inLanguage\":\"fi\",\"@id\":\"https:\\\/\\\/njallaclothing.com\\\/#\\\/schema\\\/logo\\\/image\\\/\",\"url\":\"https:\\\/\\\/njallaclothing.com\\\/wp-content\\\/uploads\\\/2018\\\/09\\\/4-va\u0308rillinen-perusversio.png\",\"contentUrl\":\"https:\\\/\\\/njallaclothing.com\\\/wp-content\\\/uploads\\\/2018\\\/09\\\/4-va\u0308rillinen-perusversio.png\",\"width\":2451,\"height\":798,\"caption\":\"Nj\u00e1lla Clothing Oy\"},\"image\":{\"@id\":\"https:\\\/\\\/njallaclothing.com\\\/#\\\/schema\\\/logo\\\/image\\\/\"},\"sameAs\":[\"https:\\\/\\\/www.facebook.com\\\/njallaclothing\\\/\",\"https:\\\/\\\/www.instagram.com\\\/njallaclothing\\\/\"]}]}<\/script>\n<!-- \/ Yoast SEO plugin. -->","yoast_head_json":{"title":"NJ\u00c1LLA - NEW! Silver birch - Soahki Snowfall leggings - Made of recycled waste and art","description":"NJ\u00c1LLA - Transforming plastic waste into ethically made sustainable leggings with art inspired by the Nordic nature from Finland. Shop now!","robots":{"index":"index","follow":"follow","max-snippet":"max-snippet:-1","max-image-preview":"max-image-preview:large","max-video-preview":"max-video-preview:-1"},"canonical":"https:\/\/njallaclothing.com\/fi\/tuote\/silver-birch-snowfall\/","og_locale":"fi_FI","og_type":"article","og_title":"NJ\u00c1LLA - NEW! Silver birch - Soahki Snowfall leggings - Made of recycled waste and art","og_description":"NJ\u00c1LLA - Transforming plastic waste into ethically made sustainable leggings with art inspired by the Nordic nature from Finland. Shop now!","og_url":"https:\/\/njallaclothing.com\/fi\/tuote\/silver-birch-snowfall\/","og_site_name":"NJ\u00c1LLA","article_publisher":"https:\/\/www.facebook.com\/njallaclothing\/","article_modified_time":"2025-10-21T06:01:34+00:00","og_image":[{"width":1040,"height":1560,"url":"https:\/\/njallaclothing.com\/wp-content\/uploads\/2020\/11\/IMG_9987.jpg","type":"image\/jpeg"}],"twitter_misc":{"Arvioitu lukuaika":"3 minuuttia"},"schema":{"@context":"https:\/\/schema.org","@graph":[{"@type":"WebPage","@id":"https:\/\/njallaclothing.com\/product\/silver-birch-snowfall\/","url":"https:\/\/njallaclothing.com\/product\/silver-birch-snowfall\/","name":"NJ\u00c1LLA - NEW! Silver birch - Soahki Snowfall leggings - Made of recycled waste and art","isPartOf":{"@id":"https:\/\/njallaclothing.com\/#website"},"primaryImageOfPage":{"@id":"https:\/\/njallaclothing.com\/product\/silver-birch-snowfall\/#primaryimage"},"image":{"@id":"https:\/\/njallaclothing.com\/product\/silver-birch-snowfall\/#primaryimage"},"thumbnailUrl":"https:\/\/njallaclothing.com\/wp-content\/uploads\/2020\/11\/IMG_9987.jpg","datePublished":"2020-11-09T14:38:22+00:00","dateModified":"2025-10-21T06:01:34+00:00","description":"NJ\u00c1LLA - Transforming plastic waste into ethically made sustainable leggings with art inspired by the Nordic nature from Finland. Shop now!","breadcrumb":{"@id":"https:\/\/njallaclothing.com\/product\/silver-birch-snowfall\/#breadcrumb"},"inLanguage":"fi","potentialAction":[{"@type":"ReadAction","target":["https:\/\/njallaclothing.com\/product\/silver-birch-snowfall\/"]}]},{"@type":"ImageObject","inLanguage":"fi","@id":"https:\/\/njallaclothing.com\/product\/silver-birch-snowfall\/#primaryimage","url":"https:\/\/njallaclothing.com\/wp-content\/uploads\/2020\/11\/IMG_9987.jpg","contentUrl":"https:\/\/njallaclothing.com\/wp-content\/uploads\/2020\/11\/IMG_9987.jpg","width":1040,"height":1560,"caption":"Ethically made sustainable silver birch snowfall art leggings"},{"@type":"BreadcrumbList","@id":"https:\/\/njallaclothing.com\/product\/silver-birch-snowfall\/#breadcrumb","itemListElement":[{"@type":"ListItem","position":1,"name":"Home","item":"https:\/\/njallaclothing.com\/"},{"@type":"ListItem","position":2,"name":"Products","item":"https:\/\/njallaclothing.com\/shop\/"},{"@type":"ListItem","position":3,"name":"NEW! Silver birch &#8211; Soahki Snowfall leggings"}]},{"@type":"WebSite","@id":"https:\/\/njallaclothing.com\/#website","url":"https:\/\/njallaclothing.com\/","name":"NJ\u00c1LLA","description":"Sustainable yoga clothes from Finland with handmade art","publisher":{"@id":"https:\/\/njallaclothing.com\/#organization"},"potentialAction":[{"@type":"SearchAction","target":{"@type":"EntryPoint","urlTemplate":"https:\/\/njallaclothing.com\/?s={search_term_string}"},"query-input":{"@type":"PropertyValueSpecification","valueRequired":true,"valueName":"search_term_string"}}],"inLanguage":"fi"},{"@type":"Organization","@id":"https:\/\/njallaclothing.com\/#organization","name":"Nj\u00e1lla Clothing Oy","url":"https:\/\/njallaclothing.com\/","logo":{"@type":"ImageObject","inLanguage":"fi","@id":"https:\/\/njallaclothing.com\/#\/schema\/logo\/image\/","url":"https:\/\/njallaclothing.com\/wp-content\/uploads\/2018\/09\/4-va\u0308rillinen-perusversio.png","contentUrl":"https:\/\/njallaclothing.com\/wp-content\/uploads\/2018\/09\/4-va\u0308rillinen-perusversio.png","width":2451,"height":798,"caption":"Nj\u00e1lla Clothing Oy"},"image":{"@id":"https:\/\/njallaclothing.com\/#\/schema\/logo\/image\/"},"sameAs":["https:\/\/www.facebook.com\/njallaclothing\/","https:\/\/www.instagram.com\/njallaclothing\/"]}]}},"jetpack_sharing_enabled":true,"_links":{"self":[{"href":"https:\/\/njallaclothing.com\/fi\/wp-json\/wp\/v2\/product\/2629","targetHints":{"allow":["GET"]}}],"collection":[{"href":"https:\/\/njallaclothing.com\/fi\/wp-json\/wp\/v2\/product"}],"about":[{"href":"https:\/\/njallaclothing.com\/fi\/wp-json\/wp\/v2\/types\/product"}],"version-history":[{"count":11,"href":"https:\/\/njallaclothing.com\/fi\/wp-json\/wp\/v2\/product\/2629\/revisions"}],"predecessor-version":[{"id":2707,"href":"https:\/\/njallaclothing.com\/fi\/wp-json\/wp\/v2\/product\/2629\/revisions\/2707"}],"wp:featuredmedia":[{"embeddable":true,"href":"https:\/\/njallaclothing.com\/fi\/wp-json\/wp\/v2\/media\/3014"}],"wp:attachment":[{"href":"https:\/\/njallaclothing.com\/fi\/wp-json\/wp\/v2\/media?parent=2629"}],"wp:term":[{"taxonomy":"product_brand","embeddable":true,"href":"https:\/\/njallaclothing.com\/fi\/wp-json\/wp\/v2\/product_brand?post=2629"},{"taxonomy":"product_cat","embeddable":true,"href":"https:\/\/njallaclothing.com\/fi\/wp-json\/wp\/v2\/product_cat?post=2629"},{"taxonomy":"product_tag","embeddable":true,"href":"https:\/\/njallaclothing.com\/fi\/wp-json\/wp\/v2\/product_tag?post=2629"}],"curies":[{"name":"wp","href":"https:\/\/api.w.org\/{rel}","templated":true}]}}