{"id":1829,"date":"2020-01-19T09:56:21","date_gmt":"2020-01-19T09:56:21","guid":{"rendered":"https:\/\/njallaclothing.com\/?post_type=product&#038;p=1829"},"modified":"2025-09-18T05:52:02","modified_gmt":"2025-09-18T05:52:02","slug":"ethically-made-sustainable-art-leggings","status":"publish","type":"product","link":"https:\/\/njallaclothing.com\/fi\/tuote\/ethically-made-sustainable-art-leggings\/","title":{"rendered":"LIMITED EDITION The River Flows Through \u2013 leggings LAST SIZES AVAILABLE \u2013 NO RESTOCK!"},"content":{"rendered":"<h4>Nj\u00e1lla x Boskil mallisto<\/h4>\n<p class=\" translation-block\">Nj\u00e1lla x Boskil mallisto on rajallisen ajan saatavilla oleva Nj\u00e1lla Clothingin ja Boskilin yhteisty\u00f6mallisto. Nj\u00e1lla x Boskil malliston tuotteiden kauniit kuosit ovat suomalaisen taiteilija Manuela Boscon taideteoksia.<\/p>\n<p><strong>Eettisesti valmistetut ekologiset leggingsit<\/strong><\/p>\n<p>Ja Keskell\u00e4 Virtaa Joki leggingsit on valmistettu eettisesti ekologisesta materiaalista. Ne ovat silkkisen pehme\u00e4t ja kevyen tuntuiset p\u00e4\u00e4ll\u00e4. T\u00e4st\u00e4 syyst\u00e4 harjoititpa sitten joogaa, pilatesta, juoksua, tanssia tai vaikka vaan oleilua ne saavat sinut tuntemaan olon miellytt\u00e4v\u00e4ksi. Lis\u00e4ksi n\u00e4m\u00e4 leggingsit on suunniteltu niin, ettei yksik\u00e4\u00e4n sauma purista tai haittaa harjoitusta ja niiden korkea vy\u00f6t\u00e4r\u00f6 imartelee kantajaansa. Toisin sanoen, voit keskitty\u00e4 siihen mik\u00e4 on sinulle t\u00e4rkeint\u00e4. Kaiken lis\u00e4ksi leggingsien ekologinen materiaali on turvallinen sek\u00e4 sinulle ett\u00e4 ymp\u00e4rist\u00f6lle.<\/p>\n<p>Ja Keskell\u00e4 Virtaa Joki \u2013 ekologiset leggingsit on valmistettu kierr\u00e4tysmateriaalista.<\/p>\n<p>Kaikki Nj\u00e1llan leggingsit on suunniteltu suomalaisten jooga- ja urheiluammattilaisten toimesta.<\/p>\n<p class=\" translation-block\">Taidekuosien inspiraationa Suomen luonto kuvataiteilija Manuela Boscon taideteoksesta<\/p>\n<p>The River Flows Through sustainable leggings unique art print is work of art by <a href=\"http:\/\/manuelabosco.net\/\">Manuela Bosco<\/a> from <a href=\"https:\/\/boskil.com\/\">Boskil Oy<\/a>. She is a talented and well-known artist and former Olympian athlete from Finland.<\/p>\n<p class=\" translation-block\">\u201dManuela Bosco on suomalais-italialainen kuvataiteilija. Manuelan savolais-sisilialaiset juuret n\u00e4kyv\u00e4t h\u00e4nen maalauksissaan vahvoina kontrasteina ja v\u00e4rimaailman intensiivisyyten\u00e4. H\u00e4nt\u00e4 voidaan pit\u00e4\u00e4 koloristina, jonka aiheet k\u00e4sittelev\u00e4t p\u00e4\u00e4osin luontoa. Suuret teokset, joihin on maalattu sis\u00e4- ja ulkotiloja; paratiisimaisia puutarhoja, kes\u00e4juhlia, lummelampia ja Sisilialaisia sitruunoita kertovat el\u00e4m\u00e4n arkisista hetkist\u00e4, juurista ja taivaasta. Taiteilija tavoittelee teoksissaan luontomme ydinolemusta: Kauneutta ja Yhteytt\u00e4. \u2013 Boskil Oy<\/p>\n<p>Leggingsien kuosi valmistui Boscon Grande Famiglia -n\u00e4yttelyn Lumme-sarjan yhteyteen (Gumbostrand Konst &amp; Form 2019) ylist\u00e4m\u00e4\u00e4n lumpeen ajatonta symboliikkaa. Lumme, lootuskukkanakin tunnettu kukka symboloi transformaatiota, henkist\u00e4 evoluutiota ja kasvua kohti kauneutta ja todellista identiteetti\u00e4mme. Lumpeenkukka on my\u00f6s Manuelan synnyinpaikan Etel\u00e4-Savon maakuntakukka, jota esiintyy runsaasti j\u00e4rvi-Suomen alueella.<\/p>\n<p>Ja Keskell\u00e4 Virtaa Joki -teos kuvastaa el\u00e4m\u00e4n virtaa, jossa asioiden hyv\u00e4ksyminen sellaisenaan ja el\u00e4m\u00e4n energian kanssa yht\u00e4 oleminen vaatii irti p\u00e4\u00e4st\u00e4mist\u00e4 ja sis\u00e4isen \u00e4\u00e4nen erottelukyky\u00e4.<\/p>\n<p><strong>T\u00e4ydellinen istuvuus ja vinkit tuotteen pitk\u00e4\u00e4n elinkaareen<\/strong><\/p>\n<p class=\" translation-block\">N\u00e4m\u00e4 eettisesti valmistetut ekologiset leggingsit ovat pieni pala taidetta pohjoisesta. Pid\u00e4th\u00e4n huolen, ett\u00e4 l\u00f6yd\u00e4t itsellesi oikean koon koko-oppaastamme. Lis\u00e4ksi katso vinkkimme, miten tuote s\u00e4ilyy mahdollisimman pitk\u00e4\u00e4n hyv\u00e4kuntoisena hoito-oppaastamme.<\/p>\n<p><strong>Tehd\u00e4\u00e4n yhdess\u00e4 tulevaisuudesta kest\u00e4v\u00e4mpi<\/strong><\/p>\n<p class=\" translation-block\">Tavoitteemme on valmistaa vastuullisesti ekologisia ja uniikkeja tuotteita kest\u00e4v\u00e4mm\u00e4n tulevaisuuden puolesta. Kirjoitetaan yhdess\u00e4 tarinaa kest\u00e4v\u00e4mm\u00e4n kehityksen puolesta Facebookissa ja Instagramissa. T\u00e4g\u00e4\u00e4 meid\u00e4t #njallagirl tai #njallagirls niin l\u00f6yd\u00e4mme kaikki teid\u00e4t ekotietoiset Nj\u00e1lla tuotteiden k\u00e4ytt\u00e4j\u00e4t.<\/p>","protected":false},"excerpt":{"rendered":"<p class=\" translation-block\">Nj\u00e1lla X Boskil mallisto: Ja Keskell\u00e4 Virtaa Joki leggingsit on valmistettu ekologisesta kierr\u00e4tysmateriaalista ja ovat eritt\u00e4in miellytt\u00e4v\u00e4t p\u00e4\u00e4ll\u00e4 sek\u00e4 soveltuvat kaikkiin aktiviteetteihin sek\u00e4 rentoutukseen. Leggingsien materiaali tuntuu p\u00e4\u00e4ll\u00e4 silkkisen pehme\u00e4lt\u00e4 ja niiden korkea vy\u00f6t\u00e4r\u00f6 saa sinut tuntemaan olosi mukavalta kaikissa harjoituksissa. Leggingsien kuosi on per\u00e4isin lahjakkaan suomalaisen taiteilija Manuela Boscon taideteoksesta.<\/p>\n<p>Materiaali: 73 % kierr\u00e4tetty\u00e4 muovia (recycled P.E.T.) \/ spandexia 27 %<\/p>\n<p class=\" translation-block\">Kuvan malli on 174 cm pitk\u00e4 ja h\u00e4nell\u00e4 on p\u00e4\u00e4ll\u00e4\u00e4n koko S. Katso viitteeksi koko-oppaastamme.<\/p>\n<p>Both ethical production conditions and ecological materials used in this product are verified with certifications granted by international third parties. Read more of our <a href=\"https:\/\/njallaclothing.com\/responsibility\/\">responsibility<\/a>.<\/p>","protected":false},"featured_media":1912,"template":"","meta":{"_mo_disable_npp":"","_monsterinsights_skip_tracking":false,"_monsterinsights_sitenote_active":false,"_monsterinsights_sitenote_note":"","_monsterinsights_sitenote_category":0,"ocean_post_layout":"","ocean_both_sidebars_style":"","ocean_both_sidebars_content_width":0,"ocean_both_sidebars_sidebars_width":0,"ocean_sidebar":"0","ocean_second_sidebar":"0","ocean_disable_margins":"enable","ocean_add_body_class":"","ocean_shortcode_before_top_bar":"","ocean_shortcode_after_top_bar":"","ocean_shortcode_before_header":"","ocean_shortcode_after_header":"","ocean_has_shortcode":"","ocean_shortcode_after_title":"","ocean_shortcode_before_footer_widgets":"","ocean_shortcode_after_footer_widgets":"","ocean_shortcode_before_footer_bottom":"","ocean_shortcode_after_footer_bottom":"","ocean_display_top_bar":"default","ocean_display_header":"default","ocean_header_style":"","ocean_center_header_left_menu":"0","ocean_custom_header_template":"0","ocean_custom_logo":0,"ocean_custom_retina_logo":0,"ocean_custom_logo_max_width":0,"ocean_custom_logo_tablet_max_width":0,"ocean_custom_logo_mobile_max_width":0,"ocean_custom_logo_max_height":0,"ocean_custom_logo_tablet_max_height":0,"ocean_custom_logo_mobile_max_height":0,"ocean_header_custom_menu":"0","ocean_menu_typo_font_family":"0","ocean_menu_typo_font_subset":"","ocean_menu_typo_font_size":0,"ocean_menu_typo_font_size_tablet":0,"ocean_menu_typo_font_size_mobile":0,"ocean_menu_typo_font_size_unit":"px","ocean_menu_typo_font_weight":"","ocean_menu_typo_font_weight_tablet":"","ocean_menu_typo_font_weight_mobile":"","ocean_menu_typo_transform":"","ocean_menu_typo_transform_tablet":"","ocean_menu_typo_transform_mobile":"","ocean_menu_typo_line_height":0,"ocean_menu_typo_line_height_tablet":0,"ocean_menu_typo_line_height_mobile":0,"ocean_menu_typo_line_height_unit":"","ocean_menu_typo_spacing":0,"ocean_menu_typo_spacing_tablet":0,"ocean_menu_typo_spacing_mobile":0,"ocean_menu_typo_spacing_unit":"","ocean_menu_link_color":"","ocean_menu_link_color_hover":"","ocean_menu_link_color_active":"","ocean_menu_link_background":"","ocean_menu_link_hover_background":"","ocean_menu_link_active_background":"","ocean_menu_social_links_bg":"","ocean_menu_social_hover_links_bg":"","ocean_menu_social_links_color":"","ocean_menu_social_hover_links_color":"","ocean_disable_title":"default","ocean_disable_heading":"default","ocean_post_title":"","ocean_post_subheading":"","ocean_post_title_style":"","ocean_post_title_background_color":"","ocean_post_title_background":0,"ocean_post_title_bg_image_position":"","ocean_post_title_bg_image_attachment":"","ocean_post_title_bg_image_repeat":"","ocean_post_title_bg_image_size":"","ocean_post_title_height":0,"ocean_post_title_bg_overlay":0.5,"ocean_post_title_bg_overlay_color":"","ocean_disable_breadcrumbs":"default","ocean_breadcrumbs_color":"","ocean_breadcrumbs_separator_color":"","ocean_breadcrumbs_links_color":"","ocean_breadcrumbs_links_hover_color":"","ocean_display_footer_widgets":"default","ocean_display_footer_bottom":"default","ocean_custom_footer_template":"0","jetpack_post_was_ever_published":false},"product_brand":[],"product_cat":[19,17],"product_tag":[28],"class_list":{"0":"post-1829","1":"product","2":"type-product","3":"status-publish","4":"has-post-thumbnail","6":"product_cat-bottoms","7":"product_cat-uncategorized","8":"product_tag-silver-birch-soahki-blue","10":"entry","11":"has-media","13":"first","14":"instock","15":"sale","16":"taxable","17":"shipping-taxable","18":"purchasable","19":"product-type-variable","20":"col","21":"span_1_of_3","22":"owp-content-center","23":"owp-thumbs-layout-horizontal","24":"owp-btn-normal","25":"owp-tabs-layout-horizontal"},"yoast_head":"<!-- This site is optimized with the Yoast SEO plugin v27.4 - https:\/\/yoast.com\/product\/yoast-seo-wordpress\/ -->\n<title>LIMITED EDITION The River Flows Through \u2013 leggings LAST SIZES AVAILABLE \u2013 NO RESTOCK! - NJ\u00c1LLA<\/title>\n<meta name=\"description\" content=\"NJ\u00c1LLA - Transforming plastic waste into ethically made sustainable leggings with art inspired by nature by artist Manuela Bosco from Finland. LIMITED EDITION The River Flows Through \u2013 leggings LAST SIZES AVAILABLE \u2013 NO RESTOCK!\" \/>\n<meta name=\"robots\" content=\"index, follow, max-snippet:-1, max-image-preview:large, max-video-preview:-1\" \/>\n<link rel=\"canonical\" href=\"https:\/\/njallaclothing.com\/fi\/tuote\/ethically-made-sustainable-art-leggings\/\" \/>\n<meta property=\"og:locale\" content=\"fi_FI\" \/>\n<meta property=\"og:type\" content=\"article\" \/>\n<meta property=\"og:title\" content=\"LIMITED EDITION The River Flows Through \u2013 leggings LAST SIZES AVAILABLE \u2013 NO RESTOCK! - NJ\u00c1LLA\" \/>\n<meta property=\"og:description\" content=\"NJ\u00c1LLA - Transforming plastic waste into ethically made sustainable leggings with art inspired by nature by artist Manuela Bosco from Finland. LIMITED EDITION The River Flows Through \u2013 leggings LAST SIZES AVAILABLE \u2013 NO RESTOCK!\" \/>\n<meta property=\"og:url\" content=\"https:\/\/njallaclothing.com\/fi\/tuote\/ethically-made-sustainable-art-leggings\/\" \/>\n<meta property=\"og:site_name\" content=\"NJ\u00c1LLA\" \/>\n<meta property=\"article:publisher\" content=\"https:\/\/www.facebook.com\/njallaclothing\/\" \/>\n<meta property=\"article:modified_time\" content=\"2025-09-18T05:52:02+00:00\" \/>\n<meta property=\"og:image\" content=\"https:\/\/njallaclothing.com\/wp-content\/uploads\/2020\/01\/art_leggings_manueala_bosco-scaled.jpg\" \/>\n\t<meta property=\"og:image:width\" content=\"1587\" \/>\n\t<meta property=\"og:image:height\" content=\"2560\" \/>\n\t<meta property=\"og:image:type\" content=\"image\/jpeg\" \/>\n<meta name=\"twitter:label1\" content=\"Arvioitu lukuaika\" \/>\n\t<meta name=\"twitter:data1\" content=\"3 minuuttia\" \/>\n<script type=\"application\/ld+json\" class=\"yoast-schema-graph\">{\"@context\":\"https:\\\/\\\/schema.org\",\"@graph\":[{\"@type\":\"WebPage\",\"@id\":\"https:\\\/\\\/njallaclothing.com\\\/product\\\/ethically-made-sustainable-art-leggings\\\/\",\"url\":\"https:\\\/\\\/njallaclothing.com\\\/product\\\/ethically-made-sustainable-art-leggings\\\/\",\"name\":\"LIMITED EDITION The River Flows Through \u2013 leggings LAST SIZES AVAILABLE \u2013 NO RESTOCK! - NJ\u00c1LLA\",\"isPartOf\":{\"@id\":\"https:\\\/\\\/njallaclothing.com\\\/#website\"},\"primaryImageOfPage\":{\"@id\":\"https:\\\/\\\/njallaclothing.com\\\/product\\\/ethically-made-sustainable-art-leggings\\\/#primaryimage\"},\"image\":{\"@id\":\"https:\\\/\\\/njallaclothing.com\\\/product\\\/ethically-made-sustainable-art-leggings\\\/#primaryimage\"},\"thumbnailUrl\":\"https:\\\/\\\/njallaclothing.com\\\/wp-content\\\/uploads\\\/2020\\\/01\\\/art_leggings_manueala_bosco-scaled.jpg\",\"datePublished\":\"2020-01-19T09:56:21+00:00\",\"dateModified\":\"2025-09-18T05:52:02+00:00\",\"description\":\"NJ\u00c1LLA - Transforming plastic waste into ethically made sustainable leggings with art inspired by nature by artist Manuela Bosco from Finland. LIMITED EDITION The River Flows Through \u2013 leggings LAST SIZES AVAILABLE \u2013 NO RESTOCK!\",\"breadcrumb\":{\"@id\":\"https:\\\/\\\/njallaclothing.com\\\/product\\\/ethically-made-sustainable-art-leggings\\\/#breadcrumb\"},\"inLanguage\":\"fi\",\"potentialAction\":[{\"@type\":\"ReadAction\",\"target\":[\"https:\\\/\\\/njallaclothing.com\\\/product\\\/ethically-made-sustainable-art-leggings\\\/\"]}]},{\"@type\":\"ImageObject\",\"inLanguage\":\"fi\",\"@id\":\"https:\\\/\\\/njallaclothing.com\\\/product\\\/ethically-made-sustainable-art-leggings\\\/#primaryimage\",\"url\":\"https:\\\/\\\/njallaclothing.com\\\/wp-content\\\/uploads\\\/2020\\\/01\\\/art_leggings_manueala_bosco-scaled.jpg\",\"contentUrl\":\"https:\\\/\\\/njallaclothing.com\\\/wp-content\\\/uploads\\\/2020\\\/01\\\/art_leggings_manueala_bosco-scaled.jpg\",\"width\":1587,\"height\":2560,\"caption\":\"Ethically made sustainable leggings with art by Manuela Bosco\"},{\"@type\":\"BreadcrumbList\",\"@id\":\"https:\\\/\\\/njallaclothing.com\\\/product\\\/ethically-made-sustainable-art-leggings\\\/#breadcrumb\",\"itemListElement\":[{\"@type\":\"ListItem\",\"position\":1,\"name\":\"Home\",\"item\":\"https:\\\/\\\/njallaclothing.com\\\/\"},{\"@type\":\"ListItem\",\"position\":2,\"name\":\"Products\",\"item\":\"https:\\\/\\\/njallaclothing.com\\\/shop\\\/\"},{\"@type\":\"ListItem\",\"position\":3,\"name\":\"LIMITED EDITION The River Flows Through \u2013 leggings LAST SIZES AVAILABLE \u2013 NO RESTOCK!\"}]},{\"@type\":\"WebSite\",\"@id\":\"https:\\\/\\\/njallaclothing.com\\\/#website\",\"url\":\"https:\\\/\\\/njallaclothing.com\\\/\",\"name\":\"NJ\u00c1LLA\",\"description\":\"Sustainable yoga clothes from Finland with handmade art\",\"publisher\":{\"@id\":\"https:\\\/\\\/njallaclothing.com\\\/#organization\"},\"potentialAction\":[{\"@type\":\"SearchAction\",\"target\":{\"@type\":\"EntryPoint\",\"urlTemplate\":\"https:\\\/\\\/njallaclothing.com\\\/?s={search_term_string}\"},\"query-input\":{\"@type\":\"PropertyValueSpecification\",\"valueRequired\":true,\"valueName\":\"search_term_string\"}}],\"inLanguage\":\"fi\"},{\"@type\":\"Organization\",\"@id\":\"https:\\\/\\\/njallaclothing.com\\\/#organization\",\"name\":\"Nj\u00e1lla Clothing Oy\",\"url\":\"https:\\\/\\\/njallaclothing.com\\\/\",\"logo\":{\"@type\":\"ImageObject\",\"inLanguage\":\"fi\",\"@id\":\"https:\\\/\\\/njallaclothing.com\\\/#\\\/schema\\\/logo\\\/image\\\/\",\"url\":\"https:\\\/\\\/njallaclothing.com\\\/wp-content\\\/uploads\\\/2018\\\/09\\\/4-va\u0308rillinen-perusversio.png\",\"contentUrl\":\"https:\\\/\\\/njallaclothing.com\\\/wp-content\\\/uploads\\\/2018\\\/09\\\/4-va\u0308rillinen-perusversio.png\",\"width\":2451,\"height\":798,\"caption\":\"Nj\u00e1lla Clothing Oy\"},\"image\":{\"@id\":\"https:\\\/\\\/njallaclothing.com\\\/#\\\/schema\\\/logo\\\/image\\\/\"},\"sameAs\":[\"https:\\\/\\\/www.facebook.com\\\/njallaclothing\\\/\",\"https:\\\/\\\/www.instagram.com\\\/njallaclothing\\\/\"]}]}<\/script>\n<!-- \/ Yoast SEO plugin. -->","yoast_head_json":{"title":"LIMITED EDITION The River Flows Through \u2013 leggings LAST SIZES AVAILABLE \u2013 NO RESTOCK! - NJ\u00c1LLA","description":"NJ\u00c1LLA - Transforming plastic waste into ethically made sustainable leggings with art inspired by nature by artist Manuela Bosco from Finland. LIMITED EDITION The River Flows Through \u2013 leggings LAST SIZES AVAILABLE \u2013 NO RESTOCK!","robots":{"index":"index","follow":"follow","max-snippet":"max-snippet:-1","max-image-preview":"max-image-preview:large","max-video-preview":"max-video-preview:-1"},"canonical":"https:\/\/njallaclothing.com\/fi\/tuote\/ethically-made-sustainable-art-leggings\/","og_locale":"fi_FI","og_type":"article","og_title":"LIMITED EDITION The River Flows Through \u2013 leggings LAST SIZES AVAILABLE \u2013 NO RESTOCK! - NJ\u00c1LLA","og_description":"NJ\u00c1LLA - Transforming plastic waste into ethically made sustainable leggings with art inspired by nature by artist Manuela Bosco from Finland. LIMITED EDITION The River Flows Through \u2013 leggings LAST SIZES AVAILABLE \u2013 NO RESTOCK!","og_url":"https:\/\/njallaclothing.com\/fi\/tuote\/ethically-made-sustainable-art-leggings\/","og_site_name":"NJ\u00c1LLA","article_publisher":"https:\/\/www.facebook.com\/njallaclothing\/","article_modified_time":"2025-09-18T05:52:02+00:00","og_image":[{"width":1587,"height":2560,"url":"https:\/\/njallaclothing.com\/wp-content\/uploads\/2020\/01\/art_leggings_manueala_bosco-scaled.jpg","type":"image\/jpeg"}],"twitter_misc":{"Arvioitu lukuaika":"3 minuuttia"},"schema":{"@context":"https:\/\/schema.org","@graph":[{"@type":"WebPage","@id":"https:\/\/njallaclothing.com\/product\/ethically-made-sustainable-art-leggings\/","url":"https:\/\/njallaclothing.com\/product\/ethically-made-sustainable-art-leggings\/","name":"LIMITED EDITION The River Flows Through \u2013 leggings LAST SIZES AVAILABLE \u2013 NO RESTOCK! - NJ\u00c1LLA","isPartOf":{"@id":"https:\/\/njallaclothing.com\/#website"},"primaryImageOfPage":{"@id":"https:\/\/njallaclothing.com\/product\/ethically-made-sustainable-art-leggings\/#primaryimage"},"image":{"@id":"https:\/\/njallaclothing.com\/product\/ethically-made-sustainable-art-leggings\/#primaryimage"},"thumbnailUrl":"https:\/\/njallaclothing.com\/wp-content\/uploads\/2020\/01\/art_leggings_manueala_bosco-scaled.jpg","datePublished":"2020-01-19T09:56:21+00:00","dateModified":"2025-09-18T05:52:02+00:00","description":"NJ\u00c1LLA - Transforming plastic waste into ethically made sustainable leggings with art inspired by nature by artist Manuela Bosco from Finland. LIMITED EDITION The River Flows Through \u2013 leggings LAST SIZES AVAILABLE \u2013 NO RESTOCK!","breadcrumb":{"@id":"https:\/\/njallaclothing.com\/product\/ethically-made-sustainable-art-leggings\/#breadcrumb"},"inLanguage":"fi","potentialAction":[{"@type":"ReadAction","target":["https:\/\/njallaclothing.com\/product\/ethically-made-sustainable-art-leggings\/"]}]},{"@type":"ImageObject","inLanguage":"fi","@id":"https:\/\/njallaclothing.com\/product\/ethically-made-sustainable-art-leggings\/#primaryimage","url":"https:\/\/njallaclothing.com\/wp-content\/uploads\/2020\/01\/art_leggings_manueala_bosco-scaled.jpg","contentUrl":"https:\/\/njallaclothing.com\/wp-content\/uploads\/2020\/01\/art_leggings_manueala_bosco-scaled.jpg","width":1587,"height":2560,"caption":"Ethically made sustainable leggings with art by Manuela Bosco"},{"@type":"BreadcrumbList","@id":"https:\/\/njallaclothing.com\/product\/ethically-made-sustainable-art-leggings\/#breadcrumb","itemListElement":[{"@type":"ListItem","position":1,"name":"Home","item":"https:\/\/njallaclothing.com\/"},{"@type":"ListItem","position":2,"name":"Products","item":"https:\/\/njallaclothing.com\/shop\/"},{"@type":"ListItem","position":3,"name":"LIMITED EDITION The River Flows Through \u2013 leggings LAST SIZES AVAILABLE \u2013 NO RESTOCK!"}]},{"@type":"WebSite","@id":"https:\/\/njallaclothing.com\/#website","url":"https:\/\/njallaclothing.com\/","name":"NJ\u00c1LLA","description":"Sustainable yoga clothes from Finland with handmade art","publisher":{"@id":"https:\/\/njallaclothing.com\/#organization"},"potentialAction":[{"@type":"SearchAction","target":{"@type":"EntryPoint","urlTemplate":"https:\/\/njallaclothing.com\/?s={search_term_string}"},"query-input":{"@type":"PropertyValueSpecification","valueRequired":true,"valueName":"search_term_string"}}],"inLanguage":"fi"},{"@type":"Organization","@id":"https:\/\/njallaclothing.com\/#organization","name":"Nj\u00e1lla Clothing Oy","url":"https:\/\/njallaclothing.com\/","logo":{"@type":"ImageObject","inLanguage":"fi","@id":"https:\/\/njallaclothing.com\/#\/schema\/logo\/image\/","url":"https:\/\/njallaclothing.com\/wp-content\/uploads\/2018\/09\/4-va\u0308rillinen-perusversio.png","contentUrl":"https:\/\/njallaclothing.com\/wp-content\/uploads\/2018\/09\/4-va\u0308rillinen-perusversio.png","width":2451,"height":798,"caption":"Nj\u00e1lla Clothing Oy"},"image":{"@id":"https:\/\/njallaclothing.com\/#\/schema\/logo\/image\/"},"sameAs":["https:\/\/www.facebook.com\/njallaclothing\/","https:\/\/www.instagram.com\/njallaclothing\/"]}]}},"jetpack_sharing_enabled":true,"_links":{"self":[{"href":"https:\/\/njallaclothing.com\/fi\/wp-json\/wp\/v2\/product\/1829","targetHints":{"allow":["GET"]}}],"collection":[{"href":"https:\/\/njallaclothing.com\/fi\/wp-json\/wp\/v2\/product"}],"about":[{"href":"https:\/\/njallaclothing.com\/fi\/wp-json\/wp\/v2\/types\/product"}],"version-history":[{"count":17,"href":"https:\/\/njallaclothing.com\/fi\/wp-json\/wp\/v2\/product\/1829\/revisions"}],"predecessor-version":[{"id":3475,"href":"https:\/\/njallaclothing.com\/fi\/wp-json\/wp\/v2\/product\/1829\/revisions\/3475"}],"wp:featuredmedia":[{"embeddable":true,"href":"https:\/\/njallaclothing.com\/fi\/wp-json\/wp\/v2\/media\/1912"}],"wp:attachment":[{"href":"https:\/\/njallaclothing.com\/fi\/wp-json\/wp\/v2\/media?parent=1829"}],"wp:term":[{"taxonomy":"product_brand","embeddable":true,"href":"https:\/\/njallaclothing.com\/fi\/wp-json\/wp\/v2\/product_brand?post=1829"},{"taxonomy":"product_cat","embeddable":true,"href":"https:\/\/njallaclothing.com\/fi\/wp-json\/wp\/v2\/product_cat?post=1829"},{"taxonomy":"product_tag","embeddable":true,"href":"https:\/\/njallaclothing.com\/fi\/wp-json\/wp\/v2\/product_tag?post=1829"}],"curies":[{"name":"wp","href":"https:\/\/api.w.org\/{rel}","templated":true}]}}