{"id":1188,"date":"2019-05-16T19:31:01","date_gmt":"2019-05-16T19:31:01","guid":{"rendered":"https:\/\/njallaclothing.com\/?post_type=product&#038;p=1188"},"modified":"2026-01-04T09:22:42","modified_gmt":"2026-01-04T09:22:42","slug":"sustainable-leggings-with-art-from-finland","status":"publish","type":"product","link":"https:\/\/njallaclothing.com\/fi\/tuote\/sustainable-leggings-with-art-from-finland\/","title":{"rendered":"Riippakoivu - Soahki satumets\u00e4 legginssit"},"content":{"rendered":"<h4>Eettisesti valmistetut ekologiset leggingsit<\/h4>\n<p>Weeping birch \u2013 Soahki fairy-tale sustainable leggings are ethically made, lightweight and silky soft. Therefore, making you feel most comfortable to do yoga, pilates, walking, running, hiking, dancing, chilling or whatever it is where you want to feel comfortable. In addition, these leggings are designed with no irritating seams or stitches with a flattering high waist fit. In other words, you can concentrate on to what is most important and sets your heart on fire. Above all the ecological material (recycled P.E.T.) is safe for you and the environment.<\/p>\n<p>Weeping birch \u2013 sustainable leggings are made of ecological material. The material used in these leggings are recycled plastic (recycled P.E.T.).<\/p>\n<p>Kaikki Nj\u00e1llan leggingsit on suunniteltu suomalaisten jooga- ja urheiluammattilaisten toimesta.<\/p>\n<h4>Art prints inspired by our Nordic nature<\/h4>\n<p>Weeping birch \u2013 Soahki fairy-tale sustainable leggings unique art print is designed by Nj\u00e1lla and made in Finland. The inspiration of this beautiful print is the weeping birch, soahki in samean language. Weeping birch finds it strength from the roots that go deep in the ground. The more the wind blows, the stronger the roots gets. The \u201croots of a tree that grew up in the wind is strong\u201d.<\/p>\n<p>The art of this beautiful print was custom made for Nj\u00e1lla by a talented artist <a href=\"https:\/\/www.instagram.com\/angelinaluzhina\/\">Angelina Luzhina<\/a> from <a href=\"https:\/\/www.grafilinka.fi\/\">Grafilinka<\/a>. This print is part of Nj\u00e1lla\u00b4s\u00a0 &#8220;<em>Nordic Tropic<\/em>&#8221; -summer edition 2019.<\/p>\n<p>&#8220;<em>From a small seed it grew the roots so deep.<\/em><br \/>\n<em>For decades it stood there within its humble glory, and offered its beauty through every season.<\/em><br \/>\n<em>As the rays of the sun linger on its glossy leaves and as the wind touches its long weeping branches,<\/em><br \/>\n<em>you can feel the ultimate love Mother Nature has to share.<\/em><br \/>\n<em>Stop for a moment and listen the story of this tree &#8211; the whisper from the earth.<\/em><br \/>\n<em>Breathe deep. Exist now.<\/em><br \/>\n<em>Become part of the tree and the roots, the ones that connect all of us into a one soul.<\/em>&#8221;<\/p>\n<p>&#8211; <em>Nj\u00e1llagirl from Finland<\/em><\/p>\n<h4>T\u00e4ydellinen istuvuus ja vinkit tuotteen pitk\u00e4\u00e4n elinkaareen<\/h4>\n<p class=\" translation-block\">N\u00e4m\u00e4 eettisesti valmistetut ekologiset leggingsit ovat pieni pala taidetta pohjoisesta. Pid\u00e4th\u00e4n huolen, ett\u00e4 l\u00f6yd\u00e4t itsellesi oikean koon <a href=\"https:\/\/njallaclothing.com\/size-guide\/\" target=\"_self\">koko-oppaastamme.<\/a> Lis\u00e4ksi katso vinkkimme, miten tuote s\u00e4ilyy mahdollisimman pitk\u00e4\u00e4n hyv\u00e4kuntoisena <a href=\"https:\/\/njallaclothing.com\/size-guide\/\" target=\"_self\">hoito-oppaastamme<\/a>.<\/p>\n<h4>Tehd\u00e4\u00e4n yhdess\u00e4 tulevaisuudesta kest\u00e4v\u00e4mpi<\/h4>\n<p class=\" translation-block\">Tavoitteemme on valmistaa vastuullisesti ekologisia ja uniikkeja tuotteita kest\u00e4v\u00e4mm\u00e4n tulevaisuuden puolesta. Kirjoitetaan yhdess\u00e4 tarinaa kest\u00e4v\u00e4mm\u00e4n kehityksen puolesta Facebookissa ja Instagramissa. T\u00e4g\u00e4\u00e4 meid\u00e4t #njallagirl tai #njallagirls niin l\u00f6yd\u00e4mme kaikki teid\u00e4t ekotietoiset Nj\u00e1lla tuotteiden k\u00e4ytt\u00e4j\u00e4t.<\/p>\n<p>&nbsp;<\/p>","protected":false},"excerpt":{"rendered":"<p>Weeping birch \u2013 Soahki fairy-tale sustainable leggings are ethically made and extremely comfortable and suitable for any activity or relaxation. These lightweight, silky soft leggings with flattering high waist are made to make you feel amazing.<\/p>\n<p>Materiaali: 73 % kierr\u00e4tetty\u00e4 muovia (recycled P.E.T.) \/ spandexia 27 %<\/p>\n<p>The model in studio is 175 cm tall and wearing size S. The model outdoors is 178 cm tall and is wearing size M. The model in the outdoor video is 170 cm and wearing size S. The model outdoors is wearing size M. View our <a href=\"https:\/\/njallaclothing.com\/size-guide\/\" target=\"_blank\" rel=\"noopener noreferrer\">size guide<\/a> for reference.<\/p>\n<p>Both ethical production conditions and ecological materials used in this product are verified with certifications granted by international third parties. Read more of our <a href=\"https:\/\/njallaclothing.com\/responsibility\/\">responsibility<\/a>.<\/p>","protected":false},"featured_media":2501,"template":"","meta":{"_mo_disable_npp":"","_monsterinsights_skip_tracking":false,"_monsterinsights_sitenote_active":false,"_monsterinsights_sitenote_note":"","_monsterinsights_sitenote_category":0,"ocean_post_layout":"","ocean_both_sidebars_style":"","ocean_both_sidebars_content_width":0,"ocean_both_sidebars_sidebars_width":0,"ocean_sidebar":"0","ocean_second_sidebar":"0","ocean_disable_margins":"enable","ocean_add_body_class":"","ocean_shortcode_before_top_bar":"","ocean_shortcode_after_top_bar":"","ocean_shortcode_before_header":"","ocean_shortcode_after_header":"","ocean_has_shortcode":"","ocean_shortcode_after_title":"","ocean_shortcode_before_footer_widgets":"","ocean_shortcode_after_footer_widgets":"","ocean_shortcode_before_footer_bottom":"","ocean_shortcode_after_footer_bottom":"","ocean_display_top_bar":"default","ocean_display_header":"default","ocean_header_style":"","ocean_center_header_left_menu":"0","ocean_custom_header_template":"0","ocean_custom_logo":0,"ocean_custom_retina_logo":0,"ocean_custom_logo_max_width":0,"ocean_custom_logo_tablet_max_width":0,"ocean_custom_logo_mobile_max_width":0,"ocean_custom_logo_max_height":0,"ocean_custom_logo_tablet_max_height":0,"ocean_custom_logo_mobile_max_height":0,"ocean_header_custom_menu":"0","ocean_menu_typo_font_family":"0","ocean_menu_typo_font_subset":"","ocean_menu_typo_font_size":0,"ocean_menu_typo_font_size_tablet":0,"ocean_menu_typo_font_size_mobile":0,"ocean_menu_typo_font_size_unit":"px","ocean_menu_typo_font_weight":"","ocean_menu_typo_font_weight_tablet":"","ocean_menu_typo_font_weight_mobile":"","ocean_menu_typo_transform":"","ocean_menu_typo_transform_tablet":"","ocean_menu_typo_transform_mobile":"","ocean_menu_typo_line_height":0,"ocean_menu_typo_line_height_tablet":0,"ocean_menu_typo_line_height_mobile":0,"ocean_menu_typo_line_height_unit":"","ocean_menu_typo_spacing":0,"ocean_menu_typo_spacing_tablet":0,"ocean_menu_typo_spacing_mobile":0,"ocean_menu_typo_spacing_unit":"","ocean_menu_link_color":"","ocean_menu_link_color_hover":"","ocean_menu_link_color_active":"","ocean_menu_link_background":"","ocean_menu_link_hover_background":"","ocean_menu_link_active_background":"","ocean_menu_social_links_bg":"","ocean_menu_social_hover_links_bg":"","ocean_menu_social_links_color":"","ocean_menu_social_hover_links_color":"","ocean_disable_title":"default","ocean_disable_heading":"default","ocean_post_title":"","ocean_post_subheading":"","ocean_post_title_style":"","ocean_post_title_background_color":"","ocean_post_title_background":0,"ocean_post_title_bg_image_position":"","ocean_post_title_bg_image_attachment":"","ocean_post_title_bg_image_repeat":"","ocean_post_title_bg_image_size":"","ocean_post_title_height":0,"ocean_post_title_bg_overlay":0.5,"ocean_post_title_bg_overlay_color":"","ocean_disable_breadcrumbs":"default","ocean_breadcrumbs_color":"","ocean_breadcrumbs_separator_color":"","ocean_breadcrumbs_links_color":"","ocean_breadcrumbs_links_hover_color":"","ocean_display_footer_widgets":"default","ocean_display_footer_bottom":"default","ocean_custom_footer_template":"0","jetpack_post_was_ever_published":false},"product_brand":[],"product_cat":[19,17],"product_tag":[28],"class_list":{"0":"post-1188","1":"product","2":"type-product","3":"status-publish","4":"has-post-thumbnail","6":"product_cat-bottoms","7":"product_cat-uncategorized","8":"product_tag-silver-birch-soahki-blue","10":"entry","11":"has-media","13":"first","14":"instock","15":"taxable","16":"shipping-taxable","17":"purchasable","18":"product-type-variable","19":"col","20":"span_1_of_3","21":"owp-content-center","22":"owp-thumbs-layout-horizontal","23":"owp-btn-normal","24":"owp-tabs-layout-horizontal"},"yoast_head":"<!-- This site is optimized with the Yoast SEO plugin v27.4 - https:\/\/yoast.com\/product\/yoast-seo-wordpress\/ -->\n<title>Sustainable leggings - Weeping birch - Soahki fairy-tale leggings - NJ\u00c1LLA<\/title>\n<meta name=\"description\" content=\"NJ\u00c1LLA - Transforming plastic waste into ethically made sustainable leggings with art inspired by the Nordic nature from Finland. Shop now!\" \/>\n<meta name=\"robots\" content=\"index, follow, max-snippet:-1, max-image-preview:large, max-video-preview:-1\" \/>\n<link rel=\"canonical\" href=\"https:\/\/njallaclothing.com\/fi\/tuote\/sustainable-leggings-with-art-from-finland\/\" \/>\n<meta property=\"og:locale\" content=\"fi_FI\" \/>\n<meta property=\"og:type\" content=\"article\" \/>\n<meta property=\"og:title\" content=\"Sustainable leggings - Weeping birch - Soahki fairy-tale leggings - NJ\u00c1LLA\" \/>\n<meta property=\"og:description\" content=\"NJ\u00c1LLA - Transforming plastic waste into ethically made sustainable leggings with art inspired by the Nordic nature from Finland. Shop now!\" \/>\n<meta property=\"og:url\" content=\"https:\/\/njallaclothing.com\/fi\/tuote\/sustainable-leggings-with-art-from-finland\/\" \/>\n<meta property=\"og:site_name\" content=\"NJ\u00c1LLA\" \/>\n<meta property=\"article:publisher\" content=\"https:\/\/www.facebook.com\/njallaclothing\/\" \/>\n<meta property=\"article:modified_time\" content=\"2026-01-04T09:22:42+00:00\" \/>\n<meta property=\"og:image\" content=\"https:\/\/njallaclothing.com\/wp-content\/uploads\/2019\/05\/IMG_4876-scaled.jpg\" \/>\n\t<meta property=\"og:image:width\" content=\"1601\" \/>\n\t<meta property=\"og:image:height\" content=\"2560\" \/>\n\t<meta property=\"og:image:type\" content=\"image\/jpeg\" \/>\n<meta name=\"twitter:label1\" content=\"Arvioitu lukuaika\" \/>\n\t<meta name=\"twitter:data1\" content=\"2 minuuttia\" \/>\n<script type=\"application\/ld+json\" class=\"yoast-schema-graph\">{\"@context\":\"https:\\\/\\\/schema.org\",\"@graph\":[{\"@type\":\"WebPage\",\"@id\":\"https:\\\/\\\/njallaclothing.com\\\/product\\\/sustainable-leggings-with-art-from-finland\\\/\",\"url\":\"https:\\\/\\\/njallaclothing.com\\\/product\\\/sustainable-leggings-with-art-from-finland\\\/\",\"name\":\"Sustainable leggings - Weeping birch - Soahki fairy-tale leggings - NJ\u00c1LLA\",\"isPartOf\":{\"@id\":\"https:\\\/\\\/njallaclothing.com\\\/#website\"},\"primaryImageOfPage\":{\"@id\":\"https:\\\/\\\/njallaclothing.com\\\/product\\\/sustainable-leggings-with-art-from-finland\\\/#primaryimage\"},\"image\":{\"@id\":\"https:\\\/\\\/njallaclothing.com\\\/product\\\/sustainable-leggings-with-art-from-finland\\\/#primaryimage\"},\"thumbnailUrl\":\"https:\\\/\\\/njallaclothing.com\\\/wp-content\\\/uploads\\\/2019\\\/05\\\/IMG_4876-scaled.jpg\",\"datePublished\":\"2019-05-16T19:31:01+00:00\",\"dateModified\":\"2026-01-04T09:22:42+00:00\",\"description\":\"NJ\u00c1LLA - Transforming plastic waste into ethically made sustainable leggings with art inspired by the Nordic nature from Finland. Shop now!\",\"breadcrumb\":{\"@id\":\"https:\\\/\\\/njallaclothing.com\\\/product\\\/sustainable-leggings-with-art-from-finland\\\/#breadcrumb\"},\"inLanguage\":\"fi\",\"potentialAction\":[{\"@type\":\"ReadAction\",\"target\":[\"https:\\\/\\\/njallaclothing.com\\\/product\\\/sustainable-leggings-with-art-from-finland\\\/\"]}]},{\"@type\":\"ImageObject\",\"inLanguage\":\"fi\",\"@id\":\"https:\\\/\\\/njallaclothing.com\\\/product\\\/sustainable-leggings-with-art-from-finland\\\/#primaryimage\",\"url\":\"https:\\\/\\\/njallaclothing.com\\\/wp-content\\\/uploads\\\/2019\\\/05\\\/IMG_4876-scaled.jpg\",\"contentUrl\":\"https:\\\/\\\/njallaclothing.com\\\/wp-content\\\/uploads\\\/2019\\\/05\\\/IMG_4876-scaled.jpg\",\"width\":1601,\"height\":2560,\"caption\":\"Ethically made sustainable leggings with art\"},{\"@type\":\"BreadcrumbList\",\"@id\":\"https:\\\/\\\/njallaclothing.com\\\/product\\\/sustainable-leggings-with-art-from-finland\\\/#breadcrumb\",\"itemListElement\":[{\"@type\":\"ListItem\",\"position\":1,\"name\":\"Home\",\"item\":\"https:\\\/\\\/njallaclothing.com\\\/\"},{\"@type\":\"ListItem\",\"position\":2,\"name\":\"Products\",\"item\":\"https:\\\/\\\/njallaclothing.com\\\/shop\\\/\"},{\"@type\":\"ListItem\",\"position\":3,\"name\":\"Weeping birch &#8211; Soahki fairy-tale leggings\"}]},{\"@type\":\"WebSite\",\"@id\":\"https:\\\/\\\/njallaclothing.com\\\/#website\",\"url\":\"https:\\\/\\\/njallaclothing.com\\\/\",\"name\":\"NJ\u00c1LLA\",\"description\":\"Sustainable yoga clothes from Finland with handmade art\",\"publisher\":{\"@id\":\"https:\\\/\\\/njallaclothing.com\\\/#organization\"},\"potentialAction\":[{\"@type\":\"SearchAction\",\"target\":{\"@type\":\"EntryPoint\",\"urlTemplate\":\"https:\\\/\\\/njallaclothing.com\\\/?s={search_term_string}\"},\"query-input\":{\"@type\":\"PropertyValueSpecification\",\"valueRequired\":true,\"valueName\":\"search_term_string\"}}],\"inLanguage\":\"fi\"},{\"@type\":\"Organization\",\"@id\":\"https:\\\/\\\/njallaclothing.com\\\/#organization\",\"name\":\"Nj\u00e1lla Clothing Oy\",\"url\":\"https:\\\/\\\/njallaclothing.com\\\/\",\"logo\":{\"@type\":\"ImageObject\",\"inLanguage\":\"fi\",\"@id\":\"https:\\\/\\\/njallaclothing.com\\\/#\\\/schema\\\/logo\\\/image\\\/\",\"url\":\"https:\\\/\\\/njallaclothing.com\\\/wp-content\\\/uploads\\\/2018\\\/09\\\/4-va\u0308rillinen-perusversio.png\",\"contentUrl\":\"https:\\\/\\\/njallaclothing.com\\\/wp-content\\\/uploads\\\/2018\\\/09\\\/4-va\u0308rillinen-perusversio.png\",\"width\":2451,\"height\":798,\"caption\":\"Nj\u00e1lla Clothing Oy\"},\"image\":{\"@id\":\"https:\\\/\\\/njallaclothing.com\\\/#\\\/schema\\\/logo\\\/image\\\/\"},\"sameAs\":[\"https:\\\/\\\/www.facebook.com\\\/njallaclothing\\\/\",\"https:\\\/\\\/www.instagram.com\\\/njallaclothing\\\/\"]}]}<\/script>\n<!-- \/ Yoast SEO plugin. -->","yoast_head_json":{"title":"Sustainable leggings - Weeping birch - Soahki fairy-tale leggings - NJ\u00c1LLA","description":"NJ\u00c1LLA - Transforming plastic waste into ethically made sustainable leggings with art inspired by the Nordic nature from Finland. Shop now!","robots":{"index":"index","follow":"follow","max-snippet":"max-snippet:-1","max-image-preview":"max-image-preview:large","max-video-preview":"max-video-preview:-1"},"canonical":"https:\/\/njallaclothing.com\/fi\/tuote\/sustainable-leggings-with-art-from-finland\/","og_locale":"fi_FI","og_type":"article","og_title":"Sustainable leggings - Weeping birch - Soahki fairy-tale leggings - NJ\u00c1LLA","og_description":"NJ\u00c1LLA - Transforming plastic waste into ethically made sustainable leggings with art inspired by the Nordic nature from Finland. Shop now!","og_url":"https:\/\/njallaclothing.com\/fi\/tuote\/sustainable-leggings-with-art-from-finland\/","og_site_name":"NJ\u00c1LLA","article_publisher":"https:\/\/www.facebook.com\/njallaclothing\/","article_modified_time":"2026-01-04T09:22:42+00:00","og_image":[{"width":1601,"height":2560,"url":"https:\/\/njallaclothing.com\/wp-content\/uploads\/2019\/05\/IMG_4876-scaled.jpg","type":"image\/jpeg"}],"twitter_misc":{"Arvioitu lukuaika":"2 minuuttia"},"schema":{"@context":"https:\/\/schema.org","@graph":[{"@type":"WebPage","@id":"https:\/\/njallaclothing.com\/product\/sustainable-leggings-with-art-from-finland\/","url":"https:\/\/njallaclothing.com\/product\/sustainable-leggings-with-art-from-finland\/","name":"Sustainable leggings - Weeping birch - Soahki fairy-tale leggings - NJ\u00c1LLA","isPartOf":{"@id":"https:\/\/njallaclothing.com\/#website"},"primaryImageOfPage":{"@id":"https:\/\/njallaclothing.com\/product\/sustainable-leggings-with-art-from-finland\/#primaryimage"},"image":{"@id":"https:\/\/njallaclothing.com\/product\/sustainable-leggings-with-art-from-finland\/#primaryimage"},"thumbnailUrl":"https:\/\/njallaclothing.com\/wp-content\/uploads\/2019\/05\/IMG_4876-scaled.jpg","datePublished":"2019-05-16T19:31:01+00:00","dateModified":"2026-01-04T09:22:42+00:00","description":"NJ\u00c1LLA - Transforming plastic waste into ethically made sustainable leggings with art inspired by the Nordic nature from Finland. Shop now!","breadcrumb":{"@id":"https:\/\/njallaclothing.com\/product\/sustainable-leggings-with-art-from-finland\/#breadcrumb"},"inLanguage":"fi","potentialAction":[{"@type":"ReadAction","target":["https:\/\/njallaclothing.com\/product\/sustainable-leggings-with-art-from-finland\/"]}]},{"@type":"ImageObject","inLanguage":"fi","@id":"https:\/\/njallaclothing.com\/product\/sustainable-leggings-with-art-from-finland\/#primaryimage","url":"https:\/\/njallaclothing.com\/wp-content\/uploads\/2019\/05\/IMG_4876-scaled.jpg","contentUrl":"https:\/\/njallaclothing.com\/wp-content\/uploads\/2019\/05\/IMG_4876-scaled.jpg","width":1601,"height":2560,"caption":"Ethically made sustainable leggings with art"},{"@type":"BreadcrumbList","@id":"https:\/\/njallaclothing.com\/product\/sustainable-leggings-with-art-from-finland\/#breadcrumb","itemListElement":[{"@type":"ListItem","position":1,"name":"Home","item":"https:\/\/njallaclothing.com\/"},{"@type":"ListItem","position":2,"name":"Products","item":"https:\/\/njallaclothing.com\/shop\/"},{"@type":"ListItem","position":3,"name":"Weeping birch &#8211; Soahki fairy-tale leggings"}]},{"@type":"WebSite","@id":"https:\/\/njallaclothing.com\/#website","url":"https:\/\/njallaclothing.com\/","name":"NJ\u00c1LLA","description":"Sustainable yoga clothes from Finland with handmade art","publisher":{"@id":"https:\/\/njallaclothing.com\/#organization"},"potentialAction":[{"@type":"SearchAction","target":{"@type":"EntryPoint","urlTemplate":"https:\/\/njallaclothing.com\/?s={search_term_string}"},"query-input":{"@type":"PropertyValueSpecification","valueRequired":true,"valueName":"search_term_string"}}],"inLanguage":"fi"},{"@type":"Organization","@id":"https:\/\/njallaclothing.com\/#organization","name":"Nj\u00e1lla Clothing Oy","url":"https:\/\/njallaclothing.com\/","logo":{"@type":"ImageObject","inLanguage":"fi","@id":"https:\/\/njallaclothing.com\/#\/schema\/logo\/image\/","url":"https:\/\/njallaclothing.com\/wp-content\/uploads\/2018\/09\/4-va\u0308rillinen-perusversio.png","contentUrl":"https:\/\/njallaclothing.com\/wp-content\/uploads\/2018\/09\/4-va\u0308rillinen-perusversio.png","width":2451,"height":798,"caption":"Nj\u00e1lla Clothing Oy"},"image":{"@id":"https:\/\/njallaclothing.com\/#\/schema\/logo\/image\/"},"sameAs":["https:\/\/www.facebook.com\/njallaclothing\/","https:\/\/www.instagram.com\/njallaclothing\/"]}]}},"jetpack_sharing_enabled":true,"_links":{"self":[{"href":"https:\/\/njallaclothing.com\/fi\/wp-json\/wp\/v2\/product\/1188","targetHints":{"allow":["GET"]}}],"collection":[{"href":"https:\/\/njallaclothing.com\/fi\/wp-json\/wp\/v2\/product"}],"about":[{"href":"https:\/\/njallaclothing.com\/fi\/wp-json\/wp\/v2\/types\/product"}],"version-history":[{"count":24,"href":"https:\/\/njallaclothing.com\/fi\/wp-json\/wp\/v2\/product\/1188\/revisions"}],"predecessor-version":[{"id":1571,"href":"https:\/\/njallaclothing.com\/fi\/wp-json\/wp\/v2\/product\/1188\/revisions\/1571"}],"wp:featuredmedia":[{"embeddable":true,"href":"https:\/\/njallaclothing.com\/fi\/wp-json\/wp\/v2\/media\/2501"}],"wp:attachment":[{"href":"https:\/\/njallaclothing.com\/fi\/wp-json\/wp\/v2\/media?parent=1188"}],"wp:term":[{"taxonomy":"product_brand","embeddable":true,"href":"https:\/\/njallaclothing.com\/fi\/wp-json\/wp\/v2\/product_brand?post=1188"},{"taxonomy":"product_cat","embeddable":true,"href":"https:\/\/njallaclothing.com\/fi\/wp-json\/wp\/v2\/product_cat?post=1188"},{"taxonomy":"product_tag","embeddable":true,"href":"https:\/\/njallaclothing.com\/fi\/wp-json\/wp\/v2\/product_tag?post=1188"}],"curies":[{"name":"wp","href":"https:\/\/api.w.org\/{rel}","templated":true}]}}