{"id":214,"date":"2019-02-04T21:44:50","date_gmt":"2019-02-04T21:44:50","guid":{"rendered":"https:\/\/njallaclothing.com\/?page_id=214"},"modified":"2020-09-01T09:26:03","modified_gmt":"2020-09-01T09:26:03","slug":"size-guide","status":"publish","type":"page","link":"https:\/\/njallaclothing.com\/fi\/size-guide\/","title":{"rendered":"Koko ja hoito-opas"},"content":{"rendered":"<div data-elementor-type=\"wp-post\" data-elementor-id=\"214\" class=\"elementor elementor-214\" data-elementor-post-type=\"page\">\n\t\t\t\t\t\t<section class=\"elementor-section elementor-top-section elementor-element elementor-element-1eca32a elementor-section-full_width elementor-section-height-min-height elementor-section-height-default elementor-section-items-middle\" data-id=\"1eca32a\" data-element_type=\"section\" data-e-type=\"section\" data-settings=\"{&quot;background_background&quot;:&quot;classic&quot;}\">\n\t\t\t\t\t\t<div class=\"elementor-container elementor-column-gap-default\">\n\t\t\t\t\t<div class=\"elementor-column elementor-col-33 elementor-top-column elementor-element elementor-element-5c419b0\" data-id=\"5c419b0\" data-element_type=\"column\" data-e-type=\"column\">\n\t\t\t<div class=\"elementor-widget-wrap\">\n\t\t\t\t\t\t\t<\/div>\n\t\t<\/div>\n\t\t\t\t<div class=\"elementor-column elementor-col-33 elementor-top-column elementor-element elementor-element-2bbd523\" data-id=\"2bbd523\" data-element_type=\"column\" data-e-type=\"column\">\n\t\t\t<div class=\"elementor-widget-wrap elementor-element-populated\">\n\t\t\t\t\t\t<div class=\"elementor-element elementor-element-2a76b59 animated-slow elementor-invisible elementor-widget elementor-widget-heading\" data-id=\"2a76b59\" data-element_type=\"widget\" data-e-type=\"widget\" data-settings=\"{&quot;_animation&quot;:&quot;fadeInUp&quot;}\" data-widget_type=\"heading.default\">\n\t\t\t\t<div class=\"elementor-widget-container\">\n\t\t\t\t\t<h2 class=\"elementor-heading-title elementor-size-default\">DREAM FIT &amp; LIFELONG PRODUCT<\/h2>\t\t\t\t<\/div>\n\t\t\t\t<\/div>\n\t\t\t\t\t<\/div>\n\t\t<\/div>\n\t\t\t\t<div class=\"elementor-column elementor-col-33 elementor-top-column elementor-element elementor-element-6639682\" data-id=\"6639682\" data-element_type=\"column\" data-e-type=\"column\">\n\t\t\t<div class=\"elementor-widget-wrap\">\n\t\t\t\t\t\t\t<\/div>\n\t\t<\/div>\n\t\t\t\t\t<\/div>\n\t\t<\/section>\n\t\t\t\t<section class=\"elementor-section elementor-top-section elementor-element elementor-element-7e6ffa4 elementor-section-boxed elementor-section-height-default elementor-section-height-default\" data-id=\"7e6ffa4\" data-element_type=\"section\" data-e-type=\"section\">\n\t\t\t\t\t\t<div class=\"elementor-container elementor-column-gap-default\">\n\t\t\t\t\t<div class=\"elementor-column elementor-col-33 elementor-top-column elementor-element elementor-element-1d482ab\" data-id=\"1d482ab\" data-element_type=\"column\" data-e-type=\"column\">\n\t\t\t<div class=\"elementor-widget-wrap\">\n\t\t\t\t\t\t\t<\/div>\n\t\t<\/div>\n\t\t\t\t<div class=\"elementor-column elementor-col-33 elementor-top-column elementor-element elementor-element-0e00201\" data-id=\"0e00201\" data-element_type=\"column\" data-e-type=\"column\">\n\t\t\t<div class=\"elementor-widget-wrap elementor-element-populated\">\n\t\t\t\t\t\t<div class=\"elementor-element elementor-element-fe4737a elementor-widget elementor-widget-heading\" data-id=\"fe4737a\" data-element_type=\"widget\" data-e-type=\"widget\" data-widget_type=\"heading.default\">\n\t\t\t\t<div class=\"elementor-widget-container\">\n\t\t\t\t\t<h2 class=\"elementor-heading-title elementor-size-default\">KOKO-OPAS<\/h2>\t\t\t\t<\/div>\n\t\t\t\t<\/div>\n\t\t\t\t<div class=\"elementor-element elementor-element-b262f66 elementor-widget elementor-widget-text-editor\" data-id=\"b262f66\" data-element_type=\"widget\" data-e-type=\"widget\" data-widget_type=\"text-editor.default\">\n\t\t\t\t<div class=\"elementor-widget-container\">\n\t\t\t\t\t\t\t\t\t<p>Our goal is for you finding the dream fit size at once so that you\u00b4ll receive perfectly fitting products as soon as possible. If you consider between two sizes, we recommend you to choose the smaller one due to the elastic (four way stretch) material used in our sustainable leggings.<\/p>\t\t\t\t\t\t\t\t<\/div>\n\t\t\t\t<\/div>\n\t\t\t\t<div class=\"elementor-element elementor-element-6081f14 elementor-widget elementor-widget-text-editor\" data-id=\"6081f14\" data-element_type=\"widget\" data-e-type=\"widget\" data-widget_type=\"text-editor.default\">\n\t\t\t\t<div class=\"elementor-widget-container\">\n\t\t\t\t\t\t\t\t\t<h4>LEGGINGS<\/h4><p>Kokotaulukko on senttimetreiss\u00e4 (cm).<\/p><p>NOTE that our sizes are comparable with EU-sizes. The measurements (cm) of the size chart of our leggings below are tape measurements of the product without stretching (the fabric).<\/p>\t\t\t\t\t\t\t\t<\/div>\n\t\t\t\t<\/div>\n\t\t\t\t<div class=\"elementor-element elementor-element-d192267 elementor-widget elementor-widget-image\" data-id=\"d192267\" data-element_type=\"widget\" data-e-type=\"widget\" data-widget_type=\"image.default\">\n\t\t\t\t<div class=\"elementor-widget-container\">\n\t\t\t\t\t\t\t\t\t\t\t\t\t\t\t<img fetchpriority=\"high\" decoding=\"async\" width=\"1065\" height=\"459\" src=\"https:\/\/njallaclothing.com\/wp-content\/uploads\/2020\/05\/SIZECHART_NJALLA.png\" class=\"attachment-full size-full wp-image-2186\" alt=\"size chart Nj\u00e1lla Clothing\" srcset=\"https:\/\/njallaclothing.com\/wp-content\/uploads\/2020\/05\/SIZECHART_NJALLA.png 1065w, https:\/\/njallaclothing.com\/wp-content\/uploads\/2020\/05\/SIZECHART_NJALLA-300x129.png 300w, https:\/\/njallaclothing.com\/wp-content\/uploads\/2020\/05\/SIZECHART_NJALLA-1024x441.png 1024w, https:\/\/njallaclothing.com\/wp-content\/uploads\/2020\/05\/SIZECHART_NJALLA-768x331.png 768w, https:\/\/njallaclothing.com\/wp-content\/uploads\/2020\/05\/SIZECHART_NJALLA-600x259.png 600w\" sizes=\"(max-width: 1065px) 100vw, 1065px\" \/>\t\t\t\t\t\t\t\t\t\t\t\t\t\t\t<\/div>\n\t\t\t\t<\/div>\n\t\t\t\t<div class=\"elementor-element elementor-element-7252d9c elementor-widget elementor-widget-text-editor\" data-id=\"7252d9c\" data-element_type=\"widget\" data-e-type=\"widget\" data-widget_type=\"text-editor.default\">\n\t\t\t\t<div class=\"elementor-widget-container\">\n\t\t\t\t\t\t\t\t\t<h4>TOPS<\/h4><p>Our tops sizes are comparable with EU-sizes.\u00a0<\/p><p>XS (34\/36)<br \/>S (38\/40)<br \/>M (38\/40)<br \/>L (40-42)<br \/>XL (42\/44)<br \/>XXL (44-46)<\/p>\t\t\t\t\t\t\t\t<\/div>\n\t\t\t\t<\/div>\n\t\t\t\t\t<\/div>\n\t\t<\/div>\n\t\t\t\t<div class=\"elementor-column elementor-col-33 elementor-top-column elementor-element elementor-element-5476268\" data-id=\"5476268\" data-element_type=\"column\" data-e-type=\"column\">\n\t\t\t<div class=\"elementor-widget-wrap\">\n\t\t\t\t\t\t\t<\/div>\n\t\t<\/div>\n\t\t\t\t\t<\/div>\n\t\t<\/section>\n\t\t\t\t<section class=\"elementor-section elementor-top-section elementor-element elementor-element-d1848ff elementor-section-boxed elementor-section-height-default elementor-section-height-default\" data-id=\"d1848ff\" data-element_type=\"section\" data-e-type=\"section\">\n\t\t\t\t\t\t<div class=\"elementor-container elementor-column-gap-default\">\n\t\t\t\t\t<div class=\"elementor-column elementor-col-33 elementor-top-column elementor-element elementor-element-a2527d9\" data-id=\"a2527d9\" data-element_type=\"column\" data-e-type=\"column\">\n\t\t\t<div class=\"elementor-widget-wrap\">\n\t\t\t\t\t\t\t<\/div>\n\t\t<\/div>\n\t\t\t\t<div class=\"elementor-column elementor-col-33 elementor-top-column elementor-element elementor-element-d021f14\" data-id=\"d021f14\" data-element_type=\"column\" data-e-type=\"column\">\n\t\t\t<div class=\"elementor-widget-wrap elementor-element-populated\">\n\t\t\t\t\t\t<div class=\"elementor-element elementor-element-c423f96 elementor-widget elementor-widget-heading\" data-id=\"c423f96\" data-element_type=\"widget\" data-e-type=\"widget\" data-widget_type=\"heading.default\">\n\t\t\t\t<div class=\"elementor-widget-container\">\n\t\t\t\t\t<h2 class=\"elementor-heading-title elementor-size-default\">HOITO-OPAS<\/h2>\t\t\t\t<\/div>\n\t\t\t\t<\/div>\n\t\t\t\t<div class=\"elementor-element elementor-element-cc564db elementor-widget elementor-widget-text-editor\" data-id=\"cc564db\" data-element_type=\"widget\" data-e-type=\"widget\" data-widget_type=\"text-editor.default\">\n\t\t\t\t<div class=\"elementor-widget-container\">\n\t\t\t\t\t\t\t\t\t<p>We hope you\u00b4ll have memorable time with your unique and sustainable Nj\u00e1lla products and we wish you\u00b4ll take care of them the best you can. Giving clothes a long life is the best way to save the environment. Buy less and when you buy, buy quality and something you really love.<\/p><p>N\u00e4ill\u00e4 ohjeilla varmistat Nj\u00e1lla tuotteiden pitk\u00e4ik\u00e4isyyden;<\/p><p class=\" translation-block\">- Pese samanv\u00e4risten vaatteiden joukossa,\n- \u00c4l\u00e4 k\u00e4yt\u00e4 huuhteluainetta.\n- Nj\u00e1llan legginssit pit\u00e4v\u00e4t 30\u00b0 C l\u00e4mp\u00f6tilasta.\n- \u00c4l\u00e4 k\u00e4yt\u00e4 silitysrautaa.\n- \u00c4l\u00e4 k\u00e4yt\u00e4 kuivausrumpua. Samalla s\u00e4\u00e4st\u00e4t ymp\u00e4rist\u00f6\u00e4. \n- \u00c4l\u00e4 k\u00e4yt\u00e4 valkaisuainetta ellet halua yll\u00e4tt\u00e4\u00e4 itse\u00e4si ja meit\u00e4.\n- \u00c4l\u00e4 k\u00e4yt\u00e4 kemiallista pesua.<\/p><p>Following these washing instructions, you will do just fine. Enjoy your Nj\u00e1lla products and live life the fullest.<\/p>\t\t\t\t\t\t\t\t<\/div>\n\t\t\t\t<\/div>\n\t\t\t\t\t<\/div>\n\t\t<\/div>\n\t\t\t\t<div class=\"elementor-column elementor-col-33 elementor-top-column elementor-element elementor-element-89d88f0\" data-id=\"89d88f0\" data-element_type=\"column\" data-e-type=\"column\">\n\t\t\t<div class=\"elementor-widget-wrap\">\n\t\t\t\t\t\t\t<\/div>\n\t\t<\/div>\n\t\t\t\t\t<\/div>\n\t\t<\/section>\n\t\t\t\t<section class=\"elementor-section elementor-top-section elementor-element elementor-element-dafdb76 elementor-section-stretched elementor-section-full_width elementor-section-height-min-height elementor-section-height-default elementor-section-items-middle\" data-id=\"dafdb76\" data-element_type=\"section\" data-e-type=\"section\" data-settings=\"{&quot;stretch_section&quot;:&quot;section-stretched&quot;,&quot;background_background&quot;:&quot;classic&quot;}\">\n\t\t\t\t\t\t<div class=\"elementor-container elementor-column-gap-default\">\n\t\t\t\t\t<div class=\"elementor-column elementor-col-100 elementor-top-column elementor-element elementor-element-071c642\" data-id=\"071c642\" data-element_type=\"column\" data-e-type=\"column\">\n\t\t\t<div class=\"elementor-widget-wrap\">\n\t\t\t\t\t\t\t<\/div>\n\t\t<\/div>\n\t\t\t\t\t<\/div>\n\t\t<\/section>\n\t\t\t\t<\/div>","protected":false},"excerpt":{"rendered":"<p>DREAM FIT &#038; LIFELONG PRODUCT SIZE GUIDE Our goal is for you finding the dream fit size at once so that you\u00b4ll receive perfectly fitting products as soon as possible. If you consider between two sizes, we recommend you to choose the smaller one due to the elastic (four way stretch) material used in our [&hellip;]<\/p>\n","protected":false},"author":1,"featured_media":0,"parent":0,"menu_order":0,"comment_status":"closed","ping_status":"closed","template":"","meta":{"_mo_disable_npp":"","_monsterinsights_skip_tracking":false,"_monsterinsights_sitenote_active":false,"_monsterinsights_sitenote_note":"","_monsterinsights_sitenote_category":0,"ocean_post_layout":"full-screen","ocean_both_sidebars_style":"","ocean_both_sidebars_content_width":0,"ocean_both_sidebars_sidebars_width":0,"ocean_sidebar":"0","ocean_second_sidebar":"0","ocean_disable_margins":"enable","ocean_add_body_class":"","ocean_shortcode_before_top_bar":"","ocean_shortcode_after_top_bar":"","ocean_shortcode_before_header":"","ocean_shortcode_after_header":"","ocean_has_shortcode":"","ocean_shortcode_after_title":"","ocean_shortcode_before_footer_widgets":"","ocean_shortcode_after_footer_widgets":"","ocean_shortcode_before_footer_bottom":"","ocean_shortcode_after_footer_bottom":"","ocean_display_top_bar":"default","ocean_display_header":"default","ocean_header_style":"","ocean_center_header_left_menu":"0","ocean_custom_header_template":"0","ocean_custom_logo":0,"ocean_custom_retina_logo":0,"ocean_custom_logo_max_width":0,"ocean_custom_logo_tablet_max_width":0,"ocean_custom_logo_mobile_max_width":0,"ocean_custom_logo_max_height":0,"ocean_custom_logo_tablet_max_height":0,"ocean_custom_logo_mobile_max_height":0,"ocean_header_custom_menu":"0","ocean_menu_typo_font_family":"0","ocean_menu_typo_font_subset":"","ocean_menu_typo_font_size":0,"ocean_menu_typo_font_size_tablet":0,"ocean_menu_typo_font_size_mobile":0,"ocean_menu_typo_font_size_unit":"px","ocean_menu_typo_font_weight":"","ocean_menu_typo_font_weight_tablet":"","ocean_menu_typo_font_weight_mobile":"","ocean_menu_typo_transform":"","ocean_menu_typo_transform_tablet":"","ocean_menu_typo_transform_mobile":"","ocean_menu_typo_line_height":0,"ocean_menu_typo_line_height_tablet":0,"ocean_menu_typo_line_height_mobile":0,"ocean_menu_typo_line_height_unit":"","ocean_menu_typo_spacing":0,"ocean_menu_typo_spacing_tablet":0,"ocean_menu_typo_spacing_mobile":0,"ocean_menu_typo_spacing_unit":"","ocean_menu_link_color":"","ocean_menu_link_color_hover":"","ocean_menu_link_color_active":"","ocean_menu_link_background":"","ocean_menu_link_hover_background":"","ocean_menu_link_active_background":"","ocean_menu_social_links_bg":"","ocean_menu_social_hover_links_bg":"","ocean_menu_social_links_color":"","ocean_menu_social_hover_links_color":"","ocean_disable_title":"default","ocean_disable_heading":"default","ocean_post_title":"","ocean_post_subheading":"","ocean_post_title_style":"","ocean_post_title_background_color":"","ocean_post_title_background":0,"ocean_post_title_bg_image_position":"","ocean_post_title_bg_image_attachment":"","ocean_post_title_bg_image_repeat":"","ocean_post_title_bg_image_size":"","ocean_post_title_height":0,"ocean_post_title_bg_overlay":0.5,"ocean_post_title_bg_overlay_color":"","ocean_disable_breadcrumbs":"default","ocean_breadcrumbs_color":"","ocean_breadcrumbs_separator_color":"","ocean_breadcrumbs_links_color":"","ocean_breadcrumbs_links_hover_color":"","ocean_display_footer_widgets":"default","ocean_display_footer_bottom":"default","ocean_custom_footer_template":"0","jetpack_post_was_ever_published":false,"footnotes":""},"class_list":["post-214","page","type-page","status-publish","hentry","entry","owp-thumbs-layout-horizontal","owp-btn-normal","owp-tabs-layout-horizontal","has-no-thumbnails"],"yoast_head":"<!-- This site is optimized with the Yoast SEO plugin v27.4 - https:\/\/yoast.com\/product\/yoast-seo-wordpress\/ -->\n<title>Size and care guide - NJ\u00c1LLA<\/title>\n<meta name=\"description\" content=\"DREAM FIT &amp; LIFELONG PRODUCT SIZE GUIDE Our goal is for you finding the dream fit size at once so that you\u00b4ll receive perfectly fitting products as soon\" \/>\n<meta name=\"robots\" content=\"index, follow, max-snippet:-1, max-image-preview:large, max-video-preview:-1\" \/>\n<link rel=\"canonical\" href=\"https:\/\/njallaclothing.com\/fi\/size-guide\/\" \/>\n<meta property=\"og:locale\" content=\"fi_FI\" \/>\n<meta property=\"og:type\" content=\"article\" \/>\n<meta property=\"og:title\" content=\"Size and care guide - NJ\u00c1LLA\" \/>\n<meta property=\"og:description\" content=\"DREAM FIT &amp; LIFELONG PRODUCT SIZE GUIDE Our goal is for you finding the dream fit size at once so that you\u00b4ll receive perfectly fitting products as soon\" \/>\n<meta property=\"og:url\" content=\"https:\/\/njallaclothing.com\/fi\/size-guide\/\" \/>\n<meta property=\"og:site_name\" content=\"NJ\u00c1LLA\" \/>\n<meta property=\"article:publisher\" content=\"https:\/\/www.facebook.com\/njallaclothing\/\" \/>\n<meta property=\"article:modified_time\" content=\"2020-09-01T09:26:03+00:00\" \/>\n<meta property=\"og:image\" content=\"https:\/\/njallaclothing.com\/wp-content\/uploads\/2020\/05\/SIZECHART_NJALLA.png\" \/>\n<meta name=\"twitter:label1\" content=\"Arvioitu lukuaika\" \/>\n\t<meta name=\"twitter:data1\" content=\"1 minuutti\" \/>\n<script type=\"application\/ld+json\" class=\"yoast-schema-graph\">{\"@context\":\"https:\\\/\\\/schema.org\",\"@graph\":[{\"@type\":\"WebPage\",\"@id\":\"https:\\\/\\\/njallaclothing.com\\\/size-guide\\\/\",\"url\":\"https:\\\/\\\/njallaclothing.com\\\/size-guide\\\/\",\"name\":\"Size and care guide - NJ\u00c1LLA\",\"isPartOf\":{\"@id\":\"https:\\\/\\\/njallaclothing.com\\\/#website\"},\"primaryImageOfPage\":{\"@id\":\"https:\\\/\\\/njallaclothing.com\\\/size-guide\\\/#primaryimage\"},\"image\":{\"@id\":\"https:\\\/\\\/njallaclothing.com\\\/size-guide\\\/#primaryimage\"},\"thumbnailUrl\":\"https:\\\/\\\/njallaclothing.com\\\/wp-content\\\/uploads\\\/2020\\\/05\\\/SIZECHART_NJALLA.png\",\"datePublished\":\"2019-02-04T21:44:50+00:00\",\"dateModified\":\"2020-09-01T09:26:03+00:00\",\"description\":\"DREAM FIT & LIFELONG PRODUCT SIZE GUIDE Our goal is for you finding the dream fit size at once so that you\u00b4ll receive perfectly fitting products as soon\",\"breadcrumb\":{\"@id\":\"https:\\\/\\\/njallaclothing.com\\\/size-guide\\\/#breadcrumb\"},\"inLanguage\":\"fi\",\"potentialAction\":[{\"@type\":\"ReadAction\",\"target\":[\"https:\\\/\\\/njallaclothing.com\\\/size-guide\\\/\"]}]},{\"@type\":\"ImageObject\",\"inLanguage\":\"fi\",\"@id\":\"https:\\\/\\\/njallaclothing.com\\\/size-guide\\\/#primaryimage\",\"url\":\"https:\\\/\\\/njallaclothing.com\\\/wp-content\\\/uploads\\\/2020\\\/05\\\/SIZECHART_NJALLA.png\",\"contentUrl\":\"https:\\\/\\\/njallaclothing.com\\\/wp-content\\\/uploads\\\/2020\\\/05\\\/SIZECHART_NJALLA.png\"},{\"@type\":\"BreadcrumbList\",\"@id\":\"https:\\\/\\\/njallaclothing.com\\\/size-guide\\\/#breadcrumb\",\"itemListElement\":[{\"@type\":\"ListItem\",\"position\":1,\"name\":\"Home\",\"item\":\"https:\\\/\\\/njallaclothing.com\\\/\"},{\"@type\":\"ListItem\",\"position\":2,\"name\":\"Size and care guide\"}]},{\"@type\":\"WebSite\",\"@id\":\"https:\\\/\\\/njallaclothing.com\\\/#website\",\"url\":\"https:\\\/\\\/njallaclothing.com\\\/\",\"name\":\"NJ\u00c1LLA\",\"description\":\"Sustainable yoga clothes from Finland with handmade art\",\"publisher\":{\"@id\":\"https:\\\/\\\/njallaclothing.com\\\/#organization\"},\"potentialAction\":[{\"@type\":\"SearchAction\",\"target\":{\"@type\":\"EntryPoint\",\"urlTemplate\":\"https:\\\/\\\/njallaclothing.com\\\/?s={search_term_string}\"},\"query-input\":{\"@type\":\"PropertyValueSpecification\",\"valueRequired\":true,\"valueName\":\"search_term_string\"}}],\"inLanguage\":\"fi\"},{\"@type\":\"Organization\",\"@id\":\"https:\\\/\\\/njallaclothing.com\\\/#organization\",\"name\":\"Nj\u00e1lla Clothing Oy\",\"url\":\"https:\\\/\\\/njallaclothing.com\\\/\",\"logo\":{\"@type\":\"ImageObject\",\"inLanguage\":\"fi\",\"@id\":\"https:\\\/\\\/njallaclothing.com\\\/#\\\/schema\\\/logo\\\/image\\\/\",\"url\":\"https:\\\/\\\/njallaclothing.com\\\/wp-content\\\/uploads\\\/2018\\\/09\\\/4-va\u0308rillinen-perusversio.png\",\"contentUrl\":\"https:\\\/\\\/njallaclothing.com\\\/wp-content\\\/uploads\\\/2018\\\/09\\\/4-va\u0308rillinen-perusversio.png\",\"width\":2451,\"height\":798,\"caption\":\"Nj\u00e1lla Clothing Oy\"},\"image\":{\"@id\":\"https:\\\/\\\/njallaclothing.com\\\/#\\\/schema\\\/logo\\\/image\\\/\"},\"sameAs\":[\"https:\\\/\\\/www.facebook.com\\\/njallaclothing\\\/\",\"https:\\\/\\\/www.instagram.com\\\/njallaclothing\\\/\"]}]}<\/script>\n<!-- \/ Yoast SEO plugin. -->","yoast_head_json":{"title":"Size and care guide - NJ\u00c1LLA","description":"DREAM FIT & LIFELONG PRODUCT SIZE GUIDE Our goal is for you finding the dream fit size at once so that you\u00b4ll receive perfectly fitting products as soon","robots":{"index":"index","follow":"follow","max-snippet":"max-snippet:-1","max-image-preview":"max-image-preview:large","max-video-preview":"max-video-preview:-1"},"canonical":"https:\/\/njallaclothing.com\/fi\/size-guide\/","og_locale":"fi_FI","og_type":"article","og_title":"Size and care guide - NJ\u00c1LLA","og_description":"DREAM FIT & LIFELONG PRODUCT SIZE GUIDE Our goal is for you finding the dream fit size at once so that you\u00b4ll receive perfectly fitting products as soon","og_url":"https:\/\/njallaclothing.com\/fi\/size-guide\/","og_site_name":"NJ\u00c1LLA","article_publisher":"https:\/\/www.facebook.com\/njallaclothing\/","article_modified_time":"2020-09-01T09:26:03+00:00","og_image":[{"url":"https:\/\/njallaclothing.com\/wp-content\/uploads\/2020\/05\/SIZECHART_NJALLA.png","type":"","width":"","height":""}],"twitter_misc":{"Arvioitu lukuaika":"1 minuutti"},"schema":{"@context":"https:\/\/schema.org","@graph":[{"@type":"WebPage","@id":"https:\/\/njallaclothing.com\/size-guide\/","url":"https:\/\/njallaclothing.com\/size-guide\/","name":"Size and care guide - NJ\u00c1LLA","isPartOf":{"@id":"https:\/\/njallaclothing.com\/#website"},"primaryImageOfPage":{"@id":"https:\/\/njallaclothing.com\/size-guide\/#primaryimage"},"image":{"@id":"https:\/\/njallaclothing.com\/size-guide\/#primaryimage"},"thumbnailUrl":"https:\/\/njallaclothing.com\/wp-content\/uploads\/2020\/05\/SIZECHART_NJALLA.png","datePublished":"2019-02-04T21:44:50+00:00","dateModified":"2020-09-01T09:26:03+00:00","description":"DREAM FIT & LIFELONG PRODUCT SIZE GUIDE Our goal is for you finding the dream fit size at once so that you\u00b4ll receive perfectly fitting products as soon","breadcrumb":{"@id":"https:\/\/njallaclothing.com\/size-guide\/#breadcrumb"},"inLanguage":"fi","potentialAction":[{"@type":"ReadAction","target":["https:\/\/njallaclothing.com\/size-guide\/"]}]},{"@type":"ImageObject","inLanguage":"fi","@id":"https:\/\/njallaclothing.com\/size-guide\/#primaryimage","url":"https:\/\/njallaclothing.com\/wp-content\/uploads\/2020\/05\/SIZECHART_NJALLA.png","contentUrl":"https:\/\/njallaclothing.com\/wp-content\/uploads\/2020\/05\/SIZECHART_NJALLA.png"},{"@type":"BreadcrumbList","@id":"https:\/\/njallaclothing.com\/size-guide\/#breadcrumb","itemListElement":[{"@type":"ListItem","position":1,"name":"Home","item":"https:\/\/njallaclothing.com\/"},{"@type":"ListItem","position":2,"name":"Size and care guide"}]},{"@type":"WebSite","@id":"https:\/\/njallaclothing.com\/#website","url":"https:\/\/njallaclothing.com\/","name":"NJ\u00c1LLA","description":"Sustainable yoga clothes from Finland with handmade art","publisher":{"@id":"https:\/\/njallaclothing.com\/#organization"},"potentialAction":[{"@type":"SearchAction","target":{"@type":"EntryPoint","urlTemplate":"https:\/\/njallaclothing.com\/?s={search_term_string}"},"query-input":{"@type":"PropertyValueSpecification","valueRequired":true,"valueName":"search_term_string"}}],"inLanguage":"fi"},{"@type":"Organization","@id":"https:\/\/njallaclothing.com\/#organization","name":"Nj\u00e1lla Clothing Oy","url":"https:\/\/njallaclothing.com\/","logo":{"@type":"ImageObject","inLanguage":"fi","@id":"https:\/\/njallaclothing.com\/#\/schema\/logo\/image\/","url":"https:\/\/njallaclothing.com\/wp-content\/uploads\/2018\/09\/4-va\u0308rillinen-perusversio.png","contentUrl":"https:\/\/njallaclothing.com\/wp-content\/uploads\/2018\/09\/4-va\u0308rillinen-perusversio.png","width":2451,"height":798,"caption":"Nj\u00e1lla Clothing Oy"},"image":{"@id":"https:\/\/njallaclothing.com\/#\/schema\/logo\/image\/"},"sameAs":["https:\/\/www.facebook.com\/njallaclothing\/","https:\/\/www.instagram.com\/njallaclothing\/"]}]}},"jetpack_sharing_enabled":true,"jetpack_shortlink":"https:\/\/wp.me\/Pai322-3s","_links":{"self":[{"href":"https:\/\/njallaclothing.com\/fi\/wp-json\/wp\/v2\/pages\/214","targetHints":{"allow":["GET"]}}],"collection":[{"href":"https:\/\/njallaclothing.com\/fi\/wp-json\/wp\/v2\/pages"}],"about":[{"href":"https:\/\/njallaclothing.com\/fi\/wp-json\/wp\/v2\/types\/page"}],"author":[{"embeddable":true,"href":"https:\/\/njallaclothing.com\/fi\/wp-json\/wp\/v2\/users\/1"}],"replies":[{"embeddable":true,"href":"https:\/\/njallaclothing.com\/fi\/wp-json\/wp\/v2\/comments?post=214"}],"version-history":[{"count":20,"href":"https:\/\/njallaclothing.com\/fi\/wp-json\/wp\/v2\/pages\/214\/revisions"}],"predecessor-version":[{"id":2423,"href":"https:\/\/njallaclothing.com\/fi\/wp-json\/wp\/v2\/pages\/214\/revisions\/2423"}],"wp:attachment":[{"href":"https:\/\/njallaclothing.com\/fi\/wp-json\/wp\/v2\/media?parent=214"}],"curies":[{"name":"wp","href":"https:\/\/api.w.org\/{rel}","templated":true}]}}