{"id":13,"date":"2019-04-09T07:39:00","date_gmt":"2019-04-09T07:39:00","guid":{"rendered":"https:\/\/njallaclothing.com\/?page_id=13"},"modified":"2022-03-29T19:10:46","modified_gmt":"2022-03-29T19:10:46","slug":"responsible-brand-from-finland","status":"publish","type":"page","link":"https:\/\/njallaclothing.com\/fi\/responsible-brand-from-finland\/","title":{"rendered":"Br\u00e4ndi"},"content":{"rendered":"<div data-elementor-type=\"wp-post\" data-elementor-id=\"13\" class=\"elementor elementor-13\" data-elementor-post-type=\"page\">\n\t\t\t\t\t\t<section class=\"elementor-section elementor-top-section elementor-element elementor-element-4a1bf88 elementor-section-height-min-height elementor-section-content-middle elementor-section-stretched elementor-section-boxed elementor-section-height-default elementor-section-items-middle\" data-id=\"4a1bf88\" data-element_type=\"section\" data-e-type=\"section\" data-settings=\"{&quot;stretch_section&quot;:&quot;section-stretched&quot;,&quot;background_background&quot;:&quot;classic&quot;}\">\n\t\t\t\t\t\t<div class=\"elementor-container elementor-column-gap-default\">\n\t\t\t\t\t<div class=\"elementor-column elementor-col-100 elementor-top-column elementor-element elementor-element-b7ea869\" data-id=\"b7ea869\" data-element_type=\"column\" data-e-type=\"column\">\n\t\t\t<div class=\"elementor-widget-wrap elementor-element-populated\">\n\t\t\t\t\t\t<div class=\"elementor-element elementor-element-5bd0614 elementor-widget elementor-widget-text-editor\" data-id=\"5bd0614\" data-element_type=\"widget\" data-e-type=\"widget\" data-widget_type=\"text-editor.default\">\n\t\t\t\t<div class=\"elementor-widget-container\">\n\t\t\t\t\t\t\t\t\t<p style=\"text-align: center;\">Pala taidetta pohjoisen luonnon inspiroimana.<\/p>\t\t\t\t\t\t\t\t<\/div>\n\t\t\t\t<\/div>\n\t\t\t\t\t<\/div>\n\t\t<\/div>\n\t\t\t\t\t<\/div>\n\t\t<\/section>\n\t\t\t\t<section class=\"elementor-section elementor-top-section elementor-element elementor-element-9114e2d elementor-section-boxed elementor-section-height-default elementor-section-height-default\" data-id=\"9114e2d\" data-element_type=\"section\" data-e-type=\"section\">\n\t\t\t\t\t\t<div class=\"elementor-container elementor-column-gap-default\">\n\t\t\t\t\t<div class=\"elementor-column elementor-col-33 elementor-top-column elementor-element elementor-element-2bf1c07\" data-id=\"2bf1c07\" data-element_type=\"column\" data-e-type=\"column\">\n\t\t\t<div class=\"elementor-widget-wrap\">\n\t\t\t\t\t\t\t<\/div>\n\t\t<\/div>\n\t\t\t\t<div class=\"elementor-column elementor-col-33 elementor-top-column elementor-element elementor-element-fae161e\" data-id=\"fae161e\" data-element_type=\"column\" data-e-type=\"column\">\n\t\t\t<div class=\"elementor-widget-wrap elementor-element-populated\">\n\t\t\t\t\t\t<div class=\"elementor-element elementor-element-b54ec53 elementor-widget elementor-widget-text-editor\" data-id=\"b54ec53\" data-element_type=\"widget\" data-e-type=\"widget\" data-widget_type=\"text-editor.default\">\n\t\t\t\t<div class=\"elementor-widget-container\">\n\t\t\t\t\t\t\t\t\t<h4>NJ\u00c1LLA &#8211; RESPONSIBLE BRAND FROM FINLAND<\/h4><p>Launched in 2018 in Finland with the desire to create unique beauty \u2013 sustainable, ethical &amp; comfortable yoga- and active wear with art inspired by the Nordic nature \u2013 Nj\u00e1lla, a responsible brand from Finland, was born.<\/p><h4><em>Taidetta pohjoisen luonnosta \u2013 pohjoinen tropiikkimme<\/em><\/h4><p>Inspiraation l\u00e4hteen\u00e4mme ovat pohjoisen karu, mutta kaunis luonto sek\u00e4 sen kyky selviyty\u00e4 ankarista olosuhteista kukoistaen kaikessa kauneudessaan. Pohjoisen lukuisissa kasveissa, kukissa ja puissa voi tarkemmin katsomalla huomata kuinka trooppiselta luontomme oikeastaan n\u00e4ytt\u00e4\u00e4k\u00e4\u00e4n. Nj\u00e1llan taiteellisten tuotteiden kautta haluamme v\u00e4litt\u00e4\u00e4 tuon kauneuden koko kirjon.<\/p><p>Tuotteidemme printit tehd\u00e4\u00e4n Suomessa maalatuista akvarellitaideteoksista, joiden inspiraationa on pohjoinen luonto. Jokainen tuote itsess\u00e4\u00e4n on siten \u201dpala taidetta pohjoisesta\u201d. Taidekuosit ovat Nj\u00e1llan omistuksessa ja siten tuotteet my\u00f6s uniikkeja. Tuotteet on suunniteltu yhdess\u00e4 suomalaisten jooga-ammattilaisten kanssa ja leikkauksissa on kiinnitetty erityisesti huomiota mukavuuteen niin ettei yksik\u00e4\u00e4n sauma purista tai haittaa harjoitusta tai keskittymist\u00e4 olennaiseen.<\/p><h4><em>Eettisesti valmistettuja ekologisia vaatteita<\/em><\/h4><p class=\" translation-block\">Kaikki k\u00e4ytt\u00e4m\u00e4mme materiaalit ovat tarkkaan valittuja ja ekologisia. Kierr\u00e4tysmateriaalit takaavat osaltaan vaatteen elinkaaren ekologisuuden ja tuotteen laatu varmistaa pitk\u00e4n k\u00e4ytt\u00f6i\u00e4n. Nj\u00e1llan edellytyksen\u00e4 on, ett\u00e4 vaatteiden valmistusprosessi on vastuullinen ja kest\u00e4\u00e4 kokonaisuudessaan eettisen tarkastelun. Lue lis\u00e4\u00e4 vastuullisuudestamme <a href=\"https:\/\/njallaclothing.com\/responsibility\/\" target=\"_self\">t\u00e4\u00e4lt\u00e4<\/a>.<\/p><h4><em>Ylpeydell\u00e4 arvojemme puolesta<\/em><\/h4><p>Luontoa ja el\u00e4imi\u00e4 kunnioittavana br\u00e4ndin\u00e4 ja yrityksen\u00e4 haluamme edist\u00e4\u00e4 ja osaltamme my\u00f6s puolesta puhua sek\u00e4 ajaa meille t\u00e4rkeit\u00e4 asioita kuten ilmastonmuutos, luonnonsuojelu ja el\u00e4inten oikeudet. Uskomme, ett\u00e4 pienill\u00e4 teoilla jokainen meist\u00e4 voi vaikuttaa n\u00e4ihin asioihin. Samanaikaisesti haluamme toimia esimerkkin\u00e4 muille yrityksille, rohkaisten ottamaan kantaa meille kaikille yhteisiin ja t\u00e4rkeisiin asioihin.<\/p><p>Me olemme huomisen kirjoittajat ja se mink\u00e4lainen huominen on, on meid\u00e4n kaikkien vastuullamme. K\u00e4ytet\u00e4\u00e4n viisaasti kyni\u00e4mme ja kirjoitetaan tulevasta kest\u00e4v\u00e4mpi ja muita huomioivampi tarina.<em> silver linings<\/em> on a journey with Nj\u00e1lla.<\/p><p>Rakkaudella Suomesta,<\/p>\t\t\t\t\t\t\t\t<\/div>\n\t\t\t\t<\/div>\n\t\t\t\t<div class=\"elementor-element elementor-element-39f24ec elementor-widget elementor-widget-image\" data-id=\"39f24ec\" data-element_type=\"widget\" data-e-type=\"widget\" data-widget_type=\"image.default\">\n\t\t\t\t<div class=\"elementor-widget-container\">\n\t\t\t\t\t\t\t\t\t\t\t\t\t\t\t<img decoding=\"async\" src=\"https:\/\/njallaclothing.com\/wp-content\/uploads\/2019\/02\/allekirjoitus-musta-01-100x100.png\" title=\"allekirjoitus musta-01\" alt=\"allekirjoitus musta-01\" loading=\"lazy\" \/>\t\t\t\t\t\t\t\t\t\t\t\t\t\t\t<\/div>\n\t\t\t\t<\/div>\n\t\t\t\t<div class=\"elementor-element elementor-element-c6a5c0a elementor-widget elementor-widget-text-editor\" data-id=\"c6a5c0a\" data-element_type=\"widget\" data-e-type=\"widget\" data-widget_type=\"text-editor.default\">\n\t\t\t\t<div class=\"elementor-widget-container\">\n\t\t\t\t\t\t\t\t\t<p>Write the story towards more sustainable future with us on <a href=\"https:\/\/www.facebook.com\/njallaclothing\/\">Facebook<\/a> and <a href=\"https:\/\/www.instagram.com\/njallaclothing\/\">Instagram<\/a>.\u00a0<\/p>\t\t\t\t\t\t\t\t<\/div>\n\t\t\t\t<\/div>\n\t\t\t\t\t<\/div>\n\t\t<\/div>\n\t\t\t\t<div class=\"elementor-column elementor-col-33 elementor-top-column elementor-element elementor-element-03821da\" data-id=\"03821da\" data-element_type=\"column\" data-e-type=\"column\">\n\t\t\t<div class=\"elementor-widget-wrap\">\n\t\t\t\t\t\t\t<\/div>\n\t\t<\/div>\n\t\t\t\t\t<\/div>\n\t\t<\/section>\n\t\t\t\t<section class=\"elementor-section elementor-top-section elementor-element elementor-element-9943f96 elementor-section-stretched elementor-section-full_width elementor-section-height-min-height elementor-section-height-default elementor-section-items-middle\" data-id=\"9943f96\" data-element_type=\"section\" data-e-type=\"section\" data-settings=\"{&quot;stretch_section&quot;:&quot;section-stretched&quot;,&quot;background_background&quot;:&quot;video&quot;,&quot;background_video_link&quot;:&quot;https:\\\/\\\/www.youtube.com\\\/watch?v=AtfVj3Ppi30&quot;}\">\n\t\t\t\t\t\t\t\t<div class=\"elementor-background-video-container elementor-hidden-mobile\">\n\t\t\t\t\t\t\t\t\t\t\t\t\t<div class=\"elementor-background-video-embed\" role=\"presentation\"><\/div>\n\t\t\t\t\t\t\t\t\t\t\t\t<\/div>\n\t\t\t\t\t\t\t\t<div class=\"elementor-container elementor-column-gap-default\">\n\t\t\t\t\t<div class=\"elementor-column elementor-col-33 elementor-top-column elementor-element elementor-element-6c0c103\" data-id=\"6c0c103\" data-element_type=\"column\" data-e-type=\"column\">\n\t\t\t<div class=\"elementor-widget-wrap\">\n\t\t\t\t\t\t\t<\/div>\n\t\t<\/div>\n\t\t\t\t<div class=\"elementor-column elementor-col-33 elementor-top-column elementor-element elementor-element-96c5e21\" data-id=\"96c5e21\" data-element_type=\"column\" data-e-type=\"column\">\n\t\t\t<div class=\"elementor-widget-wrap elementor-element-populated\">\n\t\t\t\t\t\t<div class=\"elementor-element elementor-element-b8485d3 elementor-widget elementor-widget-heading\" data-id=\"b8485d3\" data-element_type=\"widget\" data-e-type=\"widget\" data-widget_type=\"heading.default\">\n\t\t\t\t<div class=\"elementor-widget-container\">\n\t\t\t\t\t<h2 class=\"elementor-heading-title elementor-size-default\">Taidetta pohjoisen luonnosta \u2013 pohjoinen tropiikkimme<\/h2>\t\t\t\t<\/div>\n\t\t\t\t<\/div>\n\t\t\t\t\t<\/div>\n\t\t<\/div>\n\t\t\t\t<div class=\"elementor-column elementor-col-33 elementor-top-column elementor-element elementor-element-b86b1e8\" data-id=\"b86b1e8\" data-element_type=\"column\" data-e-type=\"column\">\n\t\t\t<div class=\"elementor-widget-wrap\">\n\t\t\t\t\t\t\t<\/div>\n\t\t<\/div>\n\t\t\t\t\t<\/div>\n\t\t<\/section>\n\t\t\t\t<\/div>","protected":false},"excerpt":{"rendered":"<p>Finnish brand reflecting Nordic nature through art. NJ\u00c1LLA &#8211; RESPONSIBLE BRAND FROM FINLAND Launched in 2018 in Finland with the desire to create unique beauty \u2013 sustainable, ethical &amp; comfortable yoga- and active wear with art inspired by the Nordic nature \u2013 Nj\u00e1lla, a responsible brand from Finland, was born. Creating art from the Nordic [&hellip;]<\/p>\n","protected":false},"author":1,"featured_media":1604,"parent":0,"menu_order":0,"comment_status":"closed","ping_status":"closed","template":"","meta":{"_mo_disable_npp":"","_monsterinsights_skip_tracking":false,"_monsterinsights_sitenote_active":false,"_monsterinsights_sitenote_note":"","_monsterinsights_sitenote_category":0,"ocean_post_layout":"full-screen","ocean_both_sidebars_style":"","ocean_both_sidebars_content_width":0,"ocean_both_sidebars_sidebars_width":0,"ocean_sidebar":"0","ocean_second_sidebar":"0","ocean_disable_margins":"enable","ocean_add_body_class":"","ocean_shortcode_before_top_bar":"","ocean_shortcode_after_top_bar":"","ocean_shortcode_before_header":"","ocean_shortcode_after_header":"","ocean_has_shortcode":"","ocean_shortcode_after_title":"","ocean_shortcode_before_footer_widgets":"","ocean_shortcode_after_footer_widgets":"","ocean_shortcode_before_footer_bottom":"","ocean_shortcode_after_footer_bottom":"","ocean_display_top_bar":"default","ocean_display_header":"default","ocean_header_style":"","ocean_center_header_left_menu":"0","ocean_custom_header_template":"0","ocean_custom_logo":0,"ocean_custom_retina_logo":0,"ocean_custom_logo_max_width":0,"ocean_custom_logo_tablet_max_width":0,"ocean_custom_logo_mobile_max_width":0,"ocean_custom_logo_max_height":0,"ocean_custom_logo_tablet_max_height":0,"ocean_custom_logo_mobile_max_height":0,"ocean_header_custom_menu":"0","ocean_menu_typo_font_family":"0","ocean_menu_typo_font_subset":"","ocean_menu_typo_font_size":0,"ocean_menu_typo_font_size_tablet":0,"ocean_menu_typo_font_size_mobile":0,"ocean_menu_typo_font_size_unit":"px","ocean_menu_typo_font_weight":"","ocean_menu_typo_font_weight_tablet":"","ocean_menu_typo_font_weight_mobile":"","ocean_menu_typo_transform":"","ocean_menu_typo_transform_tablet":"","ocean_menu_typo_transform_mobile":"","ocean_menu_typo_line_height":0,"ocean_menu_typo_line_height_tablet":0,"ocean_menu_typo_line_height_mobile":0,"ocean_menu_typo_line_height_unit":"","ocean_menu_typo_spacing":0,"ocean_menu_typo_spacing_tablet":0,"ocean_menu_typo_spacing_mobile":0,"ocean_menu_typo_spacing_unit":"","ocean_menu_link_color":"","ocean_menu_link_color_hover":"","ocean_menu_link_color_active":"","ocean_menu_link_background":"","ocean_menu_link_hover_background":"","ocean_menu_link_active_background":"","ocean_menu_social_links_bg":"","ocean_menu_social_hover_links_bg":"","ocean_menu_social_links_color":"","ocean_menu_social_hover_links_color":"","ocean_disable_title":"on","ocean_disable_heading":"default","ocean_post_title":"","ocean_post_subheading":"","ocean_post_title_style":"","ocean_post_title_background_color":"","ocean_post_title_background":0,"ocean_post_title_bg_image_position":"","ocean_post_title_bg_image_attachment":"","ocean_post_title_bg_image_repeat":"","ocean_post_title_bg_image_size":"","ocean_post_title_height":0,"ocean_post_title_bg_overlay":0.5,"ocean_post_title_bg_overlay_color":"","ocean_disable_breadcrumbs":"default","ocean_breadcrumbs_color":"","ocean_breadcrumbs_separator_color":"","ocean_breadcrumbs_links_color":"","ocean_breadcrumbs_links_hover_color":"","ocean_display_footer_widgets":"default","ocean_display_footer_bottom":"default","ocean_custom_footer_template":"0","jetpack_post_was_ever_published":false,"footnotes":""},"class_list":["post-13","page","type-page","status-publish","has-post-thumbnail","hentry","entry","has-media","owp-thumbs-layout-horizontal","owp-btn-normal","owp-tabs-layout-horizontal","has-no-thumbnails"],"yoast_head":"<!-- This site is optimized with the Yoast SEO plugin v27.4 - https:\/\/yoast.com\/product\/yoast-seo-wordpress\/ -->\n<title>Responsible yoga and active wear brand from Finland - NJ\u00c1LLA - Brand<\/title>\n<meta name=\"description\" content=\"Finnish brand reflecting Nordic nature through art. NJ\u00c1LLA - RESPONSIBLE BRAND FROM FINLAND Launched in 2018 in Finland with the desire to create unique\" \/>\n<meta name=\"robots\" content=\"index, follow, max-snippet:-1, max-image-preview:large, max-video-preview:-1\" \/>\n<link rel=\"canonical\" href=\"https:\/\/njallaclothing.com\/fi\/responsible-brand-from-finland\/\" \/>\n<meta property=\"og:locale\" content=\"fi_FI\" \/>\n<meta property=\"og:type\" content=\"article\" \/>\n<meta property=\"og:title\" content=\"Responsible yoga and active wear brand from Finland - NJ\u00c1LLA - Brand\" \/>\n<meta property=\"og:description\" content=\"Finnish brand reflecting Nordic nature through art. NJ\u00c1LLA - RESPONSIBLE BRAND FROM FINLAND Launched in 2018 in Finland with the desire to create unique\" \/>\n<meta property=\"og:url\" content=\"https:\/\/njallaclothing.com\/fi\/responsible-brand-from-finland\/\" \/>\n<meta property=\"og:site_name\" content=\"NJ\u00c1LLA\" \/>\n<meta property=\"article:publisher\" content=\"https:\/\/www.facebook.com\/njallaclothing\/\" \/>\n<meta property=\"article:modified_time\" content=\"2022-03-29T19:10:46+00:00\" \/>\n<meta property=\"og:image\" content=\"https:\/\/njallaclothing.com\/wp-content\/uploads\/2019\/10\/IMG_3479-e1570171799758.jpg\" \/>\n\t<meta property=\"og:image:width\" content=\"1920\" \/>\n\t<meta property=\"og:image:height\" content=\"1292\" \/>\n\t<meta property=\"og:image:type\" content=\"image\/jpeg\" \/>\n<meta name=\"twitter:label1\" content=\"Arvioitu lukuaika\" \/>\n\t<meta name=\"twitter:data1\" content=\"2 minuuttia\" \/>\n<script type=\"application\/ld+json\" class=\"yoast-schema-graph\">{\"@context\":\"https:\\\/\\\/schema.org\",\"@graph\":[{\"@type\":\"WebPage\",\"@id\":\"https:\\\/\\\/njallaclothing.com\\\/responsible-brand-from-finland\\\/\",\"url\":\"https:\\\/\\\/njallaclothing.com\\\/responsible-brand-from-finland\\\/\",\"name\":\"Responsible yoga and active wear brand from Finland - NJ\u00c1LLA - Brand\",\"isPartOf\":{\"@id\":\"https:\\\/\\\/njallaclothing.com\\\/#website\"},\"primaryImageOfPage\":{\"@id\":\"https:\\\/\\\/njallaclothing.com\\\/responsible-brand-from-finland\\\/#primaryimage\"},\"image\":{\"@id\":\"https:\\\/\\\/njallaclothing.com\\\/responsible-brand-from-finland\\\/#primaryimage\"},\"thumbnailUrl\":\"https:\\\/\\\/njallaclothing.com\\\/wp-content\\\/uploads\\\/2019\\\/10\\\/IMG_3479-e1570171799758.jpg\",\"datePublished\":\"2019-04-09T07:39:00+00:00\",\"dateModified\":\"2022-03-29T19:10:46+00:00\",\"description\":\"Finnish brand reflecting Nordic nature through art. NJ\u00c1LLA - RESPONSIBLE BRAND FROM FINLAND Launched in 2018 in Finland with the desire to create unique\",\"breadcrumb\":{\"@id\":\"https:\\\/\\\/njallaclothing.com\\\/responsible-brand-from-finland\\\/#breadcrumb\"},\"inLanguage\":\"fi\",\"potentialAction\":[{\"@type\":\"ReadAction\",\"target\":[\"https:\\\/\\\/njallaclothing.com\\\/responsible-brand-from-finland\\\/\"]}]},{\"@type\":\"ImageObject\",\"inLanguage\":\"fi\",\"@id\":\"https:\\\/\\\/njallaclothing.com\\\/responsible-brand-from-finland\\\/#primaryimage\",\"url\":\"https:\\\/\\\/njallaclothing.com\\\/wp-content\\\/uploads\\\/2019\\\/10\\\/IMG_3479-e1570171799758.jpg\",\"contentUrl\":\"https:\\\/\\\/njallaclothing.com\\\/wp-content\\\/uploads\\\/2019\\\/10\\\/IMG_3479-e1570171799758.jpg\",\"width\":1920,\"height\":1292,\"caption\":\"Responsible active wear brand from Finland\"},{\"@type\":\"BreadcrumbList\",\"@id\":\"https:\\\/\\\/njallaclothing.com\\\/responsible-brand-from-finland\\\/#breadcrumb\",\"itemListElement\":[{\"@type\":\"ListItem\",\"position\":1,\"name\":\"Home\",\"item\":\"https:\\\/\\\/njallaclothing.com\\\/\"},{\"@type\":\"ListItem\",\"position\":2,\"name\":\"Brand\"}]},{\"@type\":\"WebSite\",\"@id\":\"https:\\\/\\\/njallaclothing.com\\\/#website\",\"url\":\"https:\\\/\\\/njallaclothing.com\\\/\",\"name\":\"NJ\u00c1LLA\",\"description\":\"Sustainable yoga clothes from Finland with handmade art\",\"publisher\":{\"@id\":\"https:\\\/\\\/njallaclothing.com\\\/#organization\"},\"potentialAction\":[{\"@type\":\"SearchAction\",\"target\":{\"@type\":\"EntryPoint\",\"urlTemplate\":\"https:\\\/\\\/njallaclothing.com\\\/?s={search_term_string}\"},\"query-input\":{\"@type\":\"PropertyValueSpecification\",\"valueRequired\":true,\"valueName\":\"search_term_string\"}}],\"inLanguage\":\"fi\"},{\"@type\":\"Organization\",\"@id\":\"https:\\\/\\\/njallaclothing.com\\\/#organization\",\"name\":\"Nj\u00e1lla Clothing Oy\",\"url\":\"https:\\\/\\\/njallaclothing.com\\\/\",\"logo\":{\"@type\":\"ImageObject\",\"inLanguage\":\"fi\",\"@id\":\"https:\\\/\\\/njallaclothing.com\\\/#\\\/schema\\\/logo\\\/image\\\/\",\"url\":\"https:\\\/\\\/njallaclothing.com\\\/wp-content\\\/uploads\\\/2018\\\/09\\\/4-va\u0308rillinen-perusversio.png\",\"contentUrl\":\"https:\\\/\\\/njallaclothing.com\\\/wp-content\\\/uploads\\\/2018\\\/09\\\/4-va\u0308rillinen-perusversio.png\",\"width\":2451,\"height\":798,\"caption\":\"Nj\u00e1lla Clothing Oy\"},\"image\":{\"@id\":\"https:\\\/\\\/njallaclothing.com\\\/#\\\/schema\\\/logo\\\/image\\\/\"},\"sameAs\":[\"https:\\\/\\\/www.facebook.com\\\/njallaclothing\\\/\",\"https:\\\/\\\/www.instagram.com\\\/njallaclothing\\\/\"]}]}<\/script>\n<!-- \/ Yoast SEO plugin. -->","yoast_head_json":{"title":"Responsible yoga and active wear brand from Finland - NJ\u00c1LLA - Brand","description":"Finnish brand reflecting Nordic nature through art. NJ\u00c1LLA - RESPONSIBLE BRAND FROM FINLAND Launched in 2018 in Finland with the desire to create unique","robots":{"index":"index","follow":"follow","max-snippet":"max-snippet:-1","max-image-preview":"max-image-preview:large","max-video-preview":"max-video-preview:-1"},"canonical":"https:\/\/njallaclothing.com\/fi\/responsible-brand-from-finland\/","og_locale":"fi_FI","og_type":"article","og_title":"Responsible yoga and active wear brand from Finland - NJ\u00c1LLA - Brand","og_description":"Finnish brand reflecting Nordic nature through art. NJ\u00c1LLA - RESPONSIBLE BRAND FROM FINLAND Launched in 2018 in Finland with the desire to create unique","og_url":"https:\/\/njallaclothing.com\/fi\/responsible-brand-from-finland\/","og_site_name":"NJ\u00c1LLA","article_publisher":"https:\/\/www.facebook.com\/njallaclothing\/","article_modified_time":"2022-03-29T19:10:46+00:00","og_image":[{"width":1920,"height":1292,"url":"https:\/\/njallaclothing.com\/wp-content\/uploads\/2019\/10\/IMG_3479-e1570171799758.jpg","type":"image\/jpeg"}],"twitter_misc":{"Arvioitu lukuaika":"2 minuuttia"},"schema":{"@context":"https:\/\/schema.org","@graph":[{"@type":"WebPage","@id":"https:\/\/njallaclothing.com\/responsible-brand-from-finland\/","url":"https:\/\/njallaclothing.com\/responsible-brand-from-finland\/","name":"Responsible yoga and active wear brand from Finland - NJ\u00c1LLA - Brand","isPartOf":{"@id":"https:\/\/njallaclothing.com\/#website"},"primaryImageOfPage":{"@id":"https:\/\/njallaclothing.com\/responsible-brand-from-finland\/#primaryimage"},"image":{"@id":"https:\/\/njallaclothing.com\/responsible-brand-from-finland\/#primaryimage"},"thumbnailUrl":"https:\/\/njallaclothing.com\/wp-content\/uploads\/2019\/10\/IMG_3479-e1570171799758.jpg","datePublished":"2019-04-09T07:39:00+00:00","dateModified":"2022-03-29T19:10:46+00:00","description":"Finnish brand reflecting Nordic nature through art. NJ\u00c1LLA - RESPONSIBLE BRAND FROM FINLAND Launched in 2018 in Finland with the desire to create unique","breadcrumb":{"@id":"https:\/\/njallaclothing.com\/responsible-brand-from-finland\/#breadcrumb"},"inLanguage":"fi","potentialAction":[{"@type":"ReadAction","target":["https:\/\/njallaclothing.com\/responsible-brand-from-finland\/"]}]},{"@type":"ImageObject","inLanguage":"fi","@id":"https:\/\/njallaclothing.com\/responsible-brand-from-finland\/#primaryimage","url":"https:\/\/njallaclothing.com\/wp-content\/uploads\/2019\/10\/IMG_3479-e1570171799758.jpg","contentUrl":"https:\/\/njallaclothing.com\/wp-content\/uploads\/2019\/10\/IMG_3479-e1570171799758.jpg","width":1920,"height":1292,"caption":"Responsible active wear brand from Finland"},{"@type":"BreadcrumbList","@id":"https:\/\/njallaclothing.com\/responsible-brand-from-finland\/#breadcrumb","itemListElement":[{"@type":"ListItem","position":1,"name":"Home","item":"https:\/\/njallaclothing.com\/"},{"@type":"ListItem","position":2,"name":"Brand"}]},{"@type":"WebSite","@id":"https:\/\/njallaclothing.com\/#website","url":"https:\/\/njallaclothing.com\/","name":"NJ\u00c1LLA","description":"Sustainable yoga clothes from Finland with handmade art","publisher":{"@id":"https:\/\/njallaclothing.com\/#organization"},"potentialAction":[{"@type":"SearchAction","target":{"@type":"EntryPoint","urlTemplate":"https:\/\/njallaclothing.com\/?s={search_term_string}"},"query-input":{"@type":"PropertyValueSpecification","valueRequired":true,"valueName":"search_term_string"}}],"inLanguage":"fi"},{"@type":"Organization","@id":"https:\/\/njallaclothing.com\/#organization","name":"Nj\u00e1lla Clothing Oy","url":"https:\/\/njallaclothing.com\/","logo":{"@type":"ImageObject","inLanguage":"fi","@id":"https:\/\/njallaclothing.com\/#\/schema\/logo\/image\/","url":"https:\/\/njallaclothing.com\/wp-content\/uploads\/2018\/09\/4-va\u0308rillinen-perusversio.png","contentUrl":"https:\/\/njallaclothing.com\/wp-content\/uploads\/2018\/09\/4-va\u0308rillinen-perusversio.png","width":2451,"height":798,"caption":"Nj\u00e1lla Clothing Oy"},"image":{"@id":"https:\/\/njallaclothing.com\/#\/schema\/logo\/image\/"},"sameAs":["https:\/\/www.facebook.com\/njallaclothing\/","https:\/\/www.instagram.com\/njallaclothing\/"]}]}},"jetpack_sharing_enabled":true,"jetpack_shortlink":"https:\/\/wp.me\/Pai322-d","_links":{"self":[{"href":"https:\/\/njallaclothing.com\/fi\/wp-json\/wp\/v2\/pages\/13","targetHints":{"allow":["GET"]}}],"collection":[{"href":"https:\/\/njallaclothing.com\/fi\/wp-json\/wp\/v2\/pages"}],"about":[{"href":"https:\/\/njallaclothing.com\/fi\/wp-json\/wp\/v2\/types\/page"}],"author":[{"embeddable":true,"href":"https:\/\/njallaclothing.com\/fi\/wp-json\/wp\/v2\/users\/1"}],"replies":[{"embeddable":true,"href":"https:\/\/njallaclothing.com\/fi\/wp-json\/wp\/v2\/comments?post=13"}],"version-history":[{"count":78,"href":"https:\/\/njallaclothing.com\/fi\/wp-json\/wp\/v2\/pages\/13\/revisions"}],"predecessor-version":[{"id":3093,"href":"https:\/\/njallaclothing.com\/fi\/wp-json\/wp\/v2\/pages\/13\/revisions\/3093"}],"wp:featuredmedia":[{"embeddable":true,"href":"https:\/\/njallaclothing.com\/fi\/wp-json\/wp\/v2\/media\/1604"}],"wp:attachment":[{"href":"https:\/\/njallaclothing.com\/fi\/wp-json\/wp\/v2\/media?parent=13"}],"curies":[{"name":"wp","href":"https:\/\/api.w.org\/{rel}","templated":true}]}}