{"id":11,"date":"2018-09-13T19:53:44","date_gmt":"2018-09-13T19:53:44","guid":{"rendered":"https:\/\/njallaclothing.com\/?page_id=11"},"modified":"2022-03-29T19:10:46","modified_gmt":"2022-03-29T19:10:46","slug":"blog","status":"publish","type":"page","link":"https:\/\/njallaclothing.com\/fi\/blog\/","title":{"rendered":"Blog"},"content":{"rendered":"<div data-elementor-type=\"wp-post\" data-elementor-id=\"11\" class=\"elementor elementor-11\" data-elementor-post-type=\"page\">\n\t\t\t\t\t\t<section class=\"elementor-section elementor-top-section elementor-element elementor-element-ad9d80a elementor-section-stretched elementor-section-full_width elementor-section-height-full elementor-section-height-default elementor-section-items-middle\" data-id=\"ad9d80a\" data-element_type=\"section\" data-e-type=\"section\" data-settings=\"{&quot;stretch_section&quot;:&quot;section-stretched&quot;,&quot;background_background&quot;:&quot;classic&quot;}\">\n\t\t\t\t\t\t<div class=\"elementor-container elementor-column-gap-default\">\n\t\t\t\t\t<div class=\"elementor-column elementor-col-100 elementor-top-column elementor-element elementor-element-5204b34\" data-id=\"5204b34\" data-element_type=\"column\" data-e-type=\"column\">\n\t\t\t<div class=\"elementor-widget-wrap elementor-element-populated\">\n\t\t\t\t\t\t<div class=\"elementor-element elementor-element-bbe3104 elementor-invisible elementor-widget elementor-widget-heading\" data-id=\"bbe3104\" data-element_type=\"widget\" data-e-type=\"widget\" data-settings=\"{&quot;_animation&quot;:&quot;fadeInDown&quot;}\" data-widget_type=\"heading.default\">\n\t\t\t\t<div class=\"elementor-widget-container\">\n\t\t\t\t\t<h2 class=\"elementor-heading-title elementor-size-default\">BLOG BY NJ\u00c1LLA<\/h2>\t\t\t\t<\/div>\n\t\t\t\t<\/div>\n\t\t\t\t<div class=\"elementor-element elementor-element-b76ec32 elementor-invisible elementor-widget elementor-widget-text-editor\" data-id=\"b76ec32\" data-element_type=\"widget\" data-e-type=\"widget\" data-settings=\"{&quot;_animation&quot;:&quot;fadeInDown&quot;}\" data-widget_type=\"text-editor.default\">\n\t\t\t\t<div class=\"elementor-widget-container\">\n\t\t\t\t\t\t\t\t\t<p>INSPIRED BY HEALTH, WELLNESS, ART AND NATURE.<\/p>\t\t\t\t\t\t\t\t<\/div>\n\t\t\t\t<\/div>\n\t\t\t\t\t<\/div>\n\t\t<\/div>\n\t\t\t\t\t<\/div>\n\t\t<\/section>\n\t\t\t\t<section class=\"elementor-section elementor-top-section elementor-element elementor-element-62b724f elementor-section-boxed elementor-section-height-default elementor-section-height-default\" data-id=\"62b724f\" data-element_type=\"section\" data-e-type=\"section\">\n\t\t\t\t\t\t<div class=\"elementor-container elementor-column-gap-default\">\n\t\t\t\t\t<div class=\"elementor-column elementor-col-33 elementor-top-column elementor-element elementor-element-1f3db01\" data-id=\"1f3db01\" data-element_type=\"column\" data-e-type=\"column\">\n\t\t\t<div class=\"elementor-widget-wrap\">\n\t\t\t\t\t\t\t<\/div>\n\t\t<\/div>\n\t\t\t\t<div class=\"elementor-column elementor-col-33 elementor-top-column elementor-element elementor-element-c35ed97\" data-id=\"c35ed97\" data-element_type=\"column\" data-e-type=\"column\">\n\t\t\t<div class=\"elementor-widget-wrap elementor-element-populated\">\n\t\t\t\t\t\t<div class=\"elementor-element elementor-element-265798e elementor-widget elementor-widget-heading\" data-id=\"265798e\" data-element_type=\"widget\" data-e-type=\"widget\" data-widget_type=\"heading.default\">\n\t\t\t\t<div class=\"elementor-widget-container\">\n\t\t\t\t\t<h2 class=\"elementor-heading-title elementor-size-default\">BLOG BY NJ\u00c1LLA COMING SOON!<\/h2>\t\t\t\t<\/div>\n\t\t\t\t<\/div>\n\t\t\t\t<div class=\"elementor-element elementor-element-50019fc elementor-widget elementor-widget-text-editor\" data-id=\"50019fc\" data-element_type=\"widget\" data-e-type=\"widget\" data-widget_type=\"text-editor.default\">\n\t\t\t\t<div class=\"elementor-widget-container\">\n\t\t\t\t\t\t\t\t\t<p style=\"text-align: center;\">Are you inspired by health, wellness, art or nature? If you are interested in writing our blog, please <a href=\"https:\/\/njallaclothing.com\/contact-responsible-brand-from-finland\/\">contact us<\/a> and tell us your idea.<\/p><p style=\"text-align: center;\">Nj\u00e1lla blog will open soon! Stay tuned!\u00a0\u00a0<\/p>\t\t\t\t\t\t\t\t<\/div>\n\t\t\t\t<\/div>\n\t\t\t\t\t<\/div>\n\t\t<\/div>\n\t\t\t\t<div class=\"elementor-column elementor-col-33 elementor-top-column elementor-element elementor-element-92f6ca9\" data-id=\"92f6ca9\" data-element_type=\"column\" data-e-type=\"column\">\n\t\t\t<div class=\"elementor-widget-wrap\">\n\t\t\t\t\t\t\t<\/div>\n\t\t<\/div>\n\t\t\t\t\t<\/div>\n\t\t<\/section>\n\t\t\t\t<section class=\"elementor-section elementor-top-section elementor-element elementor-element-bfad66a elementor-section-stretched elementor-section-full_width elementor-section-height-full elementor-section-height-default elementor-section-items-middle\" data-id=\"bfad66a\" data-element_type=\"section\" data-e-type=\"section\" data-settings=\"{&quot;stretch_section&quot;:&quot;section-stretched&quot;,&quot;background_background&quot;:&quot;classic&quot;}\">\n\t\t\t\t\t\t<div class=\"elementor-container elementor-column-gap-default\">\n\t\t\t\t\t<div class=\"elementor-column elementor-col-100 elementor-top-column elementor-element elementor-element-3d88f01\" data-id=\"3d88f01\" data-element_type=\"column\" data-e-type=\"column\">\n\t\t\t<div class=\"elementor-widget-wrap elementor-element-populated\">\n\t\t\t\t\t\t<div class=\"elementor-element elementor-element-b023e20 elementor-widget elementor-widget-heading\" data-id=\"b023e20\" data-element_type=\"widget\" data-e-type=\"widget\" data-widget_type=\"heading.default\">\n\t\t\t\t<div class=\"elementor-widget-container\">\n\t\t\t\t\t<h2 class=\"elementor-heading-title elementor-size-default\">WEAR ART INSPIRED BY THE NORDIC NATURE.<\/h2>\t\t\t\t<\/div>\n\t\t\t\t<\/div>\n\t\t\t\t\t<\/div>\n\t\t<\/div>\n\t\t\t\t\t<\/div>\n\t\t<\/section>\n\t\t\t\t<\/div>","protected":false},"excerpt":{"rendered":"<p>BLOG BY NJ\u00c1LLA INSPIRED BY HEALTH, WELLNESS, ART AND NATURE. BLOG BY NJ\u00c1LLA COMING SOON! Are you inspired by health, wellness, art or nature? If you are interested in writing our blog, please contact us and tell us your idea. Nj\u00e1lla blog will open soon! Stay tuned!\u00a0\u00a0 WEAR ART INSPIRED BY THE NORDIC NATURE.<\/p>","protected":false},"author":1,"featured_media":0,"parent":0,"menu_order":0,"comment_status":"closed","ping_status":"closed","template":"","meta":{"_mo_disable_npp":"","_monsterinsights_skip_tracking":false,"_monsterinsights_sitenote_active":false,"_monsterinsights_sitenote_note":"","_monsterinsights_sitenote_category":0,"ocean_post_layout":"","ocean_both_sidebars_style":"","ocean_both_sidebars_content_width":0,"ocean_both_sidebars_sidebars_width":0,"ocean_sidebar":"0","ocean_second_sidebar":"0","ocean_disable_margins":"enable","ocean_add_body_class":"","ocean_shortcode_before_top_bar":"","ocean_shortcode_after_top_bar":"","ocean_shortcode_before_header":"","ocean_shortcode_after_header":"","ocean_has_shortcode":"","ocean_shortcode_after_title":"","ocean_shortcode_before_footer_widgets":"","ocean_shortcode_after_footer_widgets":"","ocean_shortcode_before_footer_bottom":"","ocean_shortcode_after_footer_bottom":"","ocean_display_top_bar":"default","ocean_display_header":"default","ocean_header_style":"","ocean_center_header_left_menu":"0","ocean_custom_header_template":"0","ocean_custom_logo":0,"ocean_custom_retina_logo":0,"ocean_custom_logo_max_width":0,"ocean_custom_logo_tablet_max_width":0,"ocean_custom_logo_mobile_max_width":0,"ocean_custom_logo_max_height":0,"ocean_custom_logo_tablet_max_height":0,"ocean_custom_logo_mobile_max_height":0,"ocean_header_custom_menu":"0","ocean_menu_typo_font_family":"0","ocean_menu_typo_font_subset":"","ocean_menu_typo_font_size":0,"ocean_menu_typo_font_size_tablet":0,"ocean_menu_typo_font_size_mobile":0,"ocean_menu_typo_font_size_unit":"px","ocean_menu_typo_font_weight":"","ocean_menu_typo_font_weight_tablet":"","ocean_menu_typo_font_weight_mobile":"","ocean_menu_typo_transform":"","ocean_menu_typo_transform_tablet":"","ocean_menu_typo_transform_mobile":"","ocean_menu_typo_line_height":0,"ocean_menu_typo_line_height_tablet":0,"ocean_menu_typo_line_height_mobile":0,"ocean_menu_typo_line_height_unit":"","ocean_menu_typo_spacing":0,"ocean_menu_typo_spacing_tablet":0,"ocean_menu_typo_spacing_mobile":0,"ocean_menu_typo_spacing_unit":"","ocean_menu_link_color":"","ocean_menu_link_color_hover":"","ocean_menu_link_color_active":"","ocean_menu_link_background":"","ocean_menu_link_hover_background":"","ocean_menu_link_active_background":"","ocean_menu_social_links_bg":"","ocean_menu_social_hover_links_bg":"","ocean_menu_social_links_color":"","ocean_menu_social_hover_links_color":"","ocean_disable_title":"on","ocean_disable_heading":"default","ocean_post_title":"","ocean_post_subheading":"","ocean_post_title_style":"","ocean_post_title_background_color":"","ocean_post_title_background":0,"ocean_post_title_bg_image_position":"","ocean_post_title_bg_image_attachment":"","ocean_post_title_bg_image_repeat":"","ocean_post_title_bg_image_size":"","ocean_post_title_height":0,"ocean_post_title_bg_overlay":0.5,"ocean_post_title_bg_overlay_color":"","ocean_disable_breadcrumbs":"default","ocean_breadcrumbs_color":"","ocean_breadcrumbs_separator_color":"","ocean_breadcrumbs_links_color":"","ocean_breadcrumbs_links_hover_color":"","ocean_display_footer_widgets":"default","ocean_display_footer_bottom":"default","ocean_custom_footer_template":"0","jetpack_post_was_ever_published":false,"footnotes":""},"class_list":["post-11","page","type-page","status-publish","hentry","entry","owp-thumbs-layout-horizontal","owp-btn-normal","owp-tabs-layout-horizontal","has-no-thumbnails"],"yoast_head":"<!-- This site is optimized with the Yoast SEO plugin v27.4 - https:\/\/yoast.com\/product\/yoast-seo-wordpress\/ -->\n<title>Blog - NJ\u00c1LLA<\/title>\n<meta name=\"description\" content=\"BLOG BY NJ\u00c1LLA INSPIRED BY HEALTH, WELLNESS, ART AND NATURE. BLOG BY NJ\u00c1LLA COMING SOON! Are you inspired by health, wellness, art or nature? If you are\" \/>\n<meta name=\"robots\" content=\"index, follow, max-snippet:-1, max-image-preview:large, max-video-preview:-1\" \/>\n<link rel=\"canonical\" href=\"https:\/\/njallaclothing.com\/fi\/blog\/\" \/>\n<meta property=\"og:locale\" content=\"fi_FI\" \/>\n<meta property=\"og:type\" content=\"article\" \/>\n<meta property=\"og:title\" content=\"Blog - NJ\u00c1LLA\" \/>\n<meta property=\"og:description\" content=\"BLOG BY NJ\u00c1LLA INSPIRED BY HEALTH, WELLNESS, ART AND NATURE. BLOG BY NJ\u00c1LLA COMING SOON! Are you inspired by health, wellness, art or nature? If you are\" \/>\n<meta property=\"og:url\" content=\"https:\/\/njallaclothing.com\/fi\/blog\/\" \/>\n<meta property=\"og:site_name\" content=\"NJ\u00c1LLA\" \/>\n<meta property=\"article:publisher\" content=\"https:\/\/www.facebook.com\/njallaclothing\/\" \/>\n<meta property=\"article:modified_time\" content=\"2022-03-29T19:10:46+00:00\" \/>\n<script type=\"application\/ld+json\" class=\"yoast-schema-graph\">{\"@context\":\"https:\\\/\\\/schema.org\",\"@graph\":[{\"@type\":\"WebPage\",\"@id\":\"https:\\\/\\\/njallaclothing.com\\\/blog\\\/\",\"url\":\"https:\\\/\\\/njallaclothing.com\\\/blog\\\/\",\"name\":\"Blog - NJ\u00c1LLA\",\"isPartOf\":{\"@id\":\"https:\\\/\\\/njallaclothing.com\\\/#website\"},\"datePublished\":\"2018-09-13T19:53:44+00:00\",\"dateModified\":\"2022-03-29T19:10:46+00:00\",\"description\":\"BLOG BY NJ\u00c1LLA INSPIRED BY HEALTH, WELLNESS, ART AND NATURE. BLOG BY NJ\u00c1LLA COMING SOON! Are you inspired by health, wellness, art or nature? If you are\",\"breadcrumb\":{\"@id\":\"https:\\\/\\\/njallaclothing.com\\\/blog\\\/#breadcrumb\"},\"inLanguage\":\"fi\",\"potentialAction\":[{\"@type\":\"ReadAction\",\"target\":[\"https:\\\/\\\/njallaclothing.com\\\/blog\\\/\"]}]},{\"@type\":\"BreadcrumbList\",\"@id\":\"https:\\\/\\\/njallaclothing.com\\\/blog\\\/#breadcrumb\",\"itemListElement\":[{\"@type\":\"ListItem\",\"position\":1,\"name\":\"Home\",\"item\":\"https:\\\/\\\/njallaclothing.com\\\/\"},{\"@type\":\"ListItem\",\"position\":2,\"name\":\"Blog\"}]},{\"@type\":\"WebSite\",\"@id\":\"https:\\\/\\\/njallaclothing.com\\\/#website\",\"url\":\"https:\\\/\\\/njallaclothing.com\\\/\",\"name\":\"NJ\u00c1LLA\",\"description\":\"Sustainable yoga clothes from Finland with handmade art\",\"publisher\":{\"@id\":\"https:\\\/\\\/njallaclothing.com\\\/#organization\"},\"potentialAction\":[{\"@type\":\"SearchAction\",\"target\":{\"@type\":\"EntryPoint\",\"urlTemplate\":\"https:\\\/\\\/njallaclothing.com\\\/?s={search_term_string}\"},\"query-input\":{\"@type\":\"PropertyValueSpecification\",\"valueRequired\":true,\"valueName\":\"search_term_string\"}}],\"inLanguage\":\"fi\"},{\"@type\":\"Organization\",\"@id\":\"https:\\\/\\\/njallaclothing.com\\\/#organization\",\"name\":\"Nj\u00e1lla Clothing Oy\",\"url\":\"https:\\\/\\\/njallaclothing.com\\\/\",\"logo\":{\"@type\":\"ImageObject\",\"inLanguage\":\"fi\",\"@id\":\"https:\\\/\\\/njallaclothing.com\\\/#\\\/schema\\\/logo\\\/image\\\/\",\"url\":\"https:\\\/\\\/njallaclothing.com\\\/wp-content\\\/uploads\\\/2018\\\/09\\\/4-va\u0308rillinen-perusversio.png\",\"contentUrl\":\"https:\\\/\\\/njallaclothing.com\\\/wp-content\\\/uploads\\\/2018\\\/09\\\/4-va\u0308rillinen-perusversio.png\",\"width\":2451,\"height\":798,\"caption\":\"Nj\u00e1lla Clothing Oy\"},\"image\":{\"@id\":\"https:\\\/\\\/njallaclothing.com\\\/#\\\/schema\\\/logo\\\/image\\\/\"},\"sameAs\":[\"https:\\\/\\\/www.facebook.com\\\/njallaclothing\\\/\",\"https:\\\/\\\/www.instagram.com\\\/njallaclothing\\\/\"]}]}<\/script>\n<!-- \/ Yoast SEO plugin. -->","yoast_head_json":{"title":"Blog - NJ\u00c1LLA","description":"BLOG BY NJ\u00c1LLA INSPIRED BY HEALTH, WELLNESS, ART AND NATURE. BLOG BY NJ\u00c1LLA COMING SOON! Are you inspired by health, wellness, art or nature? If you are","robots":{"index":"index","follow":"follow","max-snippet":"max-snippet:-1","max-image-preview":"max-image-preview:large","max-video-preview":"max-video-preview:-1"},"canonical":"https:\/\/njallaclothing.com\/fi\/blog\/","og_locale":"fi_FI","og_type":"article","og_title":"Blog - NJ\u00c1LLA","og_description":"BLOG BY NJ\u00c1LLA INSPIRED BY HEALTH, WELLNESS, ART AND NATURE. BLOG BY NJ\u00c1LLA COMING SOON! Are you inspired by health, wellness, art or nature? If you are","og_url":"https:\/\/njallaclothing.com\/fi\/blog\/","og_site_name":"NJ\u00c1LLA","article_publisher":"https:\/\/www.facebook.com\/njallaclothing\/","article_modified_time":"2022-03-29T19:10:46+00:00","schema":{"@context":"https:\/\/schema.org","@graph":[{"@type":"WebPage","@id":"https:\/\/njallaclothing.com\/blog\/","url":"https:\/\/njallaclothing.com\/blog\/","name":"Blog - NJ\u00c1LLA","isPartOf":{"@id":"https:\/\/njallaclothing.com\/#website"},"datePublished":"2018-09-13T19:53:44+00:00","dateModified":"2022-03-29T19:10:46+00:00","description":"BLOG BY NJ\u00c1LLA INSPIRED BY HEALTH, WELLNESS, ART AND NATURE. BLOG BY NJ\u00c1LLA COMING SOON! Are you inspired by health, wellness, art or nature? If you are","breadcrumb":{"@id":"https:\/\/njallaclothing.com\/blog\/#breadcrumb"},"inLanguage":"fi","potentialAction":[{"@type":"ReadAction","target":["https:\/\/njallaclothing.com\/blog\/"]}]},{"@type":"BreadcrumbList","@id":"https:\/\/njallaclothing.com\/blog\/#breadcrumb","itemListElement":[{"@type":"ListItem","position":1,"name":"Home","item":"https:\/\/njallaclothing.com\/"},{"@type":"ListItem","position":2,"name":"Blog"}]},{"@type":"WebSite","@id":"https:\/\/njallaclothing.com\/#website","url":"https:\/\/njallaclothing.com\/","name":"NJ\u00c1LLA","description":"Sustainable yoga clothes from Finland with handmade art","publisher":{"@id":"https:\/\/njallaclothing.com\/#organization"},"potentialAction":[{"@type":"SearchAction","target":{"@type":"EntryPoint","urlTemplate":"https:\/\/njallaclothing.com\/?s={search_term_string}"},"query-input":{"@type":"PropertyValueSpecification","valueRequired":true,"valueName":"search_term_string"}}],"inLanguage":"fi"},{"@type":"Organization","@id":"https:\/\/njallaclothing.com\/#organization","name":"Nj\u00e1lla Clothing Oy","url":"https:\/\/njallaclothing.com\/","logo":{"@type":"ImageObject","inLanguage":"fi","@id":"https:\/\/njallaclothing.com\/#\/schema\/logo\/image\/","url":"https:\/\/njallaclothing.com\/wp-content\/uploads\/2018\/09\/4-va\u0308rillinen-perusversio.png","contentUrl":"https:\/\/njallaclothing.com\/wp-content\/uploads\/2018\/09\/4-va\u0308rillinen-perusversio.png","width":2451,"height":798,"caption":"Nj\u00e1lla Clothing Oy"},"image":{"@id":"https:\/\/njallaclothing.com\/#\/schema\/logo\/image\/"},"sameAs":["https:\/\/www.facebook.com\/njallaclothing\/","https:\/\/www.instagram.com\/njallaclothing\/"]}]}},"jetpack_sharing_enabled":true,"jetpack_shortlink":"https:\/\/wp.me\/Pai322-b","_links":{"self":[{"href":"https:\/\/njallaclothing.com\/fi\/wp-json\/wp\/v2\/pages\/11","targetHints":{"allow":["GET"]}}],"collection":[{"href":"https:\/\/njallaclothing.com\/fi\/wp-json\/wp\/v2\/pages"}],"about":[{"href":"https:\/\/njallaclothing.com\/fi\/wp-json\/wp\/v2\/types\/page"}],"author":[{"embeddable":true,"href":"https:\/\/njallaclothing.com\/fi\/wp-json\/wp\/v2\/users\/1"}],"replies":[{"embeddable":true,"href":"https:\/\/njallaclothing.com\/fi\/wp-json\/wp\/v2\/comments?post=11"}],"version-history":[{"count":6,"href":"https:\/\/njallaclothing.com\/fi\/wp-json\/wp\/v2\/pages\/11\/revisions"}],"predecessor-version":[{"id":2203,"href":"https:\/\/njallaclothing.com\/fi\/wp-json\/wp\/v2\/pages\/11\/revisions\/2203"}],"wp:attachment":[{"href":"https:\/\/njallaclothing.com\/fi\/wp-json\/wp\/v2\/media?parent=11"}],"curies":[{"name":"wp","href":"https:\/\/api.w.org\/{rel}","templated":true}]}}